{"id":33384,"date":"2024-05-21T10:10:00","date_gmt":"2024-05-21T10:10:00","guid":{"rendered":"https:\/\/toyzler.com.tr\/?post_type=product&#038;p=33384"},"modified":"2024-05-21T10:31:40","modified_gmt":"2024-05-21T10:31:40","slug":"toyzler-tally","status":"publish","type":"product","link":"https:\/\/toyzler.com\/tr\/urun\/toyzler-tally\/","title":{"rendered":"Toyzler Tally"},"content":{"rendered":"<div class=\"wpb-content-wrapper\"><p>[vc_row][vc_column][vc_empty_space height=&#8221;40px&#8221;][\/vc_column][\/vc_row][vc_row][vc_column width=&#8221;1\/5&#8243;][vc_row_inner][vc_column_inner width=&#8221;1\/3&#8243;][\/vc_column_inner][vc_column_inner width=&#8221;1\/3&#8243;][mvc_ihe border_width=&#8221;&#8221; hover_effect=&#8221;circle effect2 right_to_left&#8221; image_id=&#8221;33194&#8243; caption_url=&#8221;url:%23ttd&#8221;][\/mvc_ihe][\/vc_column_inner][vc_column_inner width=&#8221;1\/3&#8243;][\/vc_column_inner][\/vc_row_inner][vc_empty_space height=&#8221;30px&#8221;][vc_column_text css=&#8221;.vc_custom_1662469342623{margin-top: -11px !important;}&#8221; el_class=&#8221;click-dogallik&#8221;]<\/p>\n<h5 style=\"text-align: center;\"><strong>Do\u011fall\u0131k<\/strong><\/h5>\n<p>[\/vc_column_text][\/vc_column][vc_column width=&#8221;1\/5&#8243;][vc_row_inner][vc_column_inner width=&#8221;1\/3&#8243;][\/vc_column_inner][vc_column_inner width=&#8221;1\/3&#8243;][mvc_ihe border_width=&#8221;&#8221; hover_effect=&#8221;circle effect2 right_to_left&#8221; image_id=&#8221;33196&#8243; caption_url=&#8221;url:%23ttg&#8221;][\/mvc_ihe][\/vc_column_inner][vc_column_inner width=&#8221;1\/3&#8243;][\/vc_column_inner][\/vc_row_inner][vc_empty_space height=&#8221;30px&#8221;][vc_column_text css=&#8221;.vc_custom_1662469360050{margin-top: -11px !important;}&#8221; el_class=&#8221;click-guvenlik&#8221;]<\/p>\n<h5 style=\"text-align: center;\"><strong>G\u00fcvenlik<\/strong><\/h5>\n<p>[\/vc_column_text][\/vc_column][vc_column width=&#8221;1\/5&#8243;][vc_row_inner][vc_column_inner width=&#8221;1\/3&#8243;][\/vc_column_inner][vc_column_inner width=&#8221;1\/3&#8243;][mvc_ihe border_width=&#8221;&#8221; hover_effect=&#8221;circle effect2 right_to_left&#8221; image_id=&#8221;33193&#8243; caption_url=&#8221;url:%23tte&#8221;][\/mvc_ihe][\/vc_column_inner][vc_column_inner width=&#8221;1\/3&#8243;][\/vc_column_inner][\/vc_row_inner][vc_empty_space height=&#8221;30px&#8221;][vc_column_text css=&#8221;.vc_custom_1662469368739{margin-top: -11px !important;}&#8221; el_class=&#8221;click-egiticilik&#8221;]<\/p>\n<h5 style=\"text-align: center;\"><strong>E\u011fiticilik<\/strong><\/h5>\n<p>[\/vc_column_text][\/vc_column][vc_column width=&#8221;1\/5&#8243;][vc_row_inner][vc_column_inner width=&#8221;1\/3&#8243;][\/vc_column_inner][vc_column_inner width=&#8221;1\/3&#8243;][mvc_ihe border_width=&#8221;&#8221; hover_effect=&#8221;circle effect2 right_to_left&#8221; image_id=&#8221;33195&#8243; caption_url=&#8221;url:%23tts&#8221;][\/mvc_ihe][\/vc_column_inner][vc_column_inner width=&#8221;1\/3&#8243;][\/vc_column_inner][\/vc_row_inner][vc_empty_space height=&#8221;30px&#8221;][vc_column_text css=&#8221;.vc_custom_1662469376301{margin-top: -11px !important;}&#8221; el_class=&#8221;click-surdurulebilirlik&#8221;]<\/p>\n<h5 style=\"text-align: center;\"><strong>S\u00fcrd\u00fcr\u00fclebilirlik<\/strong><\/h5>\n<p>[\/vc_column_text][\/vc_column][vc_column width=&#8221;1\/5&#8243;][vc_row_inner][vc_column_inner width=&#8221;1\/3&#8243;][\/vc_column_inner][vc_column_inner width=&#8221;1\/3&#8243;][mvc_ihe border_width=&#8221;&#8221; hover_effect=&#8221;circle effect2 right_to_left&#8221; image_id=&#8221;33485&#8243; caption_url=&#8221;url:%23tto&#8221;][\/mvc_ihe][\/vc_column_inner][vc_column_inner width=&#8221;1\/3&#8243;][\/vc_column_inner][\/vc_row_inner][vc_empty_space height=&#8221;30px&#8221;][vc_column_text css=&#8221;.vc_custom_1662469382508{margin-top: -11px !important;}&#8221; el_class=&#8221;click-ozellik-tablosu&#8221;]<\/p>\n<h5 style=\"text-align: center;\"><strong>\u00d6zellik Tablosu<\/strong><\/h5>\n<p>[\/vc_column_text][\/vc_column][\/vc_row][vc_row][vc_column][\/vc_column][\/vc_row][vc_row][vc_column][vc_empty_space height=&#8221;40px&#8221;][vc_column_text]<\/p>\n<p style=\"text-align: center;\"><strong>Toyzler Tally<\/strong> Nedir?<\/p>\n<p style=\"text-align: center;\"><strong>Toyzler Tally<\/strong>, e\u011fitim bilimleri ara\u015ft\u0131rmalar\u0131nda ortaya \u00e7\u0131kan \u00f6nerilerden yola \u00e7\u0131karak dizayn edilen bir <strong>boy \u00f6l\u00e7er<\/strong> tasar\u0131m\u0131d\u0131r. G\u00fcvenli dizayn\u0131 ve s\u00fcrd\u00fcr\u00fclebilir malzemeleriyle \u00e7ocuk geli\u015fimi ilkelerine entegre edilerek planlanm\u0131\u015ft\u0131r.<\/p>\n<p style=\"text-align: center;\"><strong>Toyzler Tally<\/strong> \u00e7ocuklar\u0131n ve ebeveynlerin \u00e7ocuklar\u0131n boylar\u0131n\u0131 ve boylar\u0131ndaki geli\u015fimini takip etmek i\u00e7in dizayn edilmi\u015ftir. \u00c7ocuklar\u0131n boylar\u0131n\u0131n son hali bayrak g\u00f6sterge ile i\u015faretlenebilirken, eski \u00f6l\u00e7\u00fcmler de \u00e7izilerek not tutulabilmektedir. Ah\u015fap, yaz\u0131labilir yap\u0131 sayesinde <strong>boy \u00f6l\u00e7me tahtas\u0131<\/strong> zeminine aylar ya da y\u0131llar belirtilebilir ya da \u00f6zg\u00fcr bir \u015fekilde boyama yap\u0131labilir.<\/p>\n<p style=\"text-align: center;\"><strong>Toyzler Tally<\/strong>, Montessori ilkelerinden yola \u00e7\u0131k\u0131larak tasarlanm\u0131\u015f olup \u00e7ocu\u011fun ba\u011f\u0131ms\u0131zl\u0131k duygusu ve yarat\u0131c\u0131l\u0131\u011f\u0131na destek olur. Bunun yan\u0131nda, b\u00fcy\u00fckl\u00fck- k\u00fc\u00e7\u00fckl\u00fck gibi belli kavramlar\u0131 anlamas\u0131n\u0131 sa\u011flar.<\/p>\n<p style=\"text-align: center;\"><strong>Toyzler Tally \u00e7ocuklara hangi konularda yard\u0131mc\u0131 olur?<\/strong><\/p>\n<p style=\"text-align: center;\">-\u00c7ocuklar\u0131n beden alg\u0131lar\u0131n\u0131n geli\u015fmesine,<\/p>\n<p style=\"text-align: center;\">-K\u00fc\u00e7\u00fckl\u00fck- b\u00fcy\u00fckl\u00fck a\u00e7\u0131s\u0131ndan kar\u015f\u0131la\u015ft\u0131rma kavramlar\u0131n\u0131 i\u00e7selle\u015ftirmesine,<\/p>\n<p style=\"text-align: center;\">-Sa\u011fl\u0131kl\u0131 ya\u015fam ve hareketlilik i\u00e7in motivasyon sa\u011flamaya,<\/p>\n<p style=\"text-align: center;\">-Yarat\u0131c\u0131l\u0131k yeteneklerini geli\u015ftirmeye yard\u0131mc\u0131 olur.<\/p>\n<p style=\"text-align: center;\"><strong>Peki bunu nas\u0131l yapar?<\/strong><\/p>\n<p style=\"text-align: center;\"><strong>Toyzler Tally<\/strong><\/p>\n<p style=\"text-align: center;\"><strong>\u00c7ocuklar i\u00e7in boy \u00f6l\u00e7er<\/strong> kullanmak \u00e7ocuk geli\u015fimi ara\u015ft\u0131rmalar\u0131nda \u00f6nerilmektedir. <strong>Toyzler Tally<\/strong>, \u00e7ocu\u011fun farkl\u0131 geli\u015fim a\u015famalar\u0131na kendisinin \u015fahit olmas\u0131 a\u00e7\u0131s\u0131ndan olduk\u00e7a faydal\u0131d\u0131r. \u00c7ocuk bu yolla bedensel fark\u0131ndal\u0131\u011f\u0131n\u0131 artt\u0131rmaktad\u0131r.<\/p>\n<p style=\"text-align: center;\">Geli\u015fimi takip eden \u00e7ocuk, zamanla uzad\u0131\u011f\u0131n\u0131 g\u00f6r\u00fcr ve yeti\u015fkin olmaya dair imgesi g\u00fc\u00e7lenir. Yeti\u015fkinlik imgesi, \u00e7ocuklarda ba\u011f\u0131ms\u0131zl\u0131k hissini desteklemektedir. Bu nedenle \u00e7ocu\u011fun \u00f6zg\u00fcvenini ve ba\u011f\u0131ms\u0131zl\u0131\u011f\u0131n\u0131 g\u00fc\u00e7lendirici bir y\u00f6n\u00fc bulunmaktad\u0131r. Bunun yan\u0131 s\u0131ra, hareket ve sa\u011fl\u0131kl\u0131 hayat ve uzama aras\u0131nda ba\u011f kurulursa, \u00e7ocuk sa\u011fl\u0131kl\u0131 ya\u015fama ve hareket etme konusunda motivasyona da sahip olur.<\/p>\n<p style=\"text-align: center;\">Boy \u00f6l\u00e7\u00fcm\u00fcn\u00fc takip eden ebeveyn ise, \u00e7ocu\u011fun yaln\u0131zca uzunlu\u011fu ile de\u011fil, ola\u011fan geli\u015fimi ile de ilgilenmektedir. Bilimsel ara\u015ft\u0131rmalar\u0131n kan\u0131tlad\u0131\u011f\u0131 gibi, uzaman\u0131n bir\u00e7ok sa\u011fl\u0131k sorunu ile yak\u0131ndan ilgisi bulunmaktad\u0131r.<\/p>\n<p style=\"text-align: center;\"><strong>Se\u00e7enekler<\/strong><\/p>\n<p style=\"text-align: center;\"><strong>Toyzler Tally -\u015eato<\/strong><\/p>\n<p style=\"text-align: center;\"><strong>Toyzler Tally- Kule <\/strong><\/p>\n<p>[\/vc_column_text][\/vc_column][\/vc_row][vc_row][vc_column][vc_column_text][\/vc_column_text][\/vc_column][\/vc_row]<\/p>\n<\/div>","protected":false},"excerpt":{"rendered":"<p><strong>Toyzler<\/strong> <strong>Tally<\/strong>, g\u00fcc\u00fcn\u00fc \u00e7ocuk geli\u015fimi \u00e7al\u0131\u015fmalar\u0131ndan alan tasar\u0131m\u0131n\u0131, do\u011fal ve s\u00fcrd\u00fcr\u00fclebilir malzemelerle birle\u015ftiriyor. <strong>Boy cetveli<\/strong> kullanmak hem \u00e7ocuklar\u0131n sa\u011fl\u0131\u011f\u0131n\u0131 takip edebilmek i\u00e7in hem de \u00e7ocu\u011fun beden fark\u0131ndal\u0131\u011f\u0131 a\u00e7\u0131s\u0131ndan \u00f6nerilmektedir.<\/p>\n<p><strong>Toyzler Tally<\/strong> bir\u00e7ok \u00e7ocu\u011fun evine konuk olan hem duvar dekoru olarak kullan\u0131lan hem de \u00e7ocu\u011fun geli\u015fimini takip edebilmeyi sa\u011flayan bir ara\u00e7t\u0131r. K\u0131rm\u0131z\u0131 bayrak g\u00f6stergesi ile \u00e7ocuklar\u0131n bayra\u011f\u0131 daha yukar\u0131 \u00e7ekmelerini sab\u0131rs\u0131zl\u0131kla izlemek ister misiniz?<\/p>\n<p><strong>Toyzler Tally<\/strong> t\u00fcm di\u011fer <strong>Toyzler \u00fcr\u00fcnleri<\/strong> gibi, \u00e7ocuk dostu malzeme ve tasar\u0131m\u0131n\u0131n yan\u0131nda, kalitesi ve yarat\u0131c\u0131l\u0131\u011fa izin veren yaz\u0131 alan\u0131 ile farkl\u0131 ve i\u015flevsel bir \u00fcr\u00fcn sunuyor.<\/p>\n<p>Temel ilkeleri do\u011fall\u0131k, g\u00fcvenlik, s\u00fcrd\u00fcr\u00fclebilirlik ve e\u011fiticilik olan <strong>Toyzler Tally<\/strong> ile detayl\u0131 bir \u015fekilde tan\u0131\u015fmaya haz\u0131r m\u0131s\u0131n\u0131z?<\/p>\n","protected":false},"featured_media":33478,"template":"","meta":[],"product_brand":[],"product_cat":[61],"product_tag":[],"class_list":{"0":"post-33384","1":"product","2":"type-product","3":"status-publish","4":"has-post-thumbnail","6":"product_cat-dekorasyon","8":"first","9":"instock","10":"taxable","11":"shipping-taxable","12":"purchasable","13":"product-type-variable"},"_links":{"self":[{"href":"https:\/\/toyzler.com\/tr\/wp-json\/wp\/v2\/product\/33384","targetHints":{"allow":["GET"]}}],"collection":[{"href":"https:\/\/toyzler.com\/tr\/wp-json\/wp\/v2\/product"}],"about":[{"href":"https:\/\/toyzler.com\/tr\/wp-json\/wp\/v2\/types\/product"}],"wp:featuredmedia":[{"embeddable":true,"href":"https:\/\/toyzler.com\/tr\/wp-json\/wp\/v2\/media\/33478"}],"wp:attachment":[{"href":"https:\/\/toyzler.com\/tr\/wp-json\/wp\/v2\/media?parent=33384"}],"wp:term":[{"taxonomy":"product_brand","embeddable":true,"href":"https:\/\/toyzler.com\/tr\/wp-json\/wp\/v2\/product_brand?post=33384"},{"taxonomy":"product_cat","embeddable":true,"href":"https:\/\/toyzler.com\/tr\/wp-json\/wp\/v2\/product_cat?post=33384"},{"taxonomy":"product_tag","embeddable":true,"href":"https:\/\/toyzler.com\/tr\/wp-json\/wp\/v2\/product_tag?post=33384"}],"curies":[{"name":"wp","href":"https:\/\/api.w.org\/{rel}","templated":true}]}}