{"id":33382,"date":"2024-05-21T10:09:59","date_gmt":"2024-05-21T10:09:59","guid":{"rendered":"https:\/\/toyzler.com.tr\/?post_type=product&#038;p=33382"},"modified":"2024-05-22T11:21:46","modified_gmt":"2024-05-22T11:21:46","slug":"pikler-rampasi","status":"publish","type":"product","link":"https:\/\/toyzler.com\/tr\/urun\/pikler-rampasi\/","title":{"rendered":"Pikler Rampas\u0131"},"content":{"rendered":"<div class=\"wpb-content-wrapper\"><p>[vc_row][vc_column][vc_empty_space height=&#8221;40px&#8221;][\/vc_column][\/vc_row][vc_row][vc_column width=&#8221;1\/5&#8243;][vc_row_inner][vc_column_inner width=&#8221;1\/3&#8243;][\/vc_column_inner][vc_column_inner width=&#8221;1\/3&#8243;][mvc_ihe border_width=&#8221;&#8221; hover_effect=&#8221;circle effect2 right_to_left&#8221; image_id=&#8221;33194&#8243; caption_url=&#8221;url:%23tprd&#8221;][\/mvc_ihe][\/vc_column_inner][vc_column_inner width=&#8221;1\/3&#8243;][\/vc_column_inner][\/vc_row_inner][vc_empty_space height=&#8221;30px&#8221;][vc_column_text css=&#8221;.vc_custom_1662469342623{margin-top: -11px !important;}&#8221; el_class=&#8221;click-dogallik&#8221;]<\/p>\n<h5 style=\"text-align: center;\"><strong>Do\u011fall\u0131k<\/strong><\/h5>\n<p>[\/vc_column_text][\/vc_column][vc_column width=&#8221;1\/5&#8243;][vc_row_inner][vc_column_inner width=&#8221;1\/3&#8243;][\/vc_column_inner][vc_column_inner width=&#8221;1\/3&#8243;][mvc_ihe border_width=&#8221;&#8221; hover_effect=&#8221;circle effect2 right_to_left&#8221; image_id=&#8221;33196&#8243; caption_url=&#8221;url:%23tprg&#8221;][\/mvc_ihe][\/vc_column_inner][vc_column_inner width=&#8221;1\/3&#8243;][\/vc_column_inner][\/vc_row_inner][vc_empty_space height=&#8221;30px&#8221;][vc_column_text css=&#8221;.vc_custom_1662469360050{margin-top: -11px !important;}&#8221; el_class=&#8221;click-guvenlik&#8221;]<\/p>\n<h5 style=\"text-align: center;\"><strong>G\u00fcvenlik<\/strong><\/h5>\n<p>[\/vc_column_text][\/vc_column][vc_column width=&#8221;1\/5&#8243;][vc_row_inner][vc_column_inner width=&#8221;1\/3&#8243;][\/vc_column_inner][vc_column_inner width=&#8221;1\/3&#8243;][mvc_ihe border_width=&#8221;&#8221; hover_effect=&#8221;circle effect2 right_to_left&#8221; image_id=&#8221;33193&#8243; caption_url=&#8221;url:%23tpre&#8221;][\/mvc_ihe][\/vc_column_inner][vc_column_inner width=&#8221;1\/3&#8243;][\/vc_column_inner][\/vc_row_inner][vc_empty_space height=&#8221;30px&#8221;][vc_column_text css=&#8221;.vc_custom_1662469368739{margin-top: -11px !important;}&#8221; el_class=&#8221;click-egiticilik&#8221;]<\/p>\n<h5 style=\"text-align: center;\"><strong>E\u011fiticilik<\/strong><\/h5>\n<p>[\/vc_column_text][\/vc_column][vc_column width=&#8221;1\/5&#8243;][vc_row_inner][vc_column_inner width=&#8221;1\/3&#8243;][\/vc_column_inner][vc_column_inner width=&#8221;1\/3&#8243;][mvc_ihe border_width=&#8221;&#8221; hover_effect=&#8221;circle effect2 right_to_left&#8221; image_id=&#8221;33195&#8243; caption_url=&#8221;url:%23tprs&#8221;][\/mvc_ihe][\/vc_column_inner][vc_column_inner width=&#8221;1\/3&#8243;][\/vc_column_inner][\/vc_row_inner][vc_empty_space height=&#8221;30px&#8221;][vc_column_text css=&#8221;.vc_custom_1662469376301{margin-top: -11px !important;}&#8221; el_class=&#8221;click-surdurulebilirlik&#8221;]<\/p>\n<h5 style=\"text-align: center;\"><strong>S\u00fcrd\u00fcr\u00fclebilirlik<\/strong><\/h5>\n<p>[\/vc_column_text][\/vc_column][vc_column width=&#8221;1\/5&#8243;][vc_row_inner][vc_column_inner width=&#8221;1\/3&#8243;][\/vc_column_inner][vc_column_inner width=&#8221;1\/3&#8243;][mvc_ihe border_width=&#8221;&#8221; hover_effect=&#8221;circle effect2 right_to_left&#8221; image_id=&#8221;33485&#8243; caption_url=&#8221;url:%23tpro&#8221;][\/mvc_ihe][\/vc_column_inner][vc_column_inner width=&#8221;1\/3&#8243;][\/vc_column_inner][\/vc_row_inner][vc_empty_space height=&#8221;30px&#8221;][vc_column_text css=&#8221;.vc_custom_1662469382508{margin-top: -11px !important;}&#8221; el_class=&#8221;click-ozellik-tablosu&#8221;]<\/p>\n<h5 style=\"text-align: center;\"><strong>\u00d6zellik Tablosu<\/strong><\/h5>\n<p>[\/vc_column_text][\/vc_column][\/vc_row][vc_row][vc_column][\/vc_column][\/vc_row][vc_row][vc_column][vc_empty_space height=&#8221;40px&#8221;][vc_column_text]<\/p>\n<p style=\"text-align: center;\"><strong>Pikler Yakla\u015f\u0131m\u0131<\/strong> ve Toyzler <strong>Pikler Rampas\u0131 Nedir<\/strong>?<\/p>\n<p style=\"text-align: center;\"><strong>Pikler Yakla\u015f\u0131m\u0131<\/strong> \u00e7ocuklar\u0131 ba\u011f\u0131ms\u0131z \u015fekilde oynamaya te\u015fvik ederken, onlar\u0131n psikomotor geli\u015fimine odaklanan pedagojik yakla\u015f\u0131md\u0131r. Yakla\u015f\u0131m\u0131n temelini psikomotor \u00f6zelliklerle bili\u015fsel \u00f6zellikleri birle\u015ftiren oyun ara\u00e7lar\u0131 olu\u015fturmaktad\u0131r.<\/p>\n<p style=\"text-align: center;\"><strong>Emmi Pikler<\/strong>, y\u00f6ntemini uygulamak i\u00e7in \u00e7ocuklar i\u00e7in kendi yapt\u0131\u011f\u0131 oyuncak tasar\u0131m\u0131n\u0131 hayata ge\u00e7irmi\u015ftir. Olumlu bir geli\u015fim s\u00fcreci g\u00f6steren ve \u2018<strong>Pikler \u00e7ocuklar\u0131<\/strong>\u2019 olarak tan\u0131nan \u00e7ocuklardan sonra <strong>Pikler yakla\u015f\u0131m\u0131<\/strong> d\u00fcnyaya yay\u0131lm\u0131\u015ft\u0131r.<\/p>\n<p style=\"text-align: center;\">Bu yakla\u015f\u0131m\u0131n temelinde, t\u0131pk\u0131 <strong>Montessori e\u011fitimi<\/strong> gibi her \u00e7ocu\u011fun ba\u011f\u0131ms\u0131z hareketinin desteklenmesi vard\u0131r. Ek olarak, yeti\u015fkinler taraf\u0131ndan engellenmeyen alanlar\u0131n olu\u015fturulmas\u0131 ve her \u00e7ocu\u011fun i\u00e7sel takvimini takip etmesine yard\u0131mc\u0131 olmak <strong>Pikler yakla\u015f\u0131m\u0131<\/strong> a\u00e7\u0131s\u0131ndan \u00f6nemlidir. Her \u00e7ocuk biricik olman\u0131n yan\u0131 s\u0131ra, belli bir geli\u015fim basama\u011f\u0131n\u0131 takip eder. Ebeveyn ya da e\u011fiticiler ise, bu s\u00fcre\u00e7te \u00e7ocu\u011fun g\u00fcvenli ama ba\u011f\u0131ms\u0131z \u015fekilde \u00e7ocu\u011fun bu basamaklar\u0131 tamamlamas\u0131na destek olmal\u0131d\u0131r.<\/p>\n<p style=\"text-align: center;\"><strong>Emmi Pikler<\/strong> \u2018in yakla\u015f\u0131m\u0131nda kulland\u0131\u011f\u0131 \u00fc\u00e7 temel e\u011fitim oyunca\u011f\u0131:<\/p>\n<p style=\"text-align: center;\">&#8211;<strong>Pikler Rampas\u0131<\/strong><\/p>\n<p style=\"text-align: center;\">&#8211;<strong>Pikler D\u00f6nencesi<\/strong><\/p>\n<p style=\"text-align: center;\">&#8211;<strong>Pikler \u00dc\u00e7geni<\/strong><\/p>\n<p style=\"text-align: center;\"><strong>Toyzler Pikler Rampas\u0131<\/strong> do\u011fal ve s\u00fcrd\u00fcr\u00fclebilir malzemelerden yap\u0131lan, iki taraf\u0131 da kullan\u0131labilen bir \u00fcr\u00fcnd\u00fcr. \u00dcr\u00fcn\u00fcn bir taraf\u0131nda t\u0131rmanma basamaklar\u0131 vard\u0131r. Di\u011fer yan\u0131 ise kayd\u0131rak olarak kullan\u0131labilmektedir. Temelinde <strong>Pikler yakla\u015f\u0131m\u0131<\/strong> yer alan bir e\u011fitim oyunca\u011f\u0131d\u0131r ve bir\u00e7ok \u00fclkede kullan\u0131lmaktad\u0131r.<\/p>\n<p style=\"text-align: center;\">G\u00fc\u00e7l\u00fc end\u00fcstriyel dizayn\u0131 ve dikkatle se\u00e7ilmi\u015f malzemeleriyle Avrupa Birli\u011fi (AB) oyuncak standartlar\u0131na uygun olarak \u00fcretilmektedir.<\/p>\n<p style=\"text-align: center;\">Temel e\u011fitim ilkelerine entegre edilen <strong>Pikler Rampas\u0131<\/strong> bir yandan kaba motor geli\u015fimini destekler, di\u011fer yandan \u00f6zg\u00fcven, yarat\u0131c\u0131l\u0131k ve zeka geli\u015fimine olumlu y\u00f6nden katk\u0131da bulunur. \u00c7ocuklar\u0131n i\u00e7sel takvimini ebeveyn g\u00f6zetiminde ancak ba\u011f\u0131ms\u0131z ger\u00e7ekle\u015ftirmesi a\u00e7\u0131s\u0131ndan ciddi bir katk\u0131da bulunur.<\/p>\n<p style=\"text-align: center;\"><strong>Pikler Rampas\u0131<\/strong>, <strong>Pikler D\u00f6nencesi<\/strong> veya <strong>Pikler \u00dc\u00e7geni<\/strong> ile kombine etmek i\u00e7in kullan\u0131l\u0131r. Tek ba\u015f\u0131na kullan\u0131m\u0131 yoktur.<strong>\u00a0<\/strong><\/p>\n<p style=\"text-align: center;\"><strong>Toyzler Pikler Rampas\u0131 \u00e7ocuklara hangi konularda yard\u0131mc\u0131 olur?<\/strong><\/p>\n<p style=\"text-align: center;\">-\u00c7ocuklar\u0131n hareket ederek fiziksel ve zihinsel i\u00e7 takvimiyle uyumlu geli\u015fimine,<\/p>\n<p style=\"text-align: center;\">-Denge, konsantrasyon, tutma-kavrama ve kas kullan\u0131m\u0131n\u0131 artt\u0131rmas\u0131na,<\/p>\n<p style=\"text-align: center;\">-Hayal g\u00fcc\u00fcn\u00fc kullanabilece\u011fi alan yaratmas\u0131na,<\/p>\n<p style=\"text-align: center;\">-Motor planlama becerisini pratik etmesine,<\/p>\n<p style=\"text-align: center;\">-Hatalar\u0131n\u0131 g\u00f6rebilmesine ve al\u0131\u015ft\u0131rmalar\u0131 tekrar etmesine,<\/p>\n<p style=\"text-align: center;\">-Kendi kapasitesini ve limitlerini \u00f6\u011frenmesine \u00e7ocu\u011fa \u00f6zg\u00fcr bir alan tan\u0131yarak yard\u0131mc\u0131 olur.<\/p>\n<p style=\"text-align: center;\"><strong>Peki bunu nas\u0131l yapar?<\/strong><\/p>\n<p style=\"text-align: center;\"><strong>Toyzler Pikler Rampas\u0131<\/strong> \u00e7ocu\u011fa hen\u00fcz emekleme d\u00f6neminde bir yere uzanma ve tutunma \u015fans\u0131 tan\u0131r. \u0130\u00e7sel olarak zaten bir yere uzanmaya, dokunmaya, bir \u015feyleri kavramaya \u00e7al\u0131\u015fan \u00e7ocuk bunu ba\u011f\u0131ms\u0131z olabildi\u011fi bir alanda yapar.<\/p>\n<p style=\"text-align: center;\"><strong>Pikler ekipmanlar\u0131<\/strong>, \u00e7ocu\u011fun kaba kas geli\u015fimini ba\u015far\u0131l\u0131 bir \u015fekilde destekler. \u00c7ocuk denemeye devam ettik\u00e7e, <strong>motor planlama becerisi<\/strong>, yani \u00f6nceki ve sonraki hareketlerini d\u00fc\u015f\u00fcnme ve aralar\u0131nda ba\u011flant\u0131 kurma kabiliyeti artar. Kendi hareketlerini analiz etme, tekrar etme ve d\u00fczeltme imkan\u0131 elde eden \u00e7ocuk ayn\u0131 zamanda s\u0131n\u0131rlar\u0131n\u0131 tan\u0131r.<\/p>\n<p style=\"text-align: center;\">Ancak <strong>Toyzler Pikler Rampas\u0131<\/strong> yaln\u0131zca motor becerilere katk\u0131da bulunmaz, bili\u015fsel becerileri de destekler. \u00c7\u00fcnk\u00fc, \u00e7ocu\u011fun bili\u015fsel ve motor geli\u015fimi, uygun oyuncaklar sa\u011fland\u0131\u011f\u0131nda birbirine ba\u011fl\u0131 ilerler. \u00d6rne\u011fin, dengede durma, konsantrasyon, kendi limitlerini \u00f6\u011frenme ve hedef belirleme gibi yeteneklerin hepsi bili\u015fsel alana dahildir.<\/p>\n<p style=\"text-align: center;\">\u00c7ocuklar\u0131n hayal g\u00fcc\u00fc s\u0131n\u0131rlar\u0131 yeti\u015fkinlere g\u00f6re geli\u015fime daha a\u00e7\u0131kt\u0131r. \u0130mkan tan\u0131nd\u0131\u011f\u0131nda hayal g\u00fcc\u00fc ile destekledi\u011fi oyunlar oynar. <strong>Pikler rampas\u0131 <\/strong>ile kombine edilen \u00fc\u00e7gen ya da d\u00f6nence, \u00e7ocuklara bir oyun alan\u0131 tan\u0131maktad\u0131r. \u00c7ocuk, <strong>Pikler Rampas\u0131<\/strong> ile oyun s\u00fcrecinde yapaca\u011f\u0131 hareketlere ve alan\u0131n d\u00fczenlenmesine kendi karar verebilmektedir. B\u00f6ylece hem ba\u011f\u0131ms\u0131z bir oyun alan\u0131 yarat\u0131r, hem de bu alanda hayal g\u00fcc\u00fcn\u00fc geli\u015ftirir.<\/p>\n<p style=\"text-align: center;\"><strong>Toyzler Pikler Rampas\u0131<\/strong> dizayn\u0131n\u0131n bir y\u00fcz\u00fcnde fasulye \u015feklinde geometrik tutama\u00e7lar bulunur. \u00c7ocuk bu tutama\u00e7lara tutunarak ya da basarak t\u0131rmanma deste\u011fi alabilir. Ayn\u0131 zamanda rampa e\u011fimi d\u00f6nence ya da \u00fc\u00e7gen ile kullan\u0131l\u0131rken artt\u0131r\u0131l\u0131p azalt\u0131labilir. \u00a0Bu durumda a\u00e7\u0131 de\u011fi\u015fimleri ve arka plan tahmini ile matematiksel alg\u0131 ve alan alg\u0131s\u0131na da katk\u0131da bulunur.<\/p>\n<p style=\"text-align: center;\"><strong>Pikler Rampas\u0131<\/strong>, dayand\u0131\u011f\u0131 e\u011fitim anlay\u0131\u015f\u0131n\u0131n yan\u0131 s\u0131ra, ergonomik tasar\u0131m\u0131, g\u00fcvenli ve do\u011fal yap\u0131s\u0131, s\u00fcrd\u00fcr\u00fclebilirli\u011fi, e\u011fitsel i\u015flevi ile \u00f6ne \u00e7\u0131kmaktad\u0131r.<\/p>\n<p>[\/vc_column_text][\/vc_column][\/vc_row][vc_row][vc_column][vc_column_text][\/vc_column_text][\/vc_column][\/vc_row]<\/p>\n<\/div>","protected":false},"excerpt":{"rendered":"<p><strong>Toyzler Pikler Rampas\u0131<\/strong>, g\u00fcc\u00fcn\u00fc <strong>Emmi Pikler<\/strong> \u2018in \u00e7ocuk pedagojisi \u00e7al\u0131\u015fmalar\u0131ndan alan tasar\u0131m\u0131n\u0131, do\u011fal ve s\u00fcrd\u00fcr\u00fclebilir malzemelerle birle\u015ftiriyor. Pikler\u2019 in <em>\u2018Sayg\u0131ya dayal\u0131 \u00e7ocuk e\u011fitimi ve serbest oyun\u2019<\/em> felsefesini, \u00e7ocuklar\u0131n fiziksel, bili\u015fsel ve sosyal \u00f6zelliklerin geli\u015fti\u011fi pratik bir alana aktar\u0131yor.<\/p>\n<p>Kas, kemik, iskelet yap\u0131s\u0131 ve hareket planlamas\u0131 gibi \u00f6zelliklerini kapsayan psikomotor geli\u015fimin yan\u0131nda, yarat\u0131c\u0131l\u0131k, \u00f6zg\u00fcven ve planlama gibi bili\u015fsel yeteneklere katk\u0131da bulunuyor.<\/p>\n<p>Temel ilkeleri do\u011fall\u0131k, g\u00fcvenlik, s\u00fcrd\u00fcr\u00fclebilirlik ve e\u011fiticilik olan <strong>Toyzler<\/strong> Pikler Rampas\u0131 ile detayl\u0131 bir \u015fekilde tan\u0131\u015fmaya haz\u0131r m\u0131s\u0131n\u0131z?<\/p>\n","protected":false},"featured_media":33469,"template":"","meta":[],"product_brand":[],"product_cat":[64],"product_tag":[],"class_list":{"0":"post-33382","1":"product","2":"type-product","3":"status-publish","4":"has-post-thumbnail","6":"product_cat-oyuncaklar","8":"first","9":"instock","10":"taxable","11":"shipping-taxable","12":"purchasable","13":"product-type-simple"},"_links":{"self":[{"href":"https:\/\/toyzler.com\/tr\/wp-json\/wp\/v2\/product\/33382","targetHints":{"allow":["GET"]}}],"collection":[{"href":"https:\/\/toyzler.com\/tr\/wp-json\/wp\/v2\/product"}],"about":[{"href":"https:\/\/toyzler.com\/tr\/wp-json\/wp\/v2\/types\/product"}],"wp:featuredmedia":[{"embeddable":true,"href":"https:\/\/toyzler.com\/tr\/wp-json\/wp\/v2\/media\/33469"}],"wp:attachment":[{"href":"https:\/\/toyzler.com\/tr\/wp-json\/wp\/v2\/media?parent=33382"}],"wp:term":[{"taxonomy":"product_brand","embeddable":true,"href":"https:\/\/toyzler.com\/tr\/wp-json\/wp\/v2\/product_brand?post=33382"},{"taxonomy":"product_cat","embeddable":true,"href":"https:\/\/toyzler.com\/tr\/wp-json\/wp\/v2\/product_cat?post=33382"},{"taxonomy":"product_tag","embeddable":true,"href":"https:\/\/toyzler.com\/tr\/wp-json\/wp\/v2\/product_tag?post=33382"}],"curies":[{"name":"wp","href":"https:\/\/api.w.org\/{rel}","templated":true}]}}