{"id":33378,"date":"2024-05-21T10:09:59","date_gmt":"2024-05-21T10:09:59","guid":{"rendered":"https:\/\/toyzler.com.tr\/?post_type=product&#038;p=33378"},"modified":"2024-05-21T10:39:09","modified_gmt":"2024-05-21T10:39:09","slug":"toyzler-mirror","status":"publish","type":"product","link":"https:\/\/toyzler.com\/tr\/urun\/toyzler-mirror\/","title":{"rendered":"Toyzler Mirror"},"content":{"rendered":"<div class=\"wpb-content-wrapper\"><p>[vc_row][vc_column][vc_empty_space height=&#8221;40px&#8221;][\/vc_column][\/vc_row][vc_row][vc_column width=&#8221;1\/5&#8243;][vc_row_inner][vc_column_inner width=&#8221;1\/3&#8243;][\/vc_column_inner][vc_column_inner width=&#8221;1\/3&#8243;][mvc_ihe border_width=&#8221;&#8221; hover_effect=&#8221;circle effect2 right_to_left&#8221; image_id=&#8221;33194&#8243; caption_url=&#8221;url:%23tmd&#8221;][\/mvc_ihe][\/vc_column_inner][vc_column_inner width=&#8221;1\/3&#8243;][\/vc_column_inner][\/vc_row_inner][vc_empty_space height=&#8221;30px&#8221;][vc_column_text css=&#8221;.vc_custom_1662469342623{margin-top: -11px !important;}&#8221; el_class=&#8221;click-dogallik&#8221;]<\/p>\n<h5 style=\"text-align: center;\"><strong>Do\u011fall\u0131k<\/strong><\/h5>\n<p>[\/vc_column_text][\/vc_column][vc_column width=&#8221;1\/5&#8243;][vc_row_inner][vc_column_inner width=&#8221;1\/3&#8243;][\/vc_column_inner][vc_column_inner width=&#8221;1\/3&#8243;][mvc_ihe border_width=&#8221;&#8221; hover_effect=&#8221;circle effect2 right_to_left&#8221; image_id=&#8221;33196&#8243; caption_url=&#8221;url:%23tmg&#8221;][\/mvc_ihe][\/vc_column_inner][vc_column_inner width=&#8221;1\/3&#8243;][\/vc_column_inner][\/vc_row_inner][vc_empty_space height=&#8221;30px&#8221;][vc_column_text css=&#8221;.vc_custom_1662469360050{margin-top: -11px !important;}&#8221; el_class=&#8221;click-guvenlik&#8221;]<\/p>\n<h5 style=\"text-align: center;\"><strong>G\u00fcvenlik<\/strong><\/h5>\n<p>[\/vc_column_text][\/vc_column][vc_column width=&#8221;1\/5&#8243;][vc_row_inner][vc_column_inner width=&#8221;1\/3&#8243;][\/vc_column_inner][vc_column_inner width=&#8221;1\/3&#8243;][mvc_ihe border_width=&#8221;&#8221; hover_effect=&#8221;circle effect2 right_to_left&#8221; image_id=&#8221;33193&#8243; caption_url=&#8221;url:%23tme&#8221;][\/mvc_ihe][\/vc_column_inner][vc_column_inner width=&#8221;1\/3&#8243;][\/vc_column_inner][\/vc_row_inner][vc_empty_space height=&#8221;30px&#8221;][vc_column_text css=&#8221;.vc_custom_1662469368739{margin-top: -11px !important;}&#8221; el_class=&#8221;click-egiticilik&#8221;]<\/p>\n<h5 style=\"text-align: center;\"><strong>E\u011fiticilik<\/strong><\/h5>\n<p>[\/vc_column_text][\/vc_column][vc_column width=&#8221;1\/5&#8243;][vc_row_inner][vc_column_inner width=&#8221;1\/3&#8243;][\/vc_column_inner][vc_column_inner width=&#8221;1\/3&#8243;][mvc_ihe border_width=&#8221;&#8221; hover_effect=&#8221;circle effect2 right_to_left&#8221; image_id=&#8221;33195&#8243; caption_url=&#8221;url:%23tms&#8221;][\/mvc_ihe][\/vc_column_inner][vc_column_inner width=&#8221;1\/3&#8243;][\/vc_column_inner][\/vc_row_inner][vc_empty_space height=&#8221;30px&#8221;][vc_column_text css=&#8221;.vc_custom_1662469376301{margin-top: -11px !important;}&#8221; el_class=&#8221;click-surdurulebilirlik&#8221;]<\/p>\n<h5 style=\"text-align: center;\"><strong>S\u00fcrd\u00fcr\u00fclebilirlik<\/strong><\/h5>\n<p>[\/vc_column_text][\/vc_column][vc_column width=&#8221;1\/5&#8243;][vc_row_inner][vc_column_inner width=&#8221;1\/3&#8243;][\/vc_column_inner][vc_column_inner width=&#8221;1\/3&#8243;][mvc_ihe border_width=&#8221;&#8221; hover_effect=&#8221;circle effect2 right_to_left&#8221; image_id=&#8221;33485&#8243; caption_url=&#8221;url:%23tmo&#8221;][\/mvc_ihe][\/vc_column_inner][vc_column_inner width=&#8221;1\/3&#8243;][\/vc_column_inner][\/vc_row_inner][vc_empty_space height=&#8221;30px&#8221;][vc_column_text css=&#8221;.vc_custom_1662469382508{margin-top: -11px !important;}&#8221; el_class=&#8221;click-ozellik-tablosu&#8221;]<\/p>\n<h5 style=\"text-align: center;\"><strong>\u00d6zellik Tablosu<\/strong><\/h5>\n<p>[\/vc_column_text][\/vc_column][\/vc_row][vc_row][vc_column][\/vc_column][\/vc_row][vc_row][vc_column][vc_empty_space height=&#8221;40px&#8221;][vc_column_text]<\/p>\n<p style=\"text-align: center;\"><strong>Toyzler Mirror<\/strong> Nedir?<\/p>\n<p style=\"text-align: center;\"><strong>Toyzler Mirror<\/strong>, e\u011fitim bilimleri ara\u015ft\u0131rmalar\u0131nda kan\u0131tlanm\u0131\u015f ilkelerden hareket eden bir <strong>ah\u015fap ayna <\/strong>tasar\u0131md\u0131r. G\u00fcvenli dizayn\u0131 ve s\u00fcrd\u00fcr\u00fclebilir malzemeleriyle \u00e7ocuk geli\u015fimi ilkelerine entegre edilerek planlanm\u0131\u015ft\u0131r.<\/p>\n<p style=\"text-align: center;\"><strong>Toyzler Mirror<\/strong> en k\u0131sa \u015fekilde <strong>Montessori<\/strong> <strong>pedagojisine uygun<\/strong> \u00fcretilen <strong>\u00e7ocuklar i\u00e7in ayna<\/strong> dizayn\u0131d\u0131r. <strong>Montessori pedagojisi <\/strong>farkl\u0131 ilkelere dayan\u0131r. Bu ilkelerden en \u00f6nemlisi de \u00e7ocu\u011fun bir yeti\u015fkinin ihtiya\u00e7lar\u0131 ve g\u00fc\u00e7l\u00fc y\u00f6nleri ile yeti\u015ftirilmesini, ba\u011f\u0131ms\u0131zl\u0131k\/yeterlilik duygusuna sahip olacak \u015fekilde haz\u0131rlanmas\u0131d\u0131r.<\/p>\n<p style=\"text-align: center;\"><strong>Toyzler Mirror \u00e7ocuklara hangi konularda yard\u0131mc\u0131 olur?<\/strong><\/p>\n<p style=\"text-align: center;\">-\u00c7ocuklar\u0131n beden alg\u0131lar\u0131n\u0131n geli\u015fmesine<\/p>\n<p style=\"text-align: center;\">-Temel matematik ve fizik kavramlar\u0131n\u0131 i\u00e7selle\u015ftirmesine,<\/p>\n<p style=\"text-align: center;\">-Farkl\u0131 hareketleri te\u015fvik ederek kas gruplar\u0131n\u0131 \u00e7al\u0131\u015ft\u0131rmas\u0131na,<\/p>\n<p style=\"text-align: center;\">-Kontrol ve ba\u011f\u0131ms\u0131zl\u0131k duygular\u0131n\u0131n geli\u015fimine,<\/p>\n<p style=\"text-align: center;\">-Beden dili ve mimikleri anlamland\u0131rarak sosyal uyumuna yard\u0131mc\u0131 olur.<\/p>\n<p style=\"text-align: center;\"><strong>Peki bunu nas\u0131l yapar?<\/strong><\/p>\n<p style=\"text-align: center;\"><strong>Toyzler Mirror<\/strong><\/p>\n<p style=\"text-align: center;\"><strong>\u00c7ocuklar i\u00e7in ayna<\/strong> kullanmak bir\u00e7ok ara\u015ft\u0131rmada \u00e7ocuk geli\u015fimine katk\u0131s\u0131 kan\u0131tlanm\u0131\u015f bir ara\u00e7t\u0131r. 2 ayl\u0131ktan 5 ya\u015f\u0131na kadar e\u011fitim i\u015flevi i\u00e7in kullan\u0131lmas\u0131 \u00f6nerilmektedir. \u00c7ocu\u011fun ya\u015f\u0131 b\u00fcy\u00fcd\u00fck\u00e7e \u00e7ocuk aynas\u0131 farkl\u0131 geli\u015fim gerekliklerini yerine getirir.<\/p>\n<p style=\"text-align: center;\">Toyzler Mirror, \u00e7ocu\u011fun farkl\u0131 geli\u015fim a\u015famalar\u0131nda kendisine ve \u00e7evresine bakmas\u0131yla e\u011fitim i\u015flevini ger\u00e7ekle\u015ftirir. Bu s\u00fcre\u00e7te, \u00e7ocuklar\u0131n ya\u015f grubuna g\u00f6re d\u00fczenlenmi\u015f <strong>ayna oyunlar\u0131<\/strong> oynanabilmektedir. Aynada g\u00f6r\u00fcnt\u00fcye bakmak kendi beden fark\u0131ndal\u0131\u011f\u0131n\u0131 kazanmas\u0131na yard\u0131mc\u0131 olur. 1 ya\u015f\u0131na kadar kafas\u0131n\u0131 do\u011frultma, \u00e7evirme gibi temel kas grubunun geli\u015fmesine yard\u0131m\u0131 dokunur. Matematiksel a\u00e7\u0131dan; a\u00e7\u0131 de\u011fi\u015fkenli\u011fi ile ortaya \u00e7\u0131kan kontrol ve derinlik duygusu, \u00e7ok boyutluluk, simetri, hacim alg\u0131s\u0131 geli\u015fir. Bunun yan\u0131nda odaklanma, dil ve duygusal ifade y\u00f6ntemlerine katk\u0131da bulunmaktad\u0131r.<\/p>\n<p style=\"text-align: center;\">Yaz\u0131n\u0131n ilerisindeki e\u011fitim ba\u015fl\u0131\u011f\u0131nda bu konuda daha fazla bilgi edinebilir ve sayfa sonunda <strong>\u00e7ocuk geli\u015fimi i\u00e7in aynan\u0131n yararlar\u0131<\/strong> konusunu \u00f6zet olarak g\u00f6rebilirsiniz.<\/p>\n<p style=\"text-align: center;\"><strong>Toyzler Mirror<\/strong>, dayand\u0131\u011f\u0131 e\u011fitim anlay\u0131\u015f\u0131n\u0131n yan\u0131 s\u0131ra, g\u00fcvenli ve do\u011fal yap\u0131s\u0131, s\u00fcrd\u00fcr\u00fclebilirli\u011fi ile \u00f6ne \u00e7\u0131kmaktad\u0131r.<\/p>\n<p style=\"text-align: center;\"><strong>Se\u00e7enekler<\/strong><\/p>\n<p style=\"text-align: center;\"><strong>Toyzler Mirror -Tav\u015fan\u0131n D\u00fcnyas\u0131<\/strong>: Tav\u015fan \u015feklinde dizayn edilen \u00e7ocuk aynas\u0131 klasik \u015fekillerde dizayn edilen bir aynadan daha fazlas\u0131n\u0131 sa\u011fl\u0131yor.<\/p>\n<p style=\"text-align: center;\"><strong>Toyzler Mirror- Kedinin D\u00fcnyas\u0131: Kedi<\/strong> y\u00fcz\u00fc dizayn\u0131yla \u00e7ocuk aynas\u0131 klasik \u015fekillerde dizayn edilen bir aynadan daha fazlas\u0131n\u0131 sa\u011fl\u0131yor.<\/p>\n<p>[\/vc_column_text][\/vc_column][\/vc_row][vc_row][vc_column][vc_column_text]<\/span>[\/vc_column_text][\/vc_column][\/vc_row]<\/p>\n<\/div>","protected":false},"excerpt":{"rendered":"<p><strong>Toyzler<\/strong> <strong>Mirror<\/strong>, g\u00fcc\u00fcn\u00fc \u00e7ocuk geli\u015fimi \u00e7al\u0131\u015fmalar\u0131ndan alan tasar\u0131m\u0131n\u0131, do\u011fal ve s\u00fcrd\u00fcr\u00fclebilir malzemelerle birle\u015ftiriyor. \u00c7ocuklarda fark\u0131ndal\u0131k duygusunu g\u00fcndelik hayat\u0131n bir par\u00e7as\u0131 haline getiren <strong>\u00e7ocuk aynas\u0131<\/strong> bili\u015fsel, psikomotor, yarat\u0131c\u0131l\u0131k ve sosyal-duygusal geli\u015fimi desteklemek i\u00e7in dizayn edildi.<\/p>\n<p><strong>Montessori e\u011fitim ilkeleri<\/strong> ile uyumlu \u015fekilde geli\u015ftirilen <strong>Toyzler Mirror<\/strong>, \u00e7ocuklar\u0131n\u0131 do\u011fal ve zarars\u0131z malzemelerle bulu\u015fturmak isteyen herkes i\u00e7in g\u00fcvenilir ve ideal bir yap\u0131 sunuyor. \u00c7ocuklar s\u00fcre\u00e7 i\u00e7inde <strong>Toyzler Mirror<\/strong> ile matematiksel kavramlar\u0131 deneyimliyor, dil yeteneklerini geli\u015ftiriyor, b\u00fcy\u00fck kas hareketlerini artt\u0131r\u0131yor.<\/p>\n<p>Temel ilkeleri do\u011fall\u0131k, g\u00fcvenlik, s\u00fcrd\u00fcr\u00fclebilirlik ve e\u011fiticilik olan <strong>Toyzler Mirror<\/strong> ile detayl\u0131 bir \u015fekilde tan\u0131\u015fmaya haz\u0131r m\u0131s\u0131n\u0131z?<\/p>\n","protected":false},"featured_media":33457,"template":"","meta":[],"product_brand":[],"product_cat":[61],"product_tag":[],"class_list":{"0":"post-33378","1":"product","2":"type-product","3":"status-publish","4":"has-post-thumbnail","6":"product_cat-dekorasyon","8":"first","9":"instock","10":"taxable","11":"shipping-taxable","12":"purchasable","13":"product-type-variable"},"_links":{"self":[{"href":"https:\/\/toyzler.com\/tr\/wp-json\/wp\/v2\/product\/33378","targetHints":{"allow":["GET"]}}],"collection":[{"href":"https:\/\/toyzler.com\/tr\/wp-json\/wp\/v2\/product"}],"about":[{"href":"https:\/\/toyzler.com\/tr\/wp-json\/wp\/v2\/types\/product"}],"wp:featuredmedia":[{"embeddable":true,"href":"https:\/\/toyzler.com\/tr\/wp-json\/wp\/v2\/media\/33457"}],"wp:attachment":[{"href":"https:\/\/toyzler.com\/tr\/wp-json\/wp\/v2\/media?parent=33378"}],"wp:term":[{"taxonomy":"product_brand","embeddable":true,"href":"https:\/\/toyzler.com\/tr\/wp-json\/wp\/v2\/product_brand?post=33378"},{"taxonomy":"product_cat","embeddable":true,"href":"https:\/\/toyzler.com\/tr\/wp-json\/wp\/v2\/product_cat?post=33378"},{"taxonomy":"product_tag","embeddable":true,"href":"https:\/\/toyzler.com\/tr\/wp-json\/wp\/v2\/product_tag?post=33378"}],"curies":[{"name":"wp","href":"https:\/\/api.w.org\/{rel}","templated":true}]}}