{"id":33377,"date":"2024-05-21T10:09:59","date_gmt":"2024-05-21T10:09:59","guid":{"rendered":"https:\/\/toyzler.com.tr\/?post_type=product&#038;p=33377"},"modified":"2024-05-22T11:20:13","modified_gmt":"2024-05-22T11:20:13","slug":"toyzler-memory-eslestirme-oyunu","status":"publish","type":"product","link":"https:\/\/toyzler.com\/tr\/urun\/toyzler-memory-eslestirme-oyunu\/","title":{"rendered":"Toyzler Memory E\u015fle\u015ftirme Oyunu"},"content":{"rendered":"<div class=\"wpb-content-wrapper\"><p>[vc_row][vc_column][vc_empty_space height=&#8221;40px&#8221;][\/vc_column][\/vc_row][vc_row][vc_column width=&#8221;1\/5&#8243;][vc_row_inner][vc_column_inner width=&#8221;1\/3&#8243;][\/vc_column_inner][vc_column_inner width=&#8221;1\/3&#8243;][mvc_ihe border_width=&#8221;&#8221; hover_effect=&#8221;circle effect2 right_to_left&#8221; image_id=&#8221;33194&#8243; caption_url=&#8221;url:%23tmeod&#8221;][\/mvc_ihe][\/vc_column_inner][vc_column_inner width=&#8221;1\/3&#8243;][\/vc_column_inner][\/vc_row_inner][vc_empty_space height=&#8221;30px&#8221;][vc_column_text css=&#8221;.vc_custom_1662469342623{margin-top: -11px !important;}&#8221; el_class=&#8221;click-dogallik&#8221;]<\/p>\n<h5 style=\"text-align: center;\"><strong>Do\u011fall\u0131k<\/strong><\/h5>\n<p>[\/vc_column_text][\/vc_column][vc_column width=&#8221;1\/5&#8243;][vc_row_inner][vc_column_inner width=&#8221;1\/3&#8243;][\/vc_column_inner][vc_column_inner width=&#8221;1\/3&#8243;][mvc_ihe border_width=&#8221;&#8221; hover_effect=&#8221;circle effect2 right_to_left&#8221; image_id=&#8221;33196&#8243; caption_url=&#8221;url:%23tmeog&#8221;][\/mvc_ihe][\/vc_column_inner][vc_column_inner width=&#8221;1\/3&#8243;][\/vc_column_inner][\/vc_row_inner][vc_empty_space height=&#8221;30px&#8221;][vc_column_text css=&#8221;.vc_custom_1662469360050{margin-top: -11px !important;}&#8221; el_class=&#8221;click-guvenlik&#8221;]<\/p>\n<h5 style=\"text-align: center;\"><strong>G\u00fcvenlik<\/strong><\/h5>\n<p>[\/vc_column_text][\/vc_column][vc_column width=&#8221;1\/5&#8243;][vc_row_inner][vc_column_inner width=&#8221;1\/3&#8243;][\/vc_column_inner][vc_column_inner width=&#8221;1\/3&#8243;][mvc_ihe border_width=&#8221;&#8221; hover_effect=&#8221;circle effect2 right_to_left&#8221; image_id=&#8221;33193&#8243; caption_url=&#8221;url:%23tmeoe&#8221;][\/mvc_ihe][\/vc_column_inner][vc_column_inner width=&#8221;1\/3&#8243;][\/vc_column_inner][\/vc_row_inner][vc_empty_space height=&#8221;30px&#8221;][vc_column_text css=&#8221;.vc_custom_1662469368739{margin-top: -11px !important;}&#8221; el_class=&#8221;click-egiticilik&#8221;]<\/p>\n<h5 style=\"text-align: center;\"><strong>E\u011fiticilik<\/strong><\/h5>\n<p>[\/vc_column_text][\/vc_column][vc_column width=&#8221;1\/5&#8243;][vc_row_inner][vc_column_inner width=&#8221;1\/3&#8243;][\/vc_column_inner][vc_column_inner width=&#8221;1\/3&#8243;][mvc_ihe border_width=&#8221;&#8221; hover_effect=&#8221;circle effect2 right_to_left&#8221; image_id=&#8221;33195&#8243; caption_url=&#8221;url:%23tmeos&#8221;][\/mvc_ihe][\/vc_column_inner][vc_column_inner width=&#8221;1\/3&#8243;][\/vc_column_inner][\/vc_row_inner][vc_empty_space height=&#8221;30px&#8221;][vc_column_text css=&#8221;.vc_custom_1662469376301{margin-top: -11px !important;}&#8221; el_class=&#8221;click-surdurulebilirlik&#8221;]<\/p>\n<h5 style=\"text-align: center;\"><strong>S\u00fcrd\u00fcr\u00fclebilirlik<\/strong><\/h5>\n<p>[\/vc_column_text][\/vc_column][vc_column width=&#8221;1\/5&#8243;][vc_row_inner][vc_column_inner width=&#8221;1\/3&#8243;][\/vc_column_inner][vc_column_inner width=&#8221;1\/3&#8243;][mvc_ihe border_width=&#8221;&#8221; hover_effect=&#8221;circle effect2 right_to_left&#8221; image_id=&#8221;33485&#8243; caption_url=&#8221;url:%23tmeoo&#8221;][\/mvc_ihe][\/vc_column_inner][vc_column_inner width=&#8221;1\/3&#8243;][\/vc_column_inner][\/vc_row_inner][vc_empty_space height=&#8221;30px&#8221;][vc_column_text css=&#8221;.vc_custom_1662469382508{margin-top: -11px !important;}&#8221; el_class=&#8221;click-ozellik-tablosu&#8221;]<\/p>\n<h5 style=\"text-align: center;\"><strong>\u00d6zellik Tablosu<\/strong><\/h5>\n<p>[\/vc_column_text][\/vc_column][\/vc_row][vc_row][vc_column][\/vc_column][\/vc_row][vc_row][vc_column][vc_empty_space height=&#8221;40px&#8221;][vc_column_text]<\/p>\n<p style=\"text-align: center;\"><strong>Toyzler Memory E\u015fle\u015ftirme Oyunu<\/strong> Nedir?<\/p>\n<p style=\"text-align: center;\"><strong>Toyzler Memory E\u015fle\u015ftirme Oyunu<\/strong>, e\u011fitim bilimleri ara\u015ft\u0131rmalar\u0131nda kan\u0131tlanm\u0131\u015f ilkelerden hareket eden <strong>ah\u015fap haf\u0131za g\u00fc\u00e7lendirici oyun<\/strong> tasar\u0131m\u0131d\u0131r. <strong>Haf\u0131za Oyunu <\/strong>\u00e7ocuklar\u0131n bili\u015fsel kapasitesinin, sosyal duygusal geli\u015fiminin, yarat\u0131c\u0131l\u0131\u011f\u0131n\u0131n artt\u0131r\u0131lmas\u0131na katk\u0131da bulunur.<\/p>\n<p style=\"text-align: center;\"><strong>Toyzler Memory E\u015fle\u015ftirme Oyunu<\/strong>, <strong>Montessori<\/strong> <strong>e\u011fitimi<\/strong> temele al\u0131narak \u00fcretilmektedir.<strong>\u00a0 Montessori pedagojisi, <\/strong>her \u00e7ocu\u011fun bireysel \u00f6\u011frenme h\u0131z\u0131 ve \u015feklinin farkl\u0131 oldu\u011funu kabul ederek \u00e7ocuklar\u0131n farkl\u0131 karakter \u00f6zelliklerini zenginli\u011fe \u00e7evirir. <strong>Toyzler Memory E\u015fle\u015ftirme Oyunu<\/strong>\u2019\u0131n bu ilkelere uygunlu\u011fu malzeme se\u00e7imi ve \u00fcretim bi\u00e7imine kadar ayr\u0131nt\u0131l\u0131 bir denetimden ge\u00e7mi\u015ftir.<\/p>\n<p style=\"text-align: center;\"><strong>Toyzler Memory<\/strong> kaliteli ve s\u00fcrd\u00fcr\u00fclebilir malzemeleriyle \u00e7ocuk geli\u015fimi ilkelerine entegre edilerek dizayn edilmi\u015ftir.<\/p>\n<p style=\"text-align: center;\"><strong>Toyzler Memory E\u015fle\u015ftirme Oyunu \u00e7ocuklara hangi konularda yard\u0131mc\u0131 olur?<\/strong><\/p>\n<p style=\"text-align: center;\">-\u00c7ocuklarda renk ve \u015fekil kavram\u0131n\u0131n geli\u015fmesine,<\/p>\n<p style=\"text-align: center;\">-Konsantrasyonun artmas\u0131na,<\/p>\n<p style=\"text-align: center;\">-Sosyal duygusal ve yarat\u0131c\u0131 zekan\u0131n ilerlemesine,<\/p>\n<p style=\"text-align: center;\">-Hareket ederek aktif \u00f6\u011frenmesine,<\/p>\n<p style=\"text-align: center;\">-Neden sonu\u00e7 ili\u015fkisi kurmas\u0131na ve analiz yapabilme yetene\u011fine,<\/p>\n<p style=\"text-align: center;\">-Hayal g\u00fcc\u00fcn\u00fcn artt\u0131r\u0131lmas\u0131na, \u00e7ocu\u011fa \u00f6zg\u00fcrl\u00fck alan\u0131 tan\u0131yarak yard\u0131mc\u0131 olur.<\/p>\n<p style=\"text-align: center;\">Temel ilkesi <em>kendim yapabilmem i\u00e7in bana yard\u0131m et<\/em> olan pedagojik anlay\u0131\u015f, Toyzler\u2018\u0131n \u00e7ocuklarla vakit ge\u00e7irirken onlara s\u00fcrece dahil \u015fans\u0131 tan\u0131mas\u0131n\u0131 sa\u011flamas\u0131nda can bulur.<\/p>\n<p style=\"text-align: center;\"><strong>Peki bunu nas\u0131l yapar?<\/strong><\/p>\n<p style=\"text-align: center;\"><strong>Toyzler Memory E\u015fle\u015ftirme Oyunu<\/strong> renkler ve \u015fekiller yoluyla birbirinden farkl\u0131 oyun \u00e7e\u015fitlerinin t\u00fcretilmesini sa\u011flayan bir dizayna sahiptir. \u00c7ocu\u011fun geli\u015fimine g\u00f6re sadece renkler, sadece \u015fekiller ya da renkler ve \u015fekiller bir arada e\u015fle\u015ftirilerek oynanabilir. Bir yandan <strong>renk e\u015fle\u015ftirme oyunu<\/strong>, di\u011fer yandan <strong>\u015fekil e\u015fle\u015ftirme oyunu<\/strong> olarak dizayn edilen tasar\u0131m zaman i\u00e7inde oyun geli\u015fime ve al\u0131\u015fmaya ba\u011fl\u0131 olarak karma\u015f\u0131kla\u015ft\u0131r\u0131labilmektedir. Yani \u00e7ocu\u011fun geli\u015fimi esas al\u0131narak farkl\u0131 alternatiflerle uzun y\u0131llar boyunca ona destek olmaktad\u0131r.<\/p>\n<p style=\"text-align: center;\">\u00c7ocuk oyunu kendi ba\u015f\u0131na oynayabilirken, ayn\u0131 zamanda di\u011fer ki\u015filerle de vakit ge\u00e7irebilmektedir. Bu durum \u00e7ocu\u011fun sosyal duygusal zekas\u0131na katk\u0131da bulunmaktad\u0131r. Hem renk ve \u015fekilleri hem de di\u011ferlerinin davran\u0131\u015f ve hareketlerini analiz etmesine katk\u0131da bulunur, neden sonu\u00e7 ili\u015fkisi kurabilme kapasitesini artt\u0131r\u0131r.<\/p>\n<p style=\"text-align: center;\"><strong>Kart e\u015fle\u015ftirme oyunu<\/strong> boyunca \u00e7ocuk belli bir s\u00fcre\u00e7 i\u00e7inde bulundu\u011funu g\u00f6r\u00fcp zaman\u0131 deneyimlerken di\u011fer yandan aktif olarak el-g\u00f6z koordinasyonu sa\u011flar, k\u00fc\u00e7\u00fck ve b\u00fcy\u00fck kas gruplar\u0131n\u0131 \u00e7al\u0131\u015ft\u0131r\u0131r. Ayn\u0131 zamanda, hatalar\u0131n\u0131 anlay\u0131p gerekti\u011finde s\u00fcreci ba\u015ftan tamamlar.<\/p>\n<p style=\"text-align: center;\"><strong>Toyzler Memory<\/strong>, dayand\u0131\u011f\u0131 e\u011fitim anlay\u0131\u015f\u0131n\u0131n yan\u0131 s\u0131ra, kaliteli tasar\u0131m\u0131, g\u00fcvenli ve do\u011fal yap\u0131s\u0131, s\u00fcrd\u00fcr\u00fclebilirli\u011fi, e\u011fitsel i\u015flevi ile \u00f6ne \u00e7\u0131kmaktad\u0131r.<\/p>\n<p>[\/vc_column_text][\/vc_column][\/vc_row][vc_row][vc_column][vc_column_text][\/vc_column_text][\/vc_column][\/vc_row]<\/p>\n<\/div>","protected":false},"excerpt":{"rendered":"<p><strong>Toyzler Memory E\u015fle\u015ftirme Oyunu<\/strong>, Montessori\u2019nin \u00e7ocuk geli\u015fimi i\u00e7in tasarlad\u0131\u011f\u0131 oyuncaklardan esinlenerek \u00fcretilen e\u011flendirici, e\u011fitici, do\u011fal ve uzun \u00f6m\u00fcrl\u00fc bir tasar\u0131md\u0131r.<\/p>\n<p>G\u00fcc\u00fcn\u00fc \u00e7ocuk geli\u015fimi \u00e7al\u0131\u015fmalar\u0131ndan alan tasar\u0131m, \u00f6zellikle haf\u0131za, konsantrasyon, renk ve \u015fekil kavram\u0131 gibi bili\u015fsel yetenekleri geli\u015ftirmeyi hedefliyor. Do\u011fal ve s\u00fcrd\u00fcr\u00fclebilir malzemelerle \u00fcretilen <strong>haf\u0131za e\u015fle\u015ftirme oyunu<\/strong>, \u00e7ocuklar\u0131n\u0131 do\u011fal ve zarars\u0131z malzemelerle bulu\u015fturmak isteyen herkes i\u00e7in g\u00fcvenilir ve ideal bir yap\u0131 sunuyor. Birden fazla ki\u015fiyle de oynanabilen tasar\u0131m\u0131 sayesinde ailelerin, e\u011fitimcilerin ve arkada\u015flar\u0131n birbirleriyle vakit ge\u00e7irmesini sa\u011fl\u0131yor. E\u011fitim ve geli\u015fimi e\u011flencenin bir par\u00e7as\u0131 haline getiriyor.<\/p>\n<p>Temel ilkeleri do\u011fall\u0131k, g\u00fcvenlik, s\u00fcrd\u00fcr\u00fclebilirlik ve e\u011fiticilik olan Toyzler Memory <strong>E\u015fle\u015ftirme Oyunu<\/strong> ile detayl\u0131 bir \u015fekilde tan\u0131\u015fmaya haz\u0131r m\u0131s\u0131n\u0131z?<\/p>\n","protected":false},"featured_media":33456,"template":"","meta":[],"product_brand":[],"product_cat":[15],"product_tag":[],"class_list":{"0":"post-33377","1":"product","2":"type-product","3":"status-publish","4":"has-post-thumbnail","6":"product_cat-oyunlar","8":"first","9":"instock","10":"taxable","11":"shipping-taxable","12":"purchasable","13":"product-type-simple"},"_links":{"self":[{"href":"https:\/\/toyzler.com\/tr\/wp-json\/wp\/v2\/product\/33377","targetHints":{"allow":["GET"]}}],"collection":[{"href":"https:\/\/toyzler.com\/tr\/wp-json\/wp\/v2\/product"}],"about":[{"href":"https:\/\/toyzler.com\/tr\/wp-json\/wp\/v2\/types\/product"}],"wp:featuredmedia":[{"embeddable":true,"href":"https:\/\/toyzler.com\/tr\/wp-json\/wp\/v2\/media\/33456"}],"wp:attachment":[{"href":"https:\/\/toyzler.com\/tr\/wp-json\/wp\/v2\/media?parent=33377"}],"wp:term":[{"taxonomy":"product_brand","embeddable":true,"href":"https:\/\/toyzler.com\/tr\/wp-json\/wp\/v2\/product_brand?post=33377"},{"taxonomy":"product_cat","embeddable":true,"href":"https:\/\/toyzler.com\/tr\/wp-json\/wp\/v2\/product_cat?post=33377"},{"taxonomy":"product_tag","embeddable":true,"href":"https:\/\/toyzler.com\/tr\/wp-json\/wp\/v2\/product_tag?post=33377"}],"curies":[{"name":"wp","href":"https:\/\/api.w.org\/{rel}","templated":true}]}}