{"id":33374,"date":"2024-05-21T10:09:59","date_gmt":"2024-05-21T10:09:59","guid":{"rendered":"https:\/\/toyzler.com.tr\/?post_type=product&#038;p=33374"},"modified":"2024-05-22T11:20:49","modified_gmt":"2024-05-22T11:20:49","slug":"toyzler-kitchen-box","status":"publish","type":"product","link":"https:\/\/toyzler.com\/tr\/urun\/toyzler-kitchen-box\/","title":{"rendered":"Toyzler Kitchen Box"},"content":{"rendered":"<div class=\"wpb-content-wrapper\"><p>[vc_row][vc_column][vc_empty_space height=&#8221;40px&#8221;][\/vc_column][\/vc_row][vc_row][vc_column width=&#8221;1\/5&#8243;][vc_row_inner][vc_column_inner width=&#8221;1\/3&#8243;][\/vc_column_inner][vc_column_inner width=&#8221;1\/3&#8243;][mvc_ihe border_width=&#8221;&#8221; hover_effect=&#8221;circle effect2 right_to_left&#8221; image_id=&#8221;33194&#8243; caption_url=&#8221;url:%23tkbd&#8221;][\/mvc_ihe][\/vc_column_inner][vc_column_inner width=&#8221;1\/3&#8243;][\/vc_column_inner][\/vc_row_inner][vc_empty_space height=&#8221;30px&#8221;][vc_column_text css=&#8221;.vc_custom_1662469342623{margin-top: -11px !important;}&#8221; el_class=&#8221;click-dogallik&#8221;]<\/p>\n<h5 style=\"text-align: center;\"><strong>Do\u011fall\u0131k<\/strong><\/h5>\n<p>[\/vc_column_text][\/vc_column][vc_column width=&#8221;1\/5&#8243;][vc_row_inner][vc_column_inner width=&#8221;1\/3&#8243;][\/vc_column_inner][vc_column_inner width=&#8221;1\/3&#8243;][mvc_ihe border_width=&#8221;&#8221; hover_effect=&#8221;circle effect2 right_to_left&#8221; image_id=&#8221;33196&#8243; caption_url=&#8221;url:%23tkbg&#8221;][\/mvc_ihe][\/vc_column_inner][vc_column_inner width=&#8221;1\/3&#8243;][\/vc_column_inner][\/vc_row_inner][vc_empty_space height=&#8221;30px&#8221;][vc_column_text css=&#8221;.vc_custom_1662469360050{margin-top: -11px !important;}&#8221; el_class=&#8221;click-guvenlik&#8221;]<\/p>\n<h5 style=\"text-align: center;\"><strong>G\u00fcvenlik<\/strong><\/h5>\n<p>[\/vc_column_text][\/vc_column][vc_column width=&#8221;1\/5&#8243;][vc_row_inner][vc_column_inner width=&#8221;1\/3&#8243;][\/vc_column_inner][vc_column_inner width=&#8221;1\/3&#8243;][mvc_ihe border_width=&#8221;&#8221; hover_effect=&#8221;circle effect2 right_to_left&#8221; image_id=&#8221;33193&#8243; caption_url=&#8221;url:%23tkbe&#8221;][\/mvc_ihe][\/vc_column_inner][vc_column_inner width=&#8221;1\/3&#8243;][\/vc_column_inner][\/vc_row_inner][vc_empty_space height=&#8221;30px&#8221;][vc_column_text css=&#8221;.vc_custom_1662469368739{margin-top: -11px !important;}&#8221; el_class=&#8221;click-egiticilik&#8221;]<\/p>\n<h5 style=\"text-align: center;\"><strong>E\u011fiticilik<\/strong><\/h5>\n<p>[\/vc_column_text][\/vc_column][vc_column width=&#8221;1\/5&#8243;][vc_row_inner][vc_column_inner width=&#8221;1\/3&#8243;][\/vc_column_inner][vc_column_inner width=&#8221;1\/3&#8243;][mvc_ihe border_width=&#8221;&#8221; hover_effect=&#8221;circle effect2 right_to_left&#8221; image_id=&#8221;33195&#8243; caption_url=&#8221;url:%23tkbs&#8221;][\/mvc_ihe][\/vc_column_inner][vc_column_inner width=&#8221;1\/3&#8243;][\/vc_column_inner][\/vc_row_inner][vc_empty_space height=&#8221;30px&#8221;][vc_column_text css=&#8221;.vc_custom_1662469376301{margin-top: -11px !important;}&#8221; el_class=&#8221;click-surdurulebilirlik&#8221;]<\/p>\n<h5 style=\"text-align: center;\"><strong>S\u00fcrd\u00fcr\u00fclebilirlik<\/strong><\/h5>\n<p>[\/vc_column_text][\/vc_column][vc_column width=&#8221;1\/5&#8243;][vc_row_inner][vc_column_inner width=&#8221;1\/3&#8243;][\/vc_column_inner][vc_column_inner width=&#8221;1\/3&#8243;][mvc_ihe border_width=&#8221;&#8221; hover_effect=&#8221;circle effect2 right_to_left&#8221; image_id=&#8221;33485&#8243; caption_url=&#8221;url:%23tkbo&#8221;][\/mvc_ihe][\/vc_column_inner][vc_column_inner width=&#8221;1\/3&#8243;][\/vc_column_inner][\/vc_row_inner][vc_empty_space height=&#8221;30px&#8221;][vc_column_text css=&#8221;.vc_custom_1662469382508{margin-top: -11px !important;}&#8221; el_class=&#8221;click-ozellik-tablosu&#8221;]<\/p>\n<h5 style=\"text-align: center;\"><strong>\u00d6zellik Tablosu<\/strong><\/h5>\n<p>[\/vc_column_text][\/vc_column][\/vc_row][vc_row][vc_column][\/vc_column][\/vc_row][vc_row][vc_column][vc_empty_space height=&#8221;40px&#8221;][vc_column_text]<\/p>\n<p style=\"text-align: center;\"><strong>Toyzler Kitchen Box<\/strong> Nedir?<\/p>\n<p style=\"text-align: center;\"><strong>Toyzler Kitchen Box<\/strong>, e\u011fitim bilimleri ara\u015ft\u0131rmalar\u0131nda kan\u0131tlanm\u0131\u015f ilkelerden hareket eden <strong>ah\u015fap oyuncak mutfak ekipman\u0131<\/strong> tasar\u0131m\u0131d\u0131r. <strong>Kitchen Box<\/strong>, \u00e7ocuklar\u0131n bula\u015f\u0131k makinesi, buzdolab\u0131, f\u0131r\u0131n ve \u00e7ama\u015f\u0131r makinesi ara\u00e7lar\u0131n\u0131 tan\u0131mas\u0131na yard\u0131mc\u0131 olur.<\/p>\n<p style=\"text-align: center;\"><strong>Toyzler Kitchen Box<\/strong> oyuncak kutusu <strong>Montessori<\/strong> <strong>E\u011fitimi<\/strong> temele al\u0131narak \u00fcretilmektedir.<strong>\u00a0 Montessori Pedagojisi, <\/strong>\u00e7ocuklar\u0131n yeti\u015fkinlerin hayat\u0131nda kar\u015f\u0131la\u015ft\u0131\u011f\u0131 nesnelerle kar\u015f\u0131la\u015fmas\u0131n\u0131 sa\u011flayan oyuncaklar\u0131n, onlar\u0131n ba\u011f\u0131ms\u0131zl\u0131k ve yeterlilik duygusuna katk\u0131da bulundu\u011funu ifade eder. Ayn\u0131 zamanda, her \u00e7ocu\u011fun bireysel \u00f6\u011frenme h\u0131z\u0131 ve \u015feklinin farkl\u0131 oldu\u011funu kabul ederek \u00e7ocuklar\u0131n farkl\u0131 karakter \u00f6zelliklerini zenginli\u011fe \u00e7evirir. <strong>Toyzler Kitchen Box<\/strong>\u2019\u0131n bu ilkelere uygunlu\u011fu malzeme se\u00e7imi ve \u00fcretim bi\u00e7imine kadar ayr\u0131nt\u0131l\u0131 bir denetimden ge\u00e7mi\u015ftir.<\/p>\n<p style=\"text-align: center;\"><strong>Oyuncak mutfak seti saklama kutusu \u00e7e\u015fitleri<\/strong>, g\u00fc\u00e7l\u00fc end\u00fcstriyel dizayn\u0131 ve s\u00fcrd\u00fcr\u00fclebilir malzemeleriyle \u00e7ocuk geli\u015fimi ilkelerine entegre edilerek dizayn edilmi\u015ftir.<\/p>\n<p style=\"text-align: center;\"><strong>Toyzler Kitchen Box \u00e7ocuklara hangi konularda yard\u0131mc\u0131 olur?<\/strong><\/p>\n<p style=\"text-align: center;\">-\u00c7ocuklarda ba\u011f\u0131ms\u0131zl\u0131k ve yeterlilik duygusunu geli\u015fimine,<\/p>\n<p style=\"text-align: center;\">-\u00c7ocuklar\u0131n hatalar\u0131n\u0131 g\u00f6rebilmesine,<\/p>\n<p style=\"text-align: center;\">-Al\u0131\u015ft\u0131rmalar\u0131 tekrar etmesine,<\/p>\n<p style=\"text-align: center;\">-Hareket ederek \u00f6\u011frenmesine,<\/p>\n<p style=\"text-align: center;\">-Sorumluluk duygusunun geli\u015fmesine,<\/p>\n<p style=\"text-align: center;\">-Hayal g\u00fcc\u00fcn\u00fcn artt\u0131r\u0131lmas\u0131na, \u00e7ocu\u011fa \u00f6zg\u00fcrl\u00fck alan\u0131 da tan\u0131yarak yard\u0131mc\u0131 olur.<\/p>\n<p style=\"text-align: center;\">Temel ilkesi <em>kendim yapabilmem i\u00e7in bana yard\u0131m et<\/em> olan pedagojik anlay\u0131\u015f, <strong>Toyzler Kitchen Box<\/strong>\u2018\u0131n par\u00e7alar\u0131n birle\u015ftirilmesi tekni\u011finde can bulur.<\/p>\n<p style=\"text-align: center;\"><strong>Peki bunu nas\u0131l yapar?<\/strong><\/p>\n<p style=\"text-align: center;\"><strong>Toyzler Kitchen Box<\/strong> serisi par\u00e7alar\u0131 birbirine ge\u00e7en aletsiz kurulumuyla ebeveyn g\u00f6zetiminde, \u00e7ocu\u011fun par\u00e7alar\u0131 birle\u015ftirerek mutfak aletini\/kutuyu tamamlamas\u0131na yard\u0131mc\u0131 olmaktad\u0131r. Bu tamamlama, hem par\u00e7alar\u0131n birle\u015fimi ile hem de grafiklerin \u00fcst \u00fcste gelerek ev ara\u00e7lar\u0131n\u0131 olu\u015fturmas\u0131yla ger\u00e7ekle\u015ftirilmektedir. Bu s\u00fcre\u00e7 i\u00e7inde \u00e7ocuk, hatalar\u0131n\u0131 anlay\u0131p gerekti\u011finde s\u00fcreci ba\u015ftan tamamlamaktad\u0131r.<\/p>\n<p style=\"text-align: center;\">S\u00fcre\u00e7 boyunca, <strong>Toyzler Kitchen Box<\/strong> \u00e7ocu\u011fa kendi hareketlerini analiz etme, tekrar etme ve d\u00fczeltme imkan\u0131 sunmaktad\u0131r. Bunun yan\u0131nda, yeti\u015fkinler ve \u00e7ocuk aras\u0131nda sosyal uyum tepeden inme bir e\u011fitim anlay\u0131\u015f\u0131 aksine, duygusal geli\u015fime imkan veren ve e\u011flencenin yer buldu\u011fu bir s\u00fcre\u00e7te ger\u00e7ekle\u015fmektedir.<\/p>\n<p style=\"text-align: center;\">\u0130ki farkl\u0131 aletin grafiklerinin, kutular\u0131n iki taraf\u0131na siyah, beyaz ve gri do\u011frusal \u00e7izgilerle bas\u0131lmas\u0131 ile \u00e7ocuk ayn\u0131 zamanda istedi\u011fi takdirde boyama alan\u0131 da elde etmi\u015f olmaktad\u0131r. \u00c7ocuklarda boyama, hayal g\u00fcc\u00fc ve yarat\u0131c\u0131l\u0131\u011f\u0131 artt\u0131rmakla birlikte, psikomotor ve bili\u015fsel geli\u015fim i\u00e7in olduk\u00e7a \u00f6nemlidir.<\/p>\n<p style=\"text-align: center;\"><strong>Toyzler Kitchen Box<\/strong>, dayand\u0131\u011f\u0131 e\u011fitim anlay\u0131\u015f\u0131n\u0131n yan\u0131 s\u0131ra, ergonomik tasar\u0131m\u0131, g\u00fcvenli ve do\u011fal yap\u0131s\u0131, s\u00fcrd\u00fcr\u00fclebilirli\u011fi, e\u011fitsel i\u015flevi ile \u00f6ne \u00e7\u0131kmaktad\u0131r.<\/p>\n<p style=\"text-align: center;\"><strong>Se\u00e7enekler<\/strong><\/p>\n<p style=\"text-align: center;\"><strong>Bula\u015f\u0131k Makinesi \u2013 Buzdolab\u0131: <\/strong>Bir taraf\u0131nda bula\u015f\u0131k makinesi, di\u011fer y\u00fcz\u00fcnde buzdolab\u0131 \u00e7izimi yer alan Kitchen Box, iki kutudan olu\u015fuyor ve birbirini tamaml\u0131yor. \u00c7ocuklar\u0131n hayal g\u00fcc\u00fcyle renklendirilmeyi bekliyor.<\/p>\n<p style=\"text-align: center;\"><strong>F\u0131r\u0131n \u2013 \u00c7ama\u015f\u0131r Makinesi:<\/strong> Bir taraf\u0131nda f\u0131r\u0131n, di\u011fer y\u00fcz\u00fcnde \u00e7ama\u015f\u0131r makinesi \u00e7izimi yer alan Kitchen Box, iki kutudan olu\u015fuyor ve birbirini tamaml\u0131yor. \u00c7ocuklar\u0131n hayal g\u00fcc\u00fcyle renklendirilmeyi bekliyor.<\/p>\n<p>[\/vc_column_text][\/vc_column][\/vc_row][vc_row][vc_column][vc_column_text][\/vc_column_text][\/vc_column][\/vc_row]<\/p>\n<\/div>","protected":false},"excerpt":{"rendered":"<p><strong>Toyzler Kitchen Box<\/strong>, Montessori\u2019nin \u00e7ocuk geli\u015fimi i\u00e7in tasarlad\u0131\u011f\u0131 oyuncaklardan esinlenerek \u00fcretilen <strong>oyuncak mutfak seti<\/strong> dizayn\u0131d\u0131r. G\u00fcc\u00fcn\u00fc \u00e7ocuk geli\u015fimi \u00e7al\u0131\u015fmalar\u0131ndan alan tasar\u0131m, g\u00fcnl\u00fck hayatta \u00e7ocuklar\u0131n kar\u015f\u0131la\u015ft\u0131\u011f\u0131 nesnelerle \u00f6\u011frenmeyi sa\u011fl\u0131yor. Do\u011fal ve s\u00fcrd\u00fcr\u00fclebilir malzemelerle \u00fcretilen mutfak oyuncaklar\u0131, \u00e7ocuklar\u0131n\u0131 do\u011fal ve zarars\u0131z malzemelerle bulu\u015fturmak isteyen herkes i\u00e7in g\u00fcvenilir ve ideal bir yap\u0131 sunuyor. Birbirine ge\u00e7en par\u00e7alar\u0131 sayesinde s\u00fcreci de e\u011fitim ve e\u011flencenin bir par\u00e7as\u0131 haline getiriyor.<\/p>\n<p>\u00c7ocuklarda sorumluluk duygusunu oyunun bir par\u00e7as\u0131 haline getiren <strong>oyuncak saklama kutusu<\/strong> bili\u015fsel, psikomotor, yarat\u0131c\u0131l\u0131k ve sosyal-duygusal geli\u015fimi desteklemek i\u00e7in dizayn edildi. Tasar\u0131m, kapakl\u0131 <strong>k\u00fc\u00e7\u00fck boy oyuncak saklama kutusu<\/strong> ve <strong>b\u00fcy\u00fck oyuncak saklama kutusu<\/strong> \u00fcst \u00fcste konularak, farkl\u0131 mutfak e\u015fyalar\u0131 olu\u015fturmaya izin veriyor.<\/p>\n<p>Temel ilkeleri do\u011fall\u0131k, g\u00fcvenlik, s\u00fcrd\u00fcr\u00fclebilirlik ve e\u011fiticilik olan <strong>Toyzler Kitchen Box<\/strong> ile detayl\u0131 bir \u015fekilde tan\u0131\u015fmaya haz\u0131r m\u0131s\u0131n\u0131z?<\/p>\n","protected":false},"featured_media":33451,"template":"","meta":[],"product_brand":[],"product_cat":[62],"product_tag":[],"class_list":{"0":"post-33374","1":"product","2":"type-product","3":"status-publish","4":"has-post-thumbnail","6":"product_cat-depolama","8":"first","9":"instock","10":"taxable","11":"shipping-taxable","12":"purchasable","13":"product-type-variable"},"_links":{"self":[{"href":"https:\/\/toyzler.com\/tr\/wp-json\/wp\/v2\/product\/33374","targetHints":{"allow":["GET"]}}],"collection":[{"href":"https:\/\/toyzler.com\/tr\/wp-json\/wp\/v2\/product"}],"about":[{"href":"https:\/\/toyzler.com\/tr\/wp-json\/wp\/v2\/types\/product"}],"wp:featuredmedia":[{"embeddable":true,"href":"https:\/\/toyzler.com\/tr\/wp-json\/wp\/v2\/media\/33451"}],"wp:attachment":[{"href":"https:\/\/toyzler.com\/tr\/wp-json\/wp\/v2\/media?parent=33374"}],"wp:term":[{"taxonomy":"product_brand","embeddable":true,"href":"https:\/\/toyzler.com\/tr\/wp-json\/wp\/v2\/product_brand?post=33374"},{"taxonomy":"product_cat","embeddable":true,"href":"https:\/\/toyzler.com\/tr\/wp-json\/wp\/v2\/product_cat?post=33374"},{"taxonomy":"product_tag","embeddable":true,"href":"https:\/\/toyzler.com\/tr\/wp-json\/wp\/v2\/product_tag?post=33374"}],"curies":[{"name":"wp","href":"https:\/\/api.w.org\/{rel}","templated":true}]}}