{"id":33373,"date":"2024-05-21T10:09:59","date_gmt":"2024-05-21T10:09:59","guid":{"rendered":"https:\/\/toyzler.com.tr\/?post_type=product&#038;p=33373"},"modified":"2024-05-21T10:44:24","modified_gmt":"2024-05-21T10:44:24","slug":"handle-eglenceli-kulplar","status":"publish","type":"product","link":"https:\/\/toyzler.com\/tr\/urun\/handle-eglenceli-kulplar\/","title":{"rendered":"Handle E\u011flenceli Kulplar"},"content":{"rendered":"<div class=\"wpb-content-wrapper\"><p>[vc_row][vc_column][vc_empty_space height=&#8221;40px&#8221;][\/vc_column][\/vc_row][vc_row][vc_column width=&#8221;1\/5&#8243;][vc_row_inner][vc_column_inner width=&#8221;1\/3&#8243;][\/vc_column_inner][vc_column_inner width=&#8221;1\/3&#8243;][mvc_ihe border_width=&#8221;&#8221; hover_effect=&#8221;circle effect2 right_to_left&#8221; image_id=&#8221;33194&#8243; caption_url=&#8221;url:%23thekd&#8221;][\/mvc_ihe][\/vc_column_inner][vc_column_inner width=&#8221;1\/3&#8243;][\/vc_column_inner][\/vc_row_inner][vc_empty_space height=&#8221;30px&#8221;][vc_column_text css=&#8221;.vc_custom_1662469342623{margin-top: -11px !important;}&#8221; el_class=&#8221;click-dogallik&#8221;]<\/p>\n<h5 style=\"text-align: center;\"><strong>Do\u011fall\u0131k<\/strong><\/h5>\n<p>[\/vc_column_text][\/vc_column][vc_column width=&#8221;1\/5&#8243;][vc_row_inner][vc_column_inner width=&#8221;1\/3&#8243;][\/vc_column_inner][vc_column_inner width=&#8221;1\/3&#8243;][mvc_ihe border_width=&#8221;&#8221; hover_effect=&#8221;circle effect2 right_to_left&#8221; image_id=&#8221;33196&#8243; caption_url=&#8221;url:%23thekg&#8221;][\/mvc_ihe][\/vc_column_inner][vc_column_inner width=&#8221;1\/3&#8243;][\/vc_column_inner][\/vc_row_inner][vc_empty_space height=&#8221;30px&#8221;][vc_column_text css=&#8221;.vc_custom_1662469360050{margin-top: -11px !important;}&#8221; el_class=&#8221;click-guvenlik&#8221;]<\/p>\n<h5 style=\"text-align: center;\"><strong>G\u00fcvenlik<\/strong><\/h5>\n<p>[\/vc_column_text][\/vc_column][vc_column width=&#8221;1\/5&#8243;][vc_row_inner][vc_column_inner width=&#8221;1\/3&#8243;][\/vc_column_inner][vc_column_inner width=&#8221;1\/3&#8243;][mvc_ihe border_width=&#8221;&#8221; hover_effect=&#8221;circle effect2 right_to_left&#8221; image_id=&#8221;33193&#8243; caption_url=&#8221;url:%23theke&#8221;][\/mvc_ihe][\/vc_column_inner][vc_column_inner width=&#8221;1\/3&#8243;][\/vc_column_inner][\/vc_row_inner][vc_empty_space height=&#8221;30px&#8221;][vc_column_text css=&#8221;.vc_custom_1662469368739{margin-top: -11px !important;}&#8221; el_class=&#8221;click-egiticilik&#8221;]<\/p>\n<h5 style=\"text-align: center;\"><strong>E\u011fiticilik<\/strong><\/h5>\n<p>[\/vc_column_text][\/vc_column][vc_column width=&#8221;1\/5&#8243;][vc_row_inner][vc_column_inner width=&#8221;1\/3&#8243;][\/vc_column_inner][vc_column_inner width=&#8221;1\/3&#8243;][mvc_ihe border_width=&#8221;&#8221; hover_effect=&#8221;circle effect2 right_to_left&#8221; image_id=&#8221;33195&#8243; caption_url=&#8221;url:%23theks&#8221;][\/mvc_ihe][\/vc_column_inner][vc_column_inner width=&#8221;1\/3&#8243;][\/vc_column_inner][\/vc_row_inner][vc_empty_space height=&#8221;30px&#8221;][vc_column_text css=&#8221;.vc_custom_1662469376301{margin-top: -11px !important;}&#8221; el_class=&#8221;click-surdurulebilirlik&#8221;]<\/p>\n<h5 style=\"text-align: center;\"><strong>S\u00fcrd\u00fcr\u00fclebilirlik<\/strong><\/h5>\n<p>[\/vc_column_text][\/vc_column][vc_column width=&#8221;1\/5&#8243;][vc_row_inner][vc_column_inner width=&#8221;1\/3&#8243;][\/vc_column_inner][vc_column_inner width=&#8221;1\/3&#8243;][mvc_ihe border_width=&#8221;&#8221; hover_effect=&#8221;circle effect2 right_to_left&#8221; image_id=&#8221;33485&#8243; caption_url=&#8221;url:%23theko&#8221;][\/mvc_ihe][\/vc_column_inner][vc_column_inner width=&#8221;1\/3&#8243;][\/vc_column_inner][\/vc_row_inner][vc_empty_space height=&#8221;30px&#8221;][vc_column_text css=&#8221;.vc_custom_1662469382508{margin-top: -11px !important;}&#8221; el_class=&#8221;click-ozellik-tablosu&#8221;]<\/p>\n<h5 style=\"text-align: center;\"><strong>\u00d6zellik Tablosu<\/strong><\/h5>\n<p>[\/vc_column_text][\/vc_column][\/vc_row][vc_row][vc_column][\/vc_column][\/vc_row][vc_row][vc_column][vc_empty_space height=&#8221;40px&#8221;][vc_column_text]<\/p>\n<p style=\"text-align: center;\"><strong>Toyzler Handle E\u011flenceli Kulplar<\/strong> Nedir?<\/p>\n<p style=\"text-align: center;\"><strong>Toyzler Handle E\u011flenceli Kulplar<\/strong>, e\u011fitim bilimleri ara\u015ft\u0131rmalar\u0131nda ortaya \u00e7\u0131kan \u00f6nerilerden yola \u00e7\u0131karak dizayn edilen bir <strong>ki\u015fiselle\u015ftirilmi\u015f alan<\/strong> tasar\u0131m\u0131d\u0131r. G\u00fcvenli dizayn\u0131 ve s\u00fcrd\u00fcr\u00fclebilir malzemeleriyle \u00e7ocuk geli\u015fimi ilkelerine entegre edilerek planlanm\u0131\u015ft\u0131r.<\/p>\n<p style=\"text-align: center;\"><strong>Toyzler Handle<\/strong> \u00e7ocuklara ait alanlar\u0131n kulplar\u0131n de\u011fi\u015ftirilmesini sa\u011flayan bir tasar\u0131md\u0131r. Kendi odas\u0131ndaki ya da ortak alandaki \u00e7ocuklara ait dolaplar\u0131n kulplar\u0131n\u0131 e\u011flenceli <strong>kulp tasar\u0131mlar\u0131<\/strong> ile de\u011fi\u015ftirerek onlar\u0131n geli\u015fimi i\u00e7in gerekli de\u011ferlerin olu\u015fturulmas\u0131na yard\u0131mc\u0131 olur.<\/p>\n<p style=\"text-align: center;\">Ayn\u0131 zamanda iste\u011fe ba\u011fl\u0131 olarak, \u00e7ocuk mobilya kulplar\u0131n\u0131 boya ile renklendirebilir. Farkl\u0131 mekanlar\u0131 farkl\u0131 renklerle boyamak organizasyon yetene\u011fini ve yarat\u0131c\u0131l\u0131\u011f\u0131n\u0131 kuvvetlendirir, ayn\u0131 zamanda, sorumluluk duygusunu edinmesini kolayla\u015ft\u0131r\u0131r.<\/p>\n<p style=\"text-align: center;\"><strong>Toyzler Handle \u00e7ocuklara hangi konularda yard\u0131mc\u0131 olur?<\/strong><\/p>\n<p style=\"text-align: center;\">-\u00c7ocuklar\u0131n mekan alg\u0131lar\u0131n\u0131n geli\u015fmesine,<\/p>\n<p style=\"text-align: center;\">-Kendine ait olan ile ba\u015fkas\u0131na ait olan\u0131 ay\u0131rmas\u0131na,<\/p>\n<p style=\"text-align: center;\">-Sorumluluk duygusu edinmesine,<\/p>\n<p style=\"text-align: center;\">-Ba\u011f\u0131ms\u0131zl\u0131k ve yeterlilik duygusu edinmesine,<\/p>\n<p style=\"text-align: center;\">-\u015eekil, renk ve hayvanlar\u0131 tan\u0131mas\u0131nda,<\/p>\n<p style=\"text-align: center;\">-Yarat\u0131c\u0131l\u0131k yeteneklerini geli\u015ftirmeye yard\u0131mc\u0131 olur.<strong>\u00a0<\/strong><\/p>\n<p style=\"text-align: center;\"><strong>Peki bunu nas\u0131l yapar?<\/strong><\/p>\n<p style=\"text-align: center;\"><strong>Toyzler Handle E\u011flenceli Kulplar <\/strong>\u00e7ocu\u011fa ait olan herhangi bir \u00e7ekmece ya da dolap kulpu ile de\u011fi\u015ftirilebilmektedir. Kulplar\u0131n kullan\u0131ld\u0131\u011f\u0131 yerler \u00e7ocukta mek\u00e2n alg\u0131s\u0131 yarat\u0131r. \u00c7ocukta yarat\u0131lan mekan alg\u0131s\u0131, o mekandan sorumlu oldu\u011fu hissinin geli\u015ftirilmesine destek olur. Arzu edildi\u011finde \u00e7ocuk o mekan\u0131n i\u00e7ini kendine g\u00f6re d\u00fczenleyebilir.<\/p>\n<p style=\"text-align: center;\">\u00c7ocu\u011fun kendi mekan\u0131na sahip olmas\u0131, \u00e7ocuklarda sonradan geli\u015fen d\u0131\u015f d\u00fcnya ve kendisi aras\u0131ndaki fark\u0131 anlamas\u0131na katk\u0131da bulunmaktad\u0131r. D\u0131\u015f d\u00fcnya ve kendisi aras\u0131ndaki fark\u0131 anlayan \u00e7ocuk, ba\u011f\u0131ms\u0131zl\u0131k ve yeterlilik duygusuna sahip olur.<\/p>\n<p style=\"text-align: center;\"><strong>Boyanabilir kulplar<\/strong> ayn\u0131 zamanda \u00e7ocu\u011fun \u00f6zelle\u015ftirmesine izin verir ve aidiyet duygusunu g\u00fc\u00e7lendirir. Ayn\u0131 zamanda yarat\u0131c\u0131l\u0131\u011f\u0131n\u0131 da artt\u0131r\u0131r.<\/p>\n<p style=\"text-align: center;\">Bunun yan\u0131 s\u0131ra, <strong>ah\u015fap kulplar<\/strong> 10 farkl\u0131 hayvan tasar\u0131m\u0131 ve \u015fekle sahiptir. B\u00f6ylece \u00e7ocukta hayvanlar\u0131 ve \u015fekilleri de tan\u0131may\u0131 sa\u011flar. Her hayvan ve \u015fekil ile bir mekan i\u015flevi birle\u015ftirilebilir. Yani farkl\u0131 i\u015flevler i\u00e7in farkl\u0131 dizaynlar se\u00e7ilebilmektedir.<\/p>\n<p style=\"text-align: center;\">Hayvanlar\u0131n \u00f6zellikleri kulplar \u00fczerinden \u00e7ocuklara aktar\u0131labilir. B\u00f6ylece d\u0131\u015f d\u00fcnya ile mekan aras\u0131nda da ba\u011flant\u0131 kurulur. Ayn\u0131 zamanda \u00e7ocuk yeni bilgileri e\u011flenerek \u00f6\u011frenir.<\/p>\n<p style=\"text-align: center;\">K\u0131saca,<strong> \u00e7ocuk mobilya kulplar\u0131 <\/strong>\u00e7ocuklar i\u00e7in mekan yarat\u0131m\u0131nda ve onlar\u0131n geli\u015fimlerine katk\u0131 sa\u011flanmas\u0131nda ebeveyn ve e\u011fitmenlere yard\u0131mc\u0131 olur.<\/p>\n<p style=\"text-align: center;\"><strong>Se\u00e7enekler<\/strong><\/p>\n<p style=\"text-align: center;\">Toyzler Handle- E\u011flenceli Kedi<\/p>\n<p style=\"text-align: center;\">Toyzler Handle- E\u011flenceli Ay\u0131<\/p>\n<p style=\"text-align: center;\">Toyzler Handle- E\u011flenceli K\u00f6pek<\/p>\n<p style=\"text-align: center;\">Toyzler Handle- E\u011flenceli Koala<\/p>\n<p style=\"text-align: center;\">Toyzler Handle- E\u011flenceli Fil<\/p>\n<p style=\"text-align: center;\">Toyzler Handle- E\u011flenceli Tav\u015fan<\/p>\n<p style=\"text-align: center;\">Toyzler Handle- E\u011flenceli Panda<\/p>\n<p style=\"text-align: center;\">Toyzler Handle- E\u011flenceli Penguen<\/p>\n<p style=\"text-align: center;\">Toyzler Handle- E\u011flenceli Tilki<\/p>\n<p style=\"text-align: center;\">Toyzler Handle- E\u011flenceli Kaplan<\/p>\n<p style=\"text-align: center;\"><strong>Toyzler Handle E\u011flenceli Kulplar \u00dcr\u00fcn \u00d6zellikleri<\/strong><\/p>\n<p style=\"text-align: center;\"><strong>Toyzler Handle E\u011flenceli Kulplar <\/strong>10 farkl\u0131 hayvan ve \u015fekil tasar\u0131m\u0131na sahiptir. Do\u011fal ah\u015faptan \u00fcretilmi\u015f kulplar\u0131n kal\u0131nl\u0131\u011f\u0131 12- 18 mm aras\u0131nda de\u011fi\u015fmektedir. Bu \u00f6zellikleriyle t\u00fcm standart mobilyalara uyum sa\u011flar, kulp vidalar\u0131 beraberinde g\u00f6nderilir ve kolayl\u0131kla tak\u0131labilir. 20 mm\u2019 ye kadar t\u00fcm y\u00fczeylerde kullan\u0131labilmektedir. 20 mm kal\u0131nl\u0131\u011f\u0131n \u00fczerinde ise paketin i\u00e7inden \u00e7\u0131kan vidadan daha uzun bir vida temin ederek kullanabilirsiniz.<\/p>\n<p style=\"text-align: center;\"><strong>Toyzler Handle<\/strong> \u00fcr\u00fcn\u00fc, t\u00fcm Toyzler \u00fcr\u00fcnleri gibi, dizayn edilirken en genel anlamda 4 temel ilkeye dayanmaktad\u0131r: do\u011fall\u0131k, g\u00fcvenlik, s\u00fcrd\u00fcr\u00fclebilirlik ve e\u011fiticilik.<\/p>\n<p>[\/vc_column_text][\/vc_column][\/vc_row][vc_row][vc_column][vc_column_text][\/vc_column_text][\/vc_column][\/vc_row]<\/p>\n<\/div>","protected":false},"excerpt":{"rendered":"<p><strong>Toyzler Handle E\u011flenceli Kulplar <\/strong>\u00e7ocuklara kendi alan\u0131n\u0131 sa\u011flamak i\u00e7in dizayn edilen yarat\u0131c\u0131 <strong>ah\u015fap kulp<\/strong> modelleridir. \u00c7ocuk odas\u0131 dolap kulplar\u0131 \u00e7ocu\u011fa kendi alan\u0131n\u0131 belirlemesi i\u00e7in yard\u0131mc\u0131 olur. B\u00f6ylece \u00e7ocuk d\u0131\u015f d\u00fcnya ve kendisi aras\u0131ndaki ayr\u0131m\u0131 alan\u0131nda netle\u015ftirir. Bunun yan\u0131 s\u0131ra, kendi alan\u0131 i\u00e7in sorumluluk almak i\u00e7in ilk ad\u0131m\u0131 atar.<\/p>\n<p><strong>Toyzler Handle E\u011flenceli Kulplar <\/strong>g\u00fcc\u00fcn\u00fc \u00e7ocuk geli\u015fimi \u00e7al\u0131\u015fmalar\u0131ndan alan tasar\u0131m\u0131n\u0131, do\u011fal ve s\u00fcrd\u00fcr\u00fclebilir malzemelerle birle\u015ftiriyor.<\/p>\n<p><strong>Toyzler Handle<\/strong> bir\u00e7ok \u00e7ocu\u011fun evine konuk olan, hem <strong>kre\u015f mobilya<\/strong> dekoru olarak kullan\u0131lan hem de \u00e7ocu\u011fun geli\u015fi ve sorumluluk duygusu i\u00e7in onu cesaretlendiren bir tasar\u0131md\u0131r.<\/p>\n<p><strong>Toyzler Handle <\/strong>e\u011flenceli<strong> ah\u015fap kulplar<\/strong> t\u00fcm di\u011fer <strong>Toyzler \u00fcr\u00fcnleri<\/strong> gibi, \u00e7ocuk dostu malzeme ve tasar\u0131m\u0131n\u0131n yan\u0131nda, kalitesi ve yarat\u0131c\u0131l\u0131\u011fa izin veren yaz\u0131 alan\u0131 ile farkl\u0131 ve i\u015flevsel bir \u00fcr\u00fcn sunuyor.<\/p>\n<p>Temel ilkeleri do\u011fall\u0131k, g\u00fcvenlik, s\u00fcrd\u00fcr\u00fclebilirlik ve e\u011fiticilik olan <strong>Toyzler Handle E\u011flenceli Kulplar<\/strong> ile detayl\u0131 bir \u015fekilde tan\u0131\u015fmaya haz\u0131r m\u0131s\u0131n\u0131z?<\/p>\n","protected":false},"featured_media":33443,"template":"","meta":[],"product_brand":[],"product_cat":[61],"product_tag":[],"class_list":{"0":"post-33373","1":"product","2":"type-product","3":"status-publish","4":"has-post-thumbnail","6":"product_cat-dekorasyon","8":"first","9":"instock","10":"taxable","11":"shipping-taxable","12":"purchasable","13":"product-type-simple"},"_links":{"self":[{"href":"https:\/\/toyzler.com\/tr\/wp-json\/wp\/v2\/product\/33373","targetHints":{"allow":["GET"]}}],"collection":[{"href":"https:\/\/toyzler.com\/tr\/wp-json\/wp\/v2\/product"}],"about":[{"href":"https:\/\/toyzler.com\/tr\/wp-json\/wp\/v2\/types\/product"}],"wp:featuredmedia":[{"embeddable":true,"href":"https:\/\/toyzler.com\/tr\/wp-json\/wp\/v2\/media\/33443"}],"wp:attachment":[{"href":"https:\/\/toyzler.com\/tr\/wp-json\/wp\/v2\/media?parent=33373"}],"wp:term":[{"taxonomy":"product_brand","embeddable":true,"href":"https:\/\/toyzler.com\/tr\/wp-json\/wp\/v2\/product_brand?post=33373"},{"taxonomy":"product_cat","embeddable":true,"href":"https:\/\/toyzler.com\/tr\/wp-json\/wp\/v2\/product_cat?post=33373"},{"taxonomy":"product_tag","embeddable":true,"href":"https:\/\/toyzler.com\/tr\/wp-json\/wp\/v2\/product_tag?post=33373"}],"curies":[{"name":"wp","href":"https:\/\/api.w.org\/{rel}","templated":true}]}}