{"id":33371,"date":"2024-05-21T10:09:59","date_gmt":"2024-05-21T10:09:59","guid":{"rendered":"https:\/\/toyzler.com.tr\/?post_type=product&#038;p=33371"},"modified":"2024-05-21T10:48:03","modified_gmt":"2024-05-21T10:48:03","slug":"writing-board-tablet","status":"publish","type":"product","link":"https:\/\/toyzler.com\/tr\/urun\/writing-board-tablet\/","title":{"rendered":"Writing Board &#8211; Tablet"},"content":{"rendered":"<div class=\"wpb-content-wrapper\"><p>[vc_row][vc_column][vc_empty_space height=&#8221;40px&#8221;][\/vc_column][\/vc_row][vc_row][vc_column width=&#8221;1\/5&#8243;][vc_row_inner][vc_column_inner width=&#8221;1\/3&#8243;][\/vc_column_inner][vc_column_inner width=&#8221;1\/3&#8243;][mvc_ihe border_width=&#8221;&#8221; hover_effect=&#8221;circle effect2 right_to_left&#8221; image_id=&#8221;33194&#8243; caption_url=&#8221;url:%23twbtd&#8221;][\/mvc_ihe][\/vc_column_inner][vc_column_inner width=&#8221;1\/3&#8243;][\/vc_column_inner][\/vc_row_inner][vc_empty_space height=&#8221;30px&#8221;][vc_column_text css=&#8221;.vc_custom_1662469342623{margin-top: -11px !important;}&#8221; el_class=&#8221;click-dogallik&#8221;]<\/p>\n<h5 style=\"text-align: center;\"><strong>Do\u011fall\u0131k<\/strong><\/h5>\n<p>[\/vc_column_text][\/vc_column][vc_column width=&#8221;1\/5&#8243;][vc_row_inner][vc_column_inner width=&#8221;1\/3&#8243;][\/vc_column_inner][vc_column_inner width=&#8221;1\/3&#8243;][mvc_ihe border_width=&#8221;&#8221; hover_effect=&#8221;circle effect2 right_to_left&#8221; image_id=&#8221;33196&#8243; caption_url=&#8221;url:%23twbtg&#8221;][\/mvc_ihe][\/vc_column_inner][vc_column_inner width=&#8221;1\/3&#8243;][\/vc_column_inner][\/vc_row_inner][vc_empty_space height=&#8221;30px&#8221;][vc_column_text css=&#8221;.vc_custom_1662469360050{margin-top: -11px !important;}&#8221; el_class=&#8221;click-guvenlik&#8221;]<\/p>\n<h5 style=\"text-align: center;\"><strong>G\u00fcvenlik<\/strong><\/h5>\n<p>[\/vc_column_text][\/vc_column][vc_column width=&#8221;1\/5&#8243;][vc_row_inner][vc_column_inner width=&#8221;1\/3&#8243;][\/vc_column_inner][vc_column_inner width=&#8221;1\/3&#8243;][mvc_ihe border_width=&#8221;&#8221; hover_effect=&#8221;circle effect2 right_to_left&#8221; image_id=&#8221;33193&#8243; caption_url=&#8221;url:%23twbte&#8221;][\/mvc_ihe][\/vc_column_inner][vc_column_inner width=&#8221;1\/3&#8243;][\/vc_column_inner][\/vc_row_inner][vc_empty_space height=&#8221;30px&#8221;][vc_column_text css=&#8221;.vc_custom_1662469368739{margin-top: -11px !important;}&#8221; el_class=&#8221;click-egiticilik&#8221;]<\/p>\n<h5 style=\"text-align: center;\"><strong>E\u011fiticilik<\/strong><\/h5>\n<p>[\/vc_column_text][\/vc_column][vc_column width=&#8221;1\/5&#8243;][vc_row_inner][vc_column_inner width=&#8221;1\/3&#8243;][\/vc_column_inner][vc_column_inner width=&#8221;1\/3&#8243;][mvc_ihe border_width=&#8221;&#8221; hover_effect=&#8221;circle effect2 right_to_left&#8221; image_id=&#8221;33195&#8243; caption_url=&#8221;url:%23twbts&#8221;][\/mvc_ihe][\/vc_column_inner][vc_column_inner width=&#8221;1\/3&#8243;][\/vc_column_inner][\/vc_row_inner][vc_empty_space height=&#8221;30px&#8221;][vc_column_text css=&#8221;.vc_custom_1662469376301{margin-top: -11px !important;}&#8221; el_class=&#8221;click-surdurulebilirlik&#8221;]<\/p>\n<h5 style=\"text-align: center;\"><strong>S\u00fcrd\u00fcr\u00fclebilirlik<\/strong><\/h5>\n<p>[\/vc_column_text][\/vc_column][vc_column width=&#8221;1\/5&#8243;][vc_row_inner][vc_column_inner width=&#8221;1\/3&#8243;][\/vc_column_inner][vc_column_inner width=&#8221;1\/3&#8243;][mvc_ihe border_width=&#8221;&#8221; hover_effect=&#8221;circle effect2 right_to_left&#8221; image_id=&#8221;33485&#8243; caption_url=&#8221;url:%23twbto&#8221;][\/mvc_ihe][\/vc_column_inner][vc_column_inner width=&#8221;1\/3&#8243;][\/vc_column_inner][\/vc_row_inner][vc_empty_space height=&#8221;30px&#8221;][vc_column_text css=&#8221;.vc_custom_1662469382508{margin-top: -11px !important;}&#8221; el_class=&#8221;click-ozellik-tablosu&#8221;]<\/p>\n<h5 style=\"text-align: center;\"><strong>\u00d6zellik Tablosu<\/strong><\/h5>\n<p>[\/vc_column_text][\/vc_column][\/vc_row][vc_row][vc_column][\/vc_column][\/vc_row][vc_row][vc_column][vc_empty_space height=&#8221;40px&#8221;][vc_column_text]<\/p>\n<p style=\"text-align: center;\"><strong>Toyzler Writing Board<\/strong> Nedir?<\/p>\n<p style=\"text-align: center;\"><strong>Toyzler Writing Board<\/strong>, e\u011fitim bilimleri ara\u015ft\u0131rmalar\u0131nda ortaya \u00e7\u0131karan kan\u0131tlanm\u0131\u015f ilkelerden hareket eden bir <strong>ah\u015fap yaz\u0131 tahtas\u0131<\/strong> olarak dizayn edilmi\u015ftir. G\u00fc\u00e7l\u00fc end\u00fcstriyel tasar\u0131m altyap\u0131s\u0131 ve ekipmanlar\u0131yla, s\u00fcrd\u00fcr\u00fclebilir malzemeler \u00e7ocuk geli\u015fimi ilkelerine entegre edilerek tasarlanmaktad\u0131r.<\/p>\n<p style=\"text-align: center;\"><strong>Toyzler Writing Board<\/strong> yaz\u0131 tahtas\u0131 <strong>Montessori<\/strong> <strong>e\u011fitimi<\/strong> temele al\u0131narak \u00fcretilmektedir.<strong> Montessori pedagojisi <\/strong>geleneksel \u00f6\u011frenme y\u00f6ntemlerinden farkl\u0131 olarak \u00e7ocu\u011fun pratik hayat i\u00e7inde \u00f6\u011frenmesini esas al\u0131r. Her \u00e7ocu\u011fun bireysel \u00f6\u011frenme h\u0131z\u0131 ve \u015feklinin farkl\u0131 oldu\u011funu kabul eder. Bu nedenle, \u00f6\u011frenirken birden fazla alanda geli\u015fim sa\u011flayan pratik e\u011fitim oyuncaklar\u0131na ve malzemelerine odaklan\u0131r.<\/p>\n<p style=\"text-align: center;\"><strong>Montessori<\/strong> e\u011fitim felsefesini temele ald\u0131\u011f\u0131m\u0131z <strong>Toyzler Writing Board<\/strong>, bu ilkelere g\u00f6re ayr\u0131nt\u0131l\u0131 dizayn edilmi\u015ftir. <strong>Montessori e\u011fitimi<\/strong> a\u015f\u0131r\u0131 karma\u015f\u0131k yap\u0131da oyuncaklardan ziyade, bir oyunca\u011f\u0131 bilin\u00e7li bir bi\u00e7imde farkl\u0131 kullan\u0131m alanlar\u0131na y\u00f6nelik dizayn etmeyi temele almaktad\u0131r. Bu nedenle Toyzler <strong>tebe\u015firli yaz\u0131 tahtas\u0131<\/strong>, tasar\u0131m se\u00e7iminden, malzemelere, tahtay\u0131 kullanma bi\u00e7imi ve \u00fcretim \u015fekline kadar ayr\u0131nt\u0131l\u0131 bir denetimden ge\u00e7mi\u015ftir.<\/p>\n<p style=\"text-align: center;\">Buna g\u00f6re <strong>Toyzler Writing Board<\/strong>, \u015eenay \u00d6zen Alt\u0131nkaynak\u2019\u0131n ifade etti\u011fi okur yazarl\u0131k e\u011fitiminin farkl\u0131 \u00f6gelerine g\u00f6re dizayn edilmi\u015ftir. \u0130lk olarak <strong>ah\u015fap yaz\u0131 tahtas\u0131<\/strong>, \u00e7ocuklar\u0131n erken d\u00f6nemlerde okuma yazma ile ilgili olumlu tutum ve davran\u0131\u015flar kazanmas\u0131n\u0131 sa\u011flama amac\u0131na y\u00f6nelmektedir. Yaz\u0131 tahtas\u0131 ile vakit ge\u00e7iren \u00e7ocuklar ebeveyn ya da e\u011fitimcilerle olduklar\u0131nda da hala kendileri bir \u015feyler yaratabilmektedir. \u00c7ocuklar, do\u011fal malzemelerin kullan\u0131ld\u0131\u011f\u0131 ah\u015fap yaz\u0131 tahtas\u0131na tebe\u015firle yaz\u0131 yazarken nesneler aras\u0131ndaki benzerlik ve farkl\u0131l\u0131klar\u0131 peki\u015ftirecek farkl\u0131 bir y\u00fczey ve dokuyla kar\u015f\u0131la\u015f\u0131r. Ayn\u0131 zamanda, yazmak el-g\u00f6z koordinasyonunu geli\u015ftirmeye y\u00f6nelik etkinliklerin en ba\u015f\u0131nda gelir. Tahtadaki \u015fekillerin birbirine g\u00f6re farkl\u0131 konumlar\u0131n\u0131 g\u00f6rmek, b\u00fcy\u00fckl\u00fck- k\u00fc\u00e7\u00fckl\u00fck ili\u015fkisini olu\u015fturup deneyimlemek g\u00f6rsel alg\u0131y\u0131 kuvvetlendirir. \u00d6zellikle iki boyutlu y\u00fczeye \u00fc\u00e7 boyutlu hayal g\u00fcc\u00fcn\u00fc yans\u0131tmak uzaysal zekan\u0131n kullan\u0131lmas\u0131 gereken bir etkinliktir.<\/p>\n<p style=\"text-align: center;\">Her \u015feyden \u00f6nce, \u00e7ocuk vakit ge\u00e7irirken hareket ederek \u00f6\u011frenme, sosyal ili\u015fkiler kurma ve \u00f6zg\u00fcr faaliyete dayal\u0131 bir ortamda bulunur. Bunun yan\u0131nda, <strong>yaz\u0131 tahtas\u0131<\/strong> detaylar\u0131 ve malzemeleriyle ba\u015fka alt pedagojik hedeflere sahiptir.<\/p>\n<p style=\"text-align: center;\"><strong>Toyzler yaz\u0131 tahtas\u0131<\/strong>, dayand\u0131\u011f\u0131 e\u011fitim anlay\u0131\u015f\u0131n\u0131n yan\u0131 s\u0131ra, ergonomik tasar\u0131m\u0131, g\u00fcvenli ve do\u011fal yap\u0131s\u0131, s\u00fcrd\u00fcr\u00fclebilirli\u011fi, e\u011fitsel i\u015flevi ile \u00f6ne \u00e7\u0131k\u0131yor. E\u011fiticilik b\u00f6l\u00fcm\u00fcnden \u00fcr\u00fcn\u00fcn ayr\u0131nt\u0131l\u0131 e\u011fitim hedeflerini kontrol edebilirsiniz.<\/p>\n<p style=\"text-align: center;\"><strong>Toyzler Writing Board Tablet \u00dcr\u00fcn \u00d6zellikleri<\/strong><\/p>\n<p style=\"text-align: center;\"><strong>Toyzler Writing Board Tablet <\/strong>360&#215;250 mm. boyutunda, 9 mm. kal\u0131nl\u0131\u011f\u0131nda ah\u015fap yap\u0131da, tebe\u015firle yaz\u0131labilir alana sahip olan tablet \u015feklinde bir yaz\u0131 tahtas\u0131d\u0131r.<\/p>\n<p style=\"text-align: center;\">Do\u011fal ah\u015fap kullanarak dizayn edilen bu \u00fcr\u00fcn, statik elektri\u011fi b\u00fcnyesine toplayan \u00fcr\u00fcnler oynarken rahatlamay\u0131 sa\u011flar.<\/p>\n<p style=\"text-align: center;\"><strong>Tablet Yaz\u0131 Tahtas\u0131<\/strong> alan\u0131 GreenGuard Gold sertifikal\u0131 UV renklendirme ile yap\u0131lan yaz\u0131 alan\u0131na sahiptir. Boya \u00fczerine Oyuncak G\u00fcvenlik Sertifikas\u0131\u2019na sahip vernik kullan\u0131lm\u0131\u015f ve b\u00f6ylece \u00fcr\u00fcn\u00fcn toz tutmamas\u0131 ve kolayl\u0131kla temizlenmesi hedeflenmi\u015ftir.\u00a0 Kullan\u0131lan UV renklendirmenin ve verni\u011fin hem \u00fcretim hem de kullan\u0131m s\u00fcrecinde hi\u00e7bir zarar\u0131 bulunmamaktad\u0131r.<\/p>\n<p style=\"text-align: center;\"><strong>Toyzler Writing Board<\/strong> \u00fcr\u00fcn\u00fc, t\u00fcm Toyzler \u00fcr\u00fcnleri gibi, dizayn edilirken en genel anlamda 4 temel ilkeye dayanmaktad\u0131r: do\u011fall\u0131k, g\u00fcvenlik, s\u00fcrd\u00fcr\u00fclebilirlik ve e\u011fiticilik.<\/p>\n<p>[\/vc_column_text][\/vc_column][\/vc_row][vc_row][vc_column][vc_column_text]<\/span>[\/vc_column_text][\/vc_column][\/vc_row]<\/p>\n<\/div>","protected":false},"excerpt":{"rendered":"<p><strong>Toyzler Writing Board Tablet<\/strong>, g\u00fcn\u00fcm\u00fcz teknolojileri aras\u0131ndan \u00f6ne \u00e7\u0131kan ve \u00e7ocuklar\u0131n dikkatini \u00e7eken tableti profesyonel <strong>yaz\u0131 tahtas\u0131<\/strong> tasar\u0131m\u0131yla evinize getiriyor.<\/p>\n<p>\u00c7ocuklar\u0131n\u0131z i\u00e7in, ileri teknolojinin hakim oldu\u011fu zamanlarda, yarat\u0131c\u0131l\u0131klar\u0131n\u0131 kullanabilecekleri aktif bir ekrans\u0131z bir e\u011flence k\u00fclt\u00fcr\u00fcn\u00fc olu\u015fturabilirsiniz. <strong>Tablet tasar\u0131ml\u0131 yaz\u0131 tahtas\u0131<\/strong> ile \u00e7ocuklar yaz\u0131 tahtas\u0131n\u0131n kendilerine sa\u011flad\u0131\u011f\u0131 farkl\u0131 geli\u015fim kapasitelerini geli\u015ftirebilir.<\/p>\n<p>\u0130nternet ve bilgisayar teknolojisi, \u00e7ocuklara her ne kadar farkl\u0131 yetenekler kazand\u0131rsa da uzmanlar bu zaman\u0131n k\u0131s\u0131tl\u0131 olmas\u0131 gerekti\u011fi konusunda uyarmaktad\u0131r. Bunun temel nedeni yaln\u0131zca ekrana bakmak ya da d\u0131\u015f d\u00fcnya ile ya\u015fanan kopukluk de\u011fildir. Ayn\u0131 zamanda teknolojik aletler \u00e7ocuklar\u0131n baz\u0131 bili\u015fsel, sosyal, psikomotor ve yarat\u0131c\u0131l\u0131k geli\u015fim \u00f6gelerini kullanmas\u0131na uygun yap\u0131da de\u011fildir. Modern \u00e7ocuk geli\u015fim pedagojisi ise, \u00e7ocu\u011fun \u00e7ok y\u00f6nl\u00fc desteklenmesinin gerekli oldu\u011funu kan\u0131tlam\u0131\u015ft\u0131r.<\/p>\n<p><strong>Tablet yaz\u0131 tahtas\u0131<\/strong>, bu nedenle \u00e7ocuklar\u0131n farkl\u0131 doku, ili\u015fki, hareket ve etkile\u015fim bi\u00e7imlerini geli\u015ftirmek i\u00e7in dizayn edilmi\u015ftir.<\/p>\n<p><strong>\u00c7ocuklar i\u00e7in yaz\u0131 tahtas\u0131<\/strong>, taklit ve yineleme yoluyla \u00f6\u011frenmenin yan\u0131 s\u0131ra yarat\u0131c\u0131l\u0131klar\u0131n\u0131 da ifade etmenin bir yoludur. G\u00fcc\u00fcn\u00fc \u00e7ocuk geli\u015fiminden alan tasar\u0131m\u0131 ile do\u011fal ve s\u00fcrd\u00fcr\u00fclebilir malzemeleri birle\u015ftirdi\u011fimiz bu tasar\u0131m, erken akademik becerileri geli\u015ftirmeyi hedeflemektedir.<\/p>\n<p><strong>Toyzler Yaz\u0131 Tahtas\u0131, <\/strong>yarat\u0131c\u0131l\u0131\u011f\u0131 te\u015fvik eden yap\u0131s\u0131 ile akademik geli\u015fimi e\u011flenceli bir \u015fekilde oyunun bir par\u00e7as\u0131 haline getirerek <strong>bili\u015fsel<\/strong>, psikomotor, yarat\u0131c\u0131l\u0131k ve sosyal-duygusal geli\u015fimi destekliyor.<\/p>\n","protected":false},"featured_media":33428,"template":"","meta":[],"product_brand":[],"product_cat":[64],"product_tag":[],"class_list":{"0":"post-33371","1":"product","2":"type-product","3":"status-publish","4":"has-post-thumbnail","6":"product_cat-oyuncaklar","8":"first","9":"instock","10":"taxable","11":"shipping-taxable","12":"purchasable","13":"product-type-simple"},"_links":{"self":[{"href":"https:\/\/toyzler.com\/tr\/wp-json\/wp\/v2\/product\/33371","targetHints":{"allow":["GET"]}}],"collection":[{"href":"https:\/\/toyzler.com\/tr\/wp-json\/wp\/v2\/product"}],"about":[{"href":"https:\/\/toyzler.com\/tr\/wp-json\/wp\/v2\/types\/product"}],"wp:featuredmedia":[{"embeddable":true,"href":"https:\/\/toyzler.com\/tr\/wp-json\/wp\/v2\/media\/33428"}],"wp:attachment":[{"href":"https:\/\/toyzler.com\/tr\/wp-json\/wp\/v2\/media?parent=33371"}],"wp:term":[{"taxonomy":"product_brand","embeddable":true,"href":"https:\/\/toyzler.com\/tr\/wp-json\/wp\/v2\/product_brand?post=33371"},{"taxonomy":"product_cat","embeddable":true,"href":"https:\/\/toyzler.com\/tr\/wp-json\/wp\/v2\/product_cat?post=33371"},{"taxonomy":"product_tag","embeddable":true,"href":"https:\/\/toyzler.com\/tr\/wp-json\/wp\/v2\/product_tag?post=33371"}],"curies":[{"name":"wp","href":"https:\/\/api.w.org\/{rel}","templated":true}]}}