{"id":33365,"date":"2024-05-21T10:09:58","date_gmt":"2024-05-21T10:09:58","guid":{"rendered":"https:\/\/toyzler.com.tr\/?post_type=product&#038;p=33365"},"modified":"2024-05-21T10:51:39","modified_gmt":"2024-05-21T10:51:39","slug":"tozyler-zoo-box","status":"publish","type":"product","link":"https:\/\/toyzler.com\/tr\/urun\/tozyler-zoo-box\/","title":{"rendered":"Tozyler Zoo Box"},"content":{"rendered":"<div class=\"wpb-content-wrapper\"><p>[vc_row][vc_column][vc_empty_space height=&#8221;40px&#8221;][\/vc_column][\/vc_row][vc_row][vc_column width=&#8221;1\/5&#8243;][vc_row_inner][vc_column_inner width=&#8221;1\/3&#8243;][\/vc_column_inner][vc_column_inner width=&#8221;1\/3&#8243;][mvc_ihe border_width=&#8221;&#8221; hover_effect=&#8221;circle effect2 right_to_left&#8221; image_id=&#8221;33194&#8243; caption_url=&#8221;url:%23zbd&#8221;][\/mvc_ihe][\/vc_column_inner][vc_column_inner width=&#8221;1\/3&#8243;][\/vc_column_inner][\/vc_row_inner][vc_empty_space height=&#8221;30px&#8221;][vc_column_text css=&#8221;.vc_custom_1662469342623{margin-top: -11px !important;}&#8221; el_class=&#8221;click-dogallik&#8221;]<\/p>\n<h5 style=\"text-align: center;\"><strong>Do\u011fall\u0131k<\/strong><\/h5>\n<p>[\/vc_column_text][\/vc_column][vc_column width=&#8221;1\/5&#8243;][vc_row_inner][vc_column_inner width=&#8221;1\/3&#8243;][\/vc_column_inner][vc_column_inner width=&#8221;1\/3&#8243;][mvc_ihe border_width=&#8221;&#8221; hover_effect=&#8221;circle effect2 right_to_left&#8221; image_id=&#8221;33196&#8243; caption_url=&#8221;url:%23zbg&#8221;][\/mvc_ihe][\/vc_column_inner][vc_column_inner width=&#8221;1\/3&#8243;][\/vc_column_inner][\/vc_row_inner][vc_empty_space height=&#8221;30px&#8221;][vc_column_text css=&#8221;.vc_custom_1662469360050{margin-top: -11px !important;}&#8221; el_class=&#8221;click-guvenlik&#8221;]<\/p>\n<h5 style=\"text-align: center;\"><strong>G\u00fcvenlik<\/strong><\/h5>\n<p>[\/vc_column_text][\/vc_column][vc_column width=&#8221;1\/5&#8243;][vc_row_inner][vc_column_inner width=&#8221;1\/3&#8243;][\/vc_column_inner][vc_column_inner width=&#8221;1\/3&#8243;][mvc_ihe border_width=&#8221;&#8221; hover_effect=&#8221;circle effect2 right_to_left&#8221; image_id=&#8221;33193&#8243; caption_url=&#8221;url:%23zbe&#8221;][\/mvc_ihe][\/vc_column_inner][vc_column_inner width=&#8221;1\/3&#8243;][\/vc_column_inner][\/vc_row_inner][vc_empty_space height=&#8221;30px&#8221;][vc_column_text css=&#8221;.vc_custom_1662469368739{margin-top: -11px !important;}&#8221; el_class=&#8221;click-egiticilik&#8221;]<\/p>\n<h5 style=\"text-align: center;\"><strong>E\u011fiticilik<\/strong><\/h5>\n<p>[\/vc_column_text][\/vc_column][vc_column width=&#8221;1\/5&#8243;][vc_row_inner][vc_column_inner width=&#8221;1\/3&#8243;][\/vc_column_inner][vc_column_inner width=&#8221;1\/3&#8243;][mvc_ihe border_width=&#8221;&#8221; hover_effect=&#8221;circle effect2 right_to_left&#8221; image_id=&#8221;33195&#8243; caption_url=&#8221;url:%23zbs&#8221;][\/mvc_ihe][\/vc_column_inner][vc_column_inner width=&#8221;1\/3&#8243;][\/vc_column_inner][\/vc_row_inner][vc_empty_space height=&#8221;30px&#8221;][vc_column_text css=&#8221;.vc_custom_1662469376301{margin-top: -11px !important;}&#8221; el_class=&#8221;click-surdurulebilirlik&#8221;]<\/p>\n<h5 style=\"text-align: center;\"><strong>S\u00fcrd\u00fcr\u00fclebilirlik<\/strong><\/h5>\n<p>[\/vc_column_text][\/vc_column][vc_column width=&#8221;1\/5&#8243;][vc_row_inner][vc_column_inner width=&#8221;1\/3&#8243;][\/vc_column_inner][vc_column_inner width=&#8221;1\/3&#8243;][mvc_ihe border_width=&#8221;&#8221; hover_effect=&#8221;circle effect2 right_to_left&#8221; image_id=&#8221;33485&#8243; caption_url=&#8221;url:%23zbo&#8221;][\/mvc_ihe][\/vc_column_inner][vc_column_inner width=&#8221;1\/3&#8243;][\/vc_column_inner][\/vc_row_inner][vc_empty_space height=&#8221;30px&#8221;][vc_column_text css=&#8221;.vc_custom_1662469382508{margin-top: -11px !important;}&#8221; el_class=&#8221;click-ozellik-tablosu&#8221;]<\/p>\n<h5 style=\"text-align: center;\"><strong>\u00d6zellik Tablosu<\/strong><\/h5>\n<p>[\/vc_column_text][\/vc_column][\/vc_row][vc_row][vc_column][\/vc_column][\/vc_row][vc_row][vc_column][vc_empty_space height=&#8221;40px&#8221;][vc_column_text]<\/p>\n<p style=\"text-align: center;\"><strong>Toyzler Zoo Box<\/strong> Nedir?<\/p>\n<p style=\"text-align: center;\"><strong>Toyzler Zoo Box<\/strong>, e\u011fitim bilimleri ara\u015ft\u0131rmalar\u0131nda kan\u0131tlanm\u0131\u015f ilkelerden hareket eden bir <strong>ah\u015fap oyuncak kutusu<\/strong> tasar\u0131md\u0131r. G\u00fc\u00e7l\u00fc end\u00fcstriyel dizayn\u0131 ve s\u00fcrd\u00fcr\u00fclebilir malzemeleriyle \u00e7ocuk geli\u015fimi ilkelerine entegre edilerek dizayn edilmi\u015ftir.<\/p>\n<p style=\"text-align: center;\"><strong>Toyzler Zoo Box<\/strong> oyuncak kutusu <strong>Montessori<\/strong> <strong>E\u011fitimi<\/strong> temele al\u0131narak \u00fcretilmektedir.<strong> Montessori pedagojisi <\/strong>her \u00e7ocu\u011fun bireysel \u00f6\u011frenme h\u0131z\u0131 ve \u015feklinin farkl\u0131 oldu\u011funu kabul eder, \u00e7ocuklar\u0131n farkl\u0131 karakter \u00f6zelliklerini zenginli\u011fe \u00e7evirir. <strong>Toyzler Zoo Box<\/strong>\u2019\u0131n bu ilkelere uygunlu\u011fu malzeme se\u00e7imi ve \u00fcretim bi\u00e7imine kadar ayr\u0131nt\u0131l\u0131 bir denetimden ge\u00e7mi\u015ftir.<\/p>\n<p style=\"text-align: center;\"><strong>Toyzler Zoo Box \u00e7ocuklara hangi konularda yard\u0131mc\u0131 olur? <\/strong><\/p>\n<p style=\"text-align: center;\">-\u00c7ocuklar\u0131n hatalar\u0131n\u0131 g\u00f6rebilmesine,<\/p>\n<p style=\"text-align: center;\">-Al\u0131\u015ft\u0131rmalar\u0131 tekrar etmesine,<\/p>\n<p style=\"text-align: center;\">-Hareket ederek \u00f6\u011frenmesine,<\/p>\n<p style=\"text-align: center;\">-Sosyal ili\u015fkiler kurmas\u0131na, \u00e7ocu\u011fa \u00f6zg\u00fcrl\u00fck alan\u0131 da tan\u0131yarak yard\u0131mc\u0131 olur.<\/p>\n<p style=\"text-align: center;\">Temel ilkesi <em>kendim yapabilmem i\u00e7in bana yard\u0131m et<\/em> olan pedagojik anlay\u0131\u015f, <strong>Toyzler Zoo Box<\/strong> \u2018\u0131n par\u00e7alar\u0131n birle\u015ftirilmesi tekni\u011finde can bulur.<\/p>\n<p style=\"text-align: center;\"><strong>Peki bunu nas\u0131l yapar?<\/strong><\/p>\n<p style=\"text-align: center;\"><strong>Toyzler Zoo Box<\/strong> serisi par\u00e7alar\u0131 birbirine ge\u00e7en aletsiz kurulumuyla ebeveyn g\u00f6zetiminde, \u00e7ocu\u011fun par\u00e7alar\u0131 birle\u015ftirerek kutuyu tamamlamas\u0131na yard\u0131mc\u0131 olmaktad\u0131r. Bu s\u00fcre\u00e7 i\u00e7inde \u00e7ocuk, hatalar\u0131n\u0131 anlay\u0131p gerekti\u011finde s\u00fcreci ba\u015ftan tamamlamaktad\u0131r.<\/p>\n<p style=\"text-align: center;\">S\u00fcre\u00e7 boyunca, <strong>Toyzler Zoo Box<\/strong> \u00e7ocu\u011fa kendi hareketlerini analiz etme, tekrar etme ve d\u00fczeltme imkan\u0131 sunmaktad\u0131r. Bunun yan\u0131nda, yeti\u015fkinler ve \u00e7ocuk aras\u0131nda sosyal uyum tepeden inme bir e\u011fitim anlay\u0131\u015f\u0131 aksine, duygusal geli\u015fime imkan veren ve e\u011flencenin yer buldu\u011fu bir s\u00fcre\u00e7te ger\u00e7ekle\u015fmektedir.<\/p>\n<p style=\"text-align: center;\"><strong>Toyzler Zoo Box<\/strong>, dayand\u0131\u011f\u0131 e\u011fitim anlay\u0131\u015f\u0131n\u0131n yan\u0131 s\u0131ra, ergonomik tasar\u0131m\u0131, g\u00fcvenli ve do\u011fal yap\u0131s\u0131, s\u00fcrd\u00fcr\u00fclebilirli\u011fi, e\u011fitsel i\u015flevi ile \u00f6ne \u00e7\u0131kmaktad\u0131r.<\/p>\n<p style=\"text-align: center;\"><strong>Se\u00e7enekler<\/strong><\/p>\n<p style=\"text-align: center;\"><strong>\u0130nek \u2013 Kuzu<\/strong>\u00a0\u00a0\u00a0\u00a0\u00a0\u00a0 \u0130nsanlar gibi aralar\u0131nda arkada\u015fl\u0131k kuran, haf\u0131zalar\u0131 g\u00fc\u00e7l\u00fc ve sevimli \u00e7iftlik dostlar\u0131 inekler ve kuzular \u00e7ocuklarla yeni bir maceraya haz\u0131rlan\u0131yor.<\/p>\n<p style=\"text-align: center;\"><strong>Maymun \u2013 Penguen<\/strong>\u00a0\u00a0 Daldan dala atlayarak a\u011fa\u00e7lardan meyveleri toplayan maymun ve \u00e7ocuklar\u0131yla sular\u0131n derinliklerinde k\u00fc\u00e7\u00fck bir geziye \u00e7\u0131kan penguen evlerinize davet edilmeyi bekliyor.<\/p>\n<p style=\"text-align: center;\"><strong>Aslan \u2013 Ay\u0131<\/strong>\u00a0\u00a0\u00a0\u00a0\u00a0\u00a0 Orman\u0131n \u00e7ekici, s\u0131ra d\u0131\u015f\u0131 ve gizemli \u00fcyesi aslan ile k\u0131\u015f uykusunun ard\u0131ndan b\u00fcy\u00fck bir i\u015ftahla bal yemeye koyulan ay\u0131 \u00e7ocuklarla bulu\u015fuyor.<\/p>\n<p style=\"text-align: center;\"><strong>Kedi \u2013 K\u00f6pek<\/strong>\u00a0\u00a0\u00a0\u00a0\u00a0 Sevdi\u011fi insan dostlar\u0131n\u0131 \u00f6zleyen, zeki ve duygusal \u015firin patilerimizden kedi ve k\u00f6pek, \u00e7ocuklarla ayn\u0131 mekan\u0131 payla\u015fmaya haz\u0131rlan\u0131yor.<\/p>\n<p style=\"text-align: center;\"><strong>Bayku\u015f \u2013 Domuz<\/strong>\u00a0\u00a0\u00a0\u00a0\u00a0 Keskin g\u00f6zleriyle uzak mesafeleri izleyen, gecelerin gizemli ve bir o kadar da \u015firin canl\u0131s\u0131 bayku\u015f ile k\u0131sa bacaklar\u0131 ve yass\u0131 burnuyla en zeki hayvanlar aras\u0131nda yer alan domuzlar evlerinizin konu\u011fu oluyor.<\/p>\n<p>[\/vc_column_text][\/vc_column][\/vc_row][vc_row][vc_column][vc_column_text][\/vc_column_text][\/vc_column][\/vc_row]<\/p>\n<\/div>","protected":false},"excerpt":{"rendered":"<p>Toyzler Zoo Box, g\u00fcc\u00fcn\u00fc \u00e7ocuk geli\u015fimi \u00e7al\u0131\u015fmalar\u0131ndan alan tasar\u0131m\u0131n\u0131, do\u011fal ve s\u00fcrd\u00fcr\u00fclebilir malzemelerle birle\u015ftiriyor. \u00c7ocuklarda sorumluluk duygusunu oyunun bir par\u00e7as\u0131 haline getiren <strong>oyuncak saklama kutusu<\/strong> bili\u015fsel, psikomotor, yarat\u0131c\u0131l\u0131k ve sosyal-duygusal geli\u015fimi desteklemek i\u00e7in dizayn edildi.<\/p>\n<p><strong>Montessori e\u011fitim ilkeleri<\/strong> ile uyumlu \u015fekilde geli\u015ftirilen Zoo Box, \u00e7ocuklar\u0131n\u0131 do\u011fal ve zarars\u0131z malzemelerle bulu\u015fturmak isteyen herkes i\u00e7in g\u00fcvenilir ve ideal bir yap\u0131 sunuyor. Birbirine ge\u00e7en par\u00e7alar\u0131 sayesinde s\u00fcreci de e\u011fitim ve e\u011flencenin bir par\u00e7as\u0131 haline getiriyor.<\/p>\n<p>Temel ilkeleri do\u011fall\u0131k, g\u00fcvenlik, s\u00fcrd\u00fcr\u00fclebilirlik ve e\u011fiticilik olan Toyzler Zoo Box ile detayl\u0131 bir \u015fekilde tan\u0131\u015fmaya haz\u0131r m\u0131s\u0131n\u0131z?<\/p>\n","protected":false},"featured_media":33418,"template":"","meta":[],"product_brand":[],"product_cat":[62],"product_tag":[],"class_list":{"0":"post-33365","1":"product","2":"type-product","3":"status-publish","4":"has-post-thumbnail","6":"product_cat-depolama","8":"first","9":"instock","10":"taxable","11":"shipping-taxable","12":"purchasable","13":"product-type-variable"},"_links":{"self":[{"href":"https:\/\/toyzler.com\/tr\/wp-json\/wp\/v2\/product\/33365","targetHints":{"allow":["GET"]}}],"collection":[{"href":"https:\/\/toyzler.com\/tr\/wp-json\/wp\/v2\/product"}],"about":[{"href":"https:\/\/toyzler.com\/tr\/wp-json\/wp\/v2\/types\/product"}],"wp:featuredmedia":[{"embeddable":true,"href":"https:\/\/toyzler.com\/tr\/wp-json\/wp\/v2\/media\/33418"}],"wp:attachment":[{"href":"https:\/\/toyzler.com\/tr\/wp-json\/wp\/v2\/media?parent=33365"}],"wp:term":[{"taxonomy":"product_brand","embeddable":true,"href":"https:\/\/toyzler.com\/tr\/wp-json\/wp\/v2\/product_brand?post=33365"},{"taxonomy":"product_cat","embeddable":true,"href":"https:\/\/toyzler.com\/tr\/wp-json\/wp\/v2\/product_cat?post=33365"},{"taxonomy":"product_tag","embeddable":true,"href":"https:\/\/toyzler.com\/tr\/wp-json\/wp\/v2\/product_tag?post=33365"}],"curies":[{"name":"wp","href":"https:\/\/api.w.org\/{rel}","templated":true}]}}