{"id":33363,"date":"2024-05-21T10:09:58","date_gmt":"2024-05-21T10:09:58","guid":{"rendered":"https:\/\/toyzler.com.tr\/?post_type=product&#038;p=33363"},"modified":"2024-05-21T10:56:25","modified_gmt":"2024-05-21T10:56:25","slug":"play-shelf-sehirde-gece","status":"publish","type":"product","link":"https:\/\/toyzler.com\/tr\/urun\/play-shelf-sehirde-gece\/","title":{"rendered":"Play Shelf &#8211; \u015eehirde Gece"},"content":{"rendered":"<div class=\"wpb-content-wrapper\"><p>[vc_row][vc_column][vc_empty_space height=&#8221;40px&#8221;][\/vc_column][\/vc_row][vc_row][vc_column width=&#8221;1\/5&#8243;][vc_row_inner][vc_column_inner width=&#8221;1\/3&#8243;][\/vc_column_inner][vc_column_inner width=&#8221;1\/3&#8243;][mvc_ihe border_width=&#8221;&#8221; hover_effect=&#8221;circle effect2 right_to_left&#8221; image_id=&#8221;33194&#8243; caption_url=&#8221;url:%23tpsgd&#8221;][\/mvc_ihe][\/vc_column_inner][vc_column_inner width=&#8221;1\/3&#8243;][\/vc_column_inner][\/vc_row_inner][vc_empty_space height=&#8221;30px&#8221;][vc_column_text css=&#8221;.vc_custom_1662469342623{margin-top: -11px !important;}&#8221; el_class=&#8221;click-dogallik&#8221;]<\/p>\n<h5 style=\"text-align: center;\"><strong>Do\u011fall\u0131k<\/strong><\/h5>\n<p>[\/vc_column_text][\/vc_column][vc_column width=&#8221;1\/5&#8243;][vc_row_inner][vc_column_inner width=&#8221;1\/3&#8243;][\/vc_column_inner][vc_column_inner width=&#8221;1\/3&#8243;][mvc_ihe border_width=&#8221;&#8221; hover_effect=&#8221;circle effect2 right_to_left&#8221; image_id=&#8221;33196&#8243; caption_url=&#8221;url:%23tpsgg&#8221;][\/mvc_ihe][\/vc_column_inner][vc_column_inner width=&#8221;1\/3&#8243;][\/vc_column_inner][\/vc_row_inner][vc_empty_space height=&#8221;30px&#8221;][vc_column_text css=&#8221;.vc_custom_1662469360050{margin-top: -11px !important;}&#8221; el_class=&#8221;click-guvenlik&#8221;]<\/p>\n<h5 style=\"text-align: center;\"><strong>G\u00fcvenlik<\/strong><\/h5>\n<p>[\/vc_column_text][\/vc_column][vc_column width=&#8221;1\/5&#8243;][vc_row_inner][vc_column_inner width=&#8221;1\/3&#8243;][\/vc_column_inner][vc_column_inner width=&#8221;1\/3&#8243;][mvc_ihe border_width=&#8221;&#8221; hover_effect=&#8221;circle effect2 right_to_left&#8221; image_id=&#8221;33193&#8243; caption_url=&#8221;url:%23tpsge&#8221;][\/mvc_ihe][\/vc_column_inner][vc_column_inner width=&#8221;1\/3&#8243;][\/vc_column_inner][\/vc_row_inner][vc_empty_space height=&#8221;30px&#8221;][vc_column_text css=&#8221;.vc_custom_1662469368739{margin-top: -11px !important;}&#8221; el_class=&#8221;click-egiticilik&#8221;]<\/p>\n<h5 style=\"text-align: center;\"><strong>E\u011fiticilik<\/strong><\/h5>\n<p>[\/vc_column_text][\/vc_column][vc_column width=&#8221;1\/5&#8243;][vc_row_inner][vc_column_inner width=&#8221;1\/3&#8243;][\/vc_column_inner][vc_column_inner width=&#8221;1\/3&#8243;][mvc_ihe border_width=&#8221;&#8221; hover_effect=&#8221;circle effect2 right_to_left&#8221; image_id=&#8221;33195&#8243; caption_url=&#8221;url:%23tpsgs&#8221;][\/mvc_ihe][\/vc_column_inner][vc_column_inner width=&#8221;1\/3&#8243;][\/vc_column_inner][\/vc_row_inner][vc_empty_space height=&#8221;30px&#8221;][vc_column_text css=&#8221;.vc_custom_1662469376301{margin-top: -11px !important;}&#8221; el_class=&#8221;click-surdurulebilirlik&#8221;]<\/p>\n<h5 style=\"text-align: center;\"><strong>S\u00fcrd\u00fcr\u00fclebilirlik<\/strong><\/h5>\n<p>[\/vc_column_text][\/vc_column][vc_column width=&#8221;1\/5&#8243;][vc_row_inner][vc_column_inner width=&#8221;1\/3&#8243;][\/vc_column_inner][vc_column_inner width=&#8221;1\/3&#8243;][mvc_ihe border_width=&#8221;&#8221; hover_effect=&#8221;circle effect2 right_to_left&#8221; image_id=&#8221;33485&#8243; caption_url=&#8221;url:%23tpsgo&#8221;][\/mvc_ihe][\/vc_column_inner][vc_column_inner width=&#8221;1\/3&#8243;][\/vc_column_inner][\/vc_row_inner][vc_empty_space height=&#8221;30px&#8221;][vc_column_text css=&#8221;.vc_custom_1662469382508{margin-top: -11px !important;}&#8221; el_class=&#8221;click-ozellik-tablosu&#8221;]<\/p>\n<h5 style=\"text-align: center;\"><strong>\u00d6zellik Tablosu<\/strong><\/h5>\n<p>[\/vc_column_text][\/vc_column][\/vc_row][vc_row][vc_column][\/vc_column][\/vc_row][vc_row][vc_column][vc_empty_space height=&#8221;40px&#8221;][vc_column_text]<\/p>\n<p style=\"text-align: center;\"><strong>Toyzler Play Shelf Nedir?<\/strong><\/p>\n<p style=\"text-align: center;\">Toyzler Play Shelf e\u011fitim bilimleri ara\u015ft\u0131rmalar\u0131nda ortaya \u00e7\u0131karan kan\u0131tlanm\u0131\u015f ilkelerden hareket eden bir <strong>\u00e7ocuk kitapl\u0131\u011f\u0131<\/strong> tasar\u0131md\u0131r. G\u00fc\u00e7l\u00fc end\u00fcstriyel tasar\u0131m altyap\u0131s\u0131 ve ekipman\u0131yla, s\u00fcrd\u00fcr\u00fclebilir malzemeler \u00e7ocuk geli\u015fimi ilkelerine entegre edilerek tasarlanmaktad\u0131r.<\/p>\n<p style=\"text-align: center;\"><strong>Toyzler Play Shelf<\/strong> ah\u015fap \u00e7ocuk kitapl\u0131\u011f\u0131 <strong>Montessori<\/strong> <strong>e\u011fitimi<\/strong> temele al\u0131narak \u00fcretilmektedir.<strong> Montessori pedagojisi <\/strong>her \u00e7ocu\u011fun bireysel \u00f6\u011frenme h\u0131z\u0131 ve \u015feklinin farkl\u0131 oldu\u011funu kabul eder, \u00e7ocuklar\u0131n farkl\u0131 karakter \u00f6zelliklerini zenginli\u011fe \u00e7evirir. Play Shelf <strong>ah\u015fap \u00e7ocuk kitapl\u0131\u011f\u0131<\/strong> bu ilkelere g\u00f6re dizayn edilmi\u015f, malzeme se\u00e7imi ve \u00fcretim bi\u00e7imine kadar ayr\u0131nt\u0131l\u0131 bir denetimden ge\u00e7mi\u015ftir.<\/p>\n<p style=\"text-align: center;\"><strong>Montessori e\u011fitimi<\/strong> hakk\u0131nda g\u00fcncel ara\u015ft\u0131rmalar\u0131yla dikkat \u00e7eken Angeline Lillard, e\u011fitimin bilin\u00e7li olarak dizayn edilmi\u015f oyuncaklarla yap\u0131lmas\u0131 gerekti\u011fini belirtiyor ve bu oyuncaklar\u0131n \u00e7ocuklara hata yapabilme ve hatalar\u0131n\u0131 d\u00fczeltme olana\u011f\u0131 vermesinin \u00f6nemini vurguluyor. Ayn\u0131 zamanda uzmanlar, okuma ve yazma e\u011fitiminin asl\u0131nda okul \u00f6ncesi d\u00f6neme dayanmas\u0131 gerekti\u011fini ve gerekli motivasyonun, e\u011flence ve e\u011fitimle birlikte sa\u011flanmas\u0131 gerekti\u011finin alt\u0131n\u0131 \u00e7iziyor.<\/p>\n<p style=\"text-align: center;\">Bu temel ilkelerden yola \u00e7\u0131kan Toyzler Play Shelf, \u00e7ocuklar\u0131n hatalar\u0131n\u0131 g\u00f6rebilmesine ve al\u0131\u015ft\u0131rmalar\u0131 tekrar etmesine, hareket ederek \u00f6\u011frenmesine, sosyal ili\u015fkiler kurmas\u0131na ve \u00f6zg\u00fcr faaliyetine dayal\u0131 bir ortam kurmay\u0131 hedeflemektedir. Temel ilkesi <em>kendim yapabilmem i\u00e7in bana yard\u0131m et<\/em> olan pedagojik anlay\u0131\u015f, <strong>Play Shelf<\/strong>\u2019in par\u00e7alar\u0131n birle\u015ftirilmesi hem ters hem d\u00fcz tak\u0131labilmesi ve boyanabilmesi \u00f6zelliklerine uygun se\u00e7ilmi\u015f tekni\u011finde can buluyor.<\/p>\n<p style=\"text-align: center;\"><strong>Toyzler Play Shelf <\/strong>serisi par\u00e7alar\u0131 birbirine ge\u00e7en aletsiz kurulumuyla ebeveyn g\u00f6zetiminde, \u00e7ocu\u011fun par\u00e7alar\u0131 birle\u015ftirerek kitapl\u0131\u011f\u0131 tamamlamas\u0131na yard\u0131mc\u0131 oluyor. Bu s\u00fcre\u00e7 i\u00e7inde \u00e7ocuk, hatalar\u0131n\u0131 anlay\u0131p gerekti\u011finde s\u00fcreci ba\u015ftan tamaml\u0131yor. S\u00fcre\u00e7 boyunca, <strong>Play Shelf<\/strong> \u00e7ocu\u011fa kendi hareketlerini analiz etme, tekrar etme ve d\u00fczeltme imkan\u0131 sunuyor. Bunun yan\u0131nda, yeti\u015fkinler ve \u00e7ocuk aras\u0131nda sosyal uyum tepeden inme bir e\u011fitim anlay\u0131\u015f\u0131 aksine, duygusal geli\u015fime imkan veren ve e\u011flencenin yer buldu\u011fu bir s\u00fcre\u00e7te ger\u00e7ekle\u015fiyor.<\/p>\n<p style=\"text-align: center;\"><strong>Toyzler Play Shelf<\/strong>, dayand\u0131\u011f\u0131 e\u011fitim anlay\u0131\u015f\u0131n\u0131n yan\u0131 s\u0131ra, ergonomik tasar\u0131m\u0131, g\u00fcvenli ve do\u011fal yap\u0131s\u0131, s\u00fcrd\u00fcr\u00fclebilirli\u011fi, e\u011fitsel i\u015flevi ile \u00f6ne \u00e7\u0131k\u0131yor.<\/p>\n<p style=\"text-align: center;\"><strong>Toyzler Play Shelf Serisi <\/strong><\/p>\n<p style=\"text-align: center;\">Toyzler Play Shelf serisi, temel benzerliklerin muhafaza edildi\u011fi, ama \u00fcr\u00fcn \u00e7e\u015fidine g\u00f6re, renk, \u015fekil, mekan kavray\u0131\u015f\u0131, oyun stili gibi \u00e7e\u015fitli n\u00fcanslarla birbirinden ayr\u0131\u015fan bir <strong>\u00e7ocuk kitapl\u0131\u011f\u0131<\/strong> serisi olarak dizayn edilmi\u015ftir.<\/p>\n<p style=\"text-align: center;\">\u00c7ocuk kitapl\u0131klar\u0131n\u0131n \u00f6nemi, yapt\u0131klar\u0131 g\u00fcncel ara\u015ft\u0131rmalarla Radka Wildov\u00e1 ve Jana Krop\u00e1\u010dkov\u00e1 taraf\u0131ndan yeniden detayl\u0131 \u015fekilde ortaya \u00e7\u0131kar\u0131lm\u0131\u015ft\u0131r. Ara\u015ft\u0131rmalarda \u00e7ocuklar\u0131n, okuma ve yazma \u00f6ncesi d\u00f6nemde okuma ve yazma materyallerine te\u015fvik edilmesinin yan\u0131 s\u0131ra, okumay\u0131 sit\u00fcmile edecek, okuma k\u00f6\u015fesi gibi mekanlara da ihtiyac\u0131 bulunmaktad\u0131r.<\/p>\n<p style=\"text-align: center;\">\u00c7ocuklarda okul \u00f6ncesi okuma yazma faaliyetinin b\u00fct\u00fcnc\u00fcl oldu\u011funu temel ilke olarak kavrayarak geli\u015ftirdi\u011fimiz Toyzler Play Shelf serisi; okul \u00f6ncesi kitaplar\u0131 ta\u015f\u0131yan bir raf olmaktan ziyade, okuma ve yazmaya haz\u0131rl\u0131k a\u015famas\u0131n\u0131 hedef almaktad\u0131r. Buna g\u00f6re, \u00fcr\u00fcn dizayn\u0131 uzay geometrisi alg\u0131s\u0131, el- g\u00f6z koordinasyonu, g\u00f6zetimli kurulum ve vakit ge\u00e7irme sayesinde ileti\u015fim ve dil geli\u015fimini hedeflemektedir. Ayn\u0131 zamanda, \u00f6zellikle renklere bakma, dokunma ve boyama a\u015famas\u0131nda, yarat\u0131c\u0131l\u0131k ve hayal etme yetene\u011fine katk\u0131da bulunma ve \u00e7ocuklarda zaman i\u00e7inde geli\u015fen soyutlama kabiliyetini desteklemektedir.<\/p>\n<p style=\"text-align: center;\">Play Shelf serisinin bir ba\u015fka \u00f6zelli\u011fi ise, her kitapl\u0131\u011f\u0131n hem d\u00fcz hem de ters monte edilebilmesidir. Yani istenildi\u011finde boyal\u0131, istenildi\u011finde boyas\u0131z taraf \u00f6ne gelebilir. Boyas\u0131z taraf \u00f6ne geldi\u011finde, \u00e7ocuklar ah\u015fap zemini tercih etti\u011fi renklerle boyayabilir. Hem \u00e7ocu\u011fun renk se\u00e7imi hem de bilin\u00e7li bir \u015fekilde geli\u015ftirilen farkl\u0131 \u015fekil s\u0131n\u0131rlar\u0131 yarat\u0131c\u0131l\u0131k geli\u015fimi ve el- g\u00f6z koordinasyonunu geli\u015ftirmektedir.<\/p>\n<p style=\"text-align: center;\">T\u00fcm Toyzler serisi gibi, Play Shelf serisinde de e\u011fiticilik, do\u011fall\u0131k, g\u00fcvenlik ve s\u00fcrd\u00fcr\u00fclebilirlik temel ilkedir. \u00dcr\u00fcnlerin tamam\u0131 ah\u015faptan yap\u0131lm\u0131\u015f olup aletsiz bir montaj sa\u011flamaktad\u0131r. Birbirine tak\u0131lan par\u00e7alar ile ebeveyn ve \u00e7ocuklar\u0131n zaman ge\u00e7irmesine, bili\u015fsel ve psikomotor kapasitenin g\u00fc\u00e7lendirilmesine destek olmaktad\u0131r<strong>.<\/strong><\/p>\n<p style=\"text-align: center;\"><strong>Toyzler Play Shelf \u015eehirde Gece \u00dcr\u00fcn \u00d6zellikleri<\/strong><\/p>\n<p style=\"text-align: center;\">Toyzler Play Shelf \u015eehirde Gece, renk se\u00e7imi ve skalas\u0131 ile \u00e7ocu\u011fun imgelem d\u00fcnyas\u0131n\u0131 birle\u015ftirmesini sa\u011flar. \u00c7ift tarafl\u0131 kuruluma izin vererek, ayn\u0131 zamanda renkler arka tarafa getirilebilir ve \u00f6n tarafta tamamen ah\u015fap zemin kalabilir. Bu ah\u015fap zemin, \u00e7ocuk taraf\u0131ndan boyanabilir. Bu a\u015famada, \u00e7ocuk zemini istedi\u011fi renklerle \u00f6zg\u00fcrce boyamas\u0131n\u0131n yan\u0131 s\u0131ra, el g\u00f6z koordinasyonunu ve dikkat sa\u011flamaya y\u00f6nelik tasarlanm\u0131\u015f \u015fekil kesimleri sayesinde bili\u015fsel geli\u015fime katk\u0131 sa\u011flar.<\/p>\n<p style=\"text-align: center;\"><strong>Play Shelf \u015eehirde Gece<\/strong> 10 ya\u015fa kadar \u00e7ocuklar\u0131n geli\u015fimi ve zaman ge\u00e7irme kriterleri g\u00f6z \u00f6n\u00fcne al\u0131narak dizayn edilmi\u015ftir.<\/p>\n<p style=\"text-align: center;\">Toyzler\u2019\u0131n 4 temel ilkesine uyum sa\u011flayan Play Shelf \u015eehirde Gece serisinin ayr\u0131nt\u0131l\u0131 \u00f6zellikleri a\u015fa\u011f\u0131da detayl\u0131 bir \u015fekilde a\u00e7\u0131klanmaktad\u0131r.<\/p>\n<p>[\/vc_column_text][\/vc_column][\/vc_row][vc_row][vc_column][vc_column_text]<\/span>[\/vc_column_text][\/vc_column][\/vc_row]<\/p>\n<\/div>","protected":false},"excerpt":{"rendered":"<p><strong>Toyzler Play Shelf \u015eehirde Gece<\/strong> serisi ile, \u015fehir sil\u00fceti farkl\u0131 \u015fekiller ve renklerle can buluyor; \u00e7ocuklar kitaplar\u0131 e\u011flenceli bir boyutla yeniden kavr\u0131yor. Play Shelf <strong>ah\u015fap \u00e7ocuk kitapl\u0131\u011f\u0131<\/strong>, renkli yap\u0131s\u0131n\u0131n yan\u0131 s\u0131ra, ters monte edilebilme \u00f6zelli\u011fi sayesinde \u00e7ocuklar\u0131n kendi kitapl\u0131\u011f\u0131n\u0131 boyayabilmesine de imkan tan\u0131yor.<\/p>\n<p><strong>Play Shelf<\/strong>, ebeveynler ya da e\u011fitmenler g\u00f6zetiminde, \u00e7ocu\u011fa \u00f6zg\u00fcrl\u00fck tan\u0131yarak, \u00e7ocu\u011fun kendi e\u015fyalar\u0131n\u0131 \u00fcretme, boyama, gerekti\u011finde yer de\u011fi\u015ftirme ve kullanabilme olana\u011f\u0131n\u0131 ayn\u0131 anda sa\u011fl\u0131yor. Bu a\u00e7\u0131dan <strong>Toyzler Play Shelf<\/strong>, muadillerinden farkl\u0131 olarak, bir e\u015fyadan \u00f6teye ge\u00e7mekle kalm\u0131yor, ayn\u0131 zamanda birden fazla yetene\u011fin geli\u015fimini hedefliyor.<\/p>\n<p><strong>Toyzler Play Shelf<\/strong>, g\u00fcc\u00fcn\u00fc \u00e7ocuk geli\u015fiminden alan tasar\u0131m\u0131 ile do\u011fal ve s\u00fcrd\u00fcr\u00fclebilir malzemeleri birle\u015ftiriyor. Kitaplar\u0131 e\u011flenceli bir \u015fekilde oyunun bir par\u00e7as\u0131 haline getiren Toyzler Play Shelf<strong> \u00e7ocuk kitapl\u0131\u011f\u0131 <\/strong>haf\u0131za, dikkat, hayal g\u00fcc\u00fc yeteneklerine odaklanarak bili\u015fsel, psikomotor, yarat\u0131c\u0131l\u0131k ve sosyal-duygusal geli\u015fimi destekliyor.<\/p>\n<p><strong>Toyzler Play Shelf<\/strong>, okuma ve yazma s\u00fcrecine \u00e7ocuklar\u0131 okul \u00f6ncesi d\u00f6nemde motivasyon, oryantasyon, koordinasyon yeteneklerini g\u00fc\u00e7lendirerek haz\u0131rl\u0131yor.<\/p>\n<p>Kitaplar\u0131 dikkat \u00e7ekici hale getirmenin yan\u0131 s\u0131ra, uzmanlar\u0131n \u00f6nerdi\u011fi okuma k\u00f6\u015fesi anlay\u0131\u015f\u0131n\u0131 in\u015fa ediyor. Daha da \u00f6nemlisi, tasar\u0131m\u0131 sayesinde kitaplar\u0131 yaln\u0131zca bir g\u00f6rsel materyal olmaktan \u00e7\u0131kar\u0131yor, kas hareketleri, yarat\u0131c\u0131l\u0131k, i\u015f birli\u011fi ve el- g\u00f6z koordinasyonu ile birle\u015ftiriyor.<\/p>\n","protected":false},"featured_media":33401,"template":"","meta":[],"product_brand":[],"product_cat":[62],"product_tag":[],"class_list":{"0":"post-33363","1":"product","2":"type-product","3":"status-publish","4":"has-post-thumbnail","6":"product_cat-depolama","8":"first","9":"instock","10":"taxable","11":"shipping-taxable","12":"purchasable","13":"product-type-simple"},"_links":{"self":[{"href":"https:\/\/toyzler.com\/tr\/wp-json\/wp\/v2\/product\/33363","targetHints":{"allow":["GET"]}}],"collection":[{"href":"https:\/\/toyzler.com\/tr\/wp-json\/wp\/v2\/product"}],"about":[{"href":"https:\/\/toyzler.com\/tr\/wp-json\/wp\/v2\/types\/product"}],"wp:featuredmedia":[{"embeddable":true,"href":"https:\/\/toyzler.com\/tr\/wp-json\/wp\/v2\/media\/33401"}],"wp:attachment":[{"href":"https:\/\/toyzler.com\/tr\/wp-json\/wp\/v2\/media?parent=33363"}],"wp:term":[{"taxonomy":"product_brand","embeddable":true,"href":"https:\/\/toyzler.com\/tr\/wp-json\/wp\/v2\/product_brand?post=33363"},{"taxonomy":"product_cat","embeddable":true,"href":"https:\/\/toyzler.com\/tr\/wp-json\/wp\/v2\/product_cat?post=33363"},{"taxonomy":"product_tag","embeddable":true,"href":"https:\/\/toyzler.com\/tr\/wp-json\/wp\/v2\/product_tag?post=33363"}],"curies":[{"name":"wp","href":"https:\/\/api.w.org\/{rel}","templated":true}]}}