{"id":33118,"date":"2024-05-20T06:05:17","date_gmt":"2024-05-20T06:05:17","guid":{"rendered":"https:\/\/toyzler.com.tr\/?page_id=33118"},"modified":"2024-05-20T08:18:44","modified_gmt":"2024-05-20T08:18:44","slug":"sartlar-kosullar","status":"publish","type":"page","link":"https:\/\/toyzler.com\/tr\/sartlar-kosullar\/","title":{"rendered":"\u015eartlar &#038; Ko\u015fullar"},"content":{"rendered":"<div class=\"wpb-content-wrapper\"><p>[vc_row css=&#8221;.vc_custom_1550212476104{margin-bottom: 0px !important;padding-top: 80px !important;padding-bottom: 80px !important;}&#8221;][vc_column][vc_column_text]<\/p>\r\n<p><strong>Toyzler Genel H\u00fck\u00fcmler ve Ko\u015fullar<\/strong><\/p>\r\n<p><strong>Son G\u00fcncelleme:<\/strong> 25.10.2023<\/p>\r\n<p>Say\u0131n ziyaret\u00e7imiz, <a href=\"https:\/\/toyzler.com.tr\">https:\/\/toyzler.com.tr<\/a> \u2018ye ho\u015f geldiniz. Web sitemizi (<strong>Toyzler.com.tr<\/strong>) kullan\u0131rken ve\/veya web sitemiz \u00fczerinden sipari\u015f verirken a\u015fa\u011f\u0131da belirtti\u011fimiz h\u00fck\u00fcm ve ko\u015fullar ge\u00e7erli olmaktad\u0131r. Web sitemizi kullan\u0131rken ve web sitemiz \u00fczerinden \u00fcr\u00fcn sat\u0131n alma i\u015flemlerinizde a\u015fa\u011f\u0131da belirtece\u011fimiz h\u00fck\u00fcm ve ko\u015fullara ba\u011fl\u0131 oldu\u011funuzu kabul etmi\u015f say\u0131lmaktas\u0131n\u0131z. Bu nedenle web sitemizin herhangi bir b\u00f6l\u00fcm\u00fcne eri\u015firken ya da sipari\u015flerinizi verirken, l\u00fctfen a\u015fa\u011f\u0131daki s\u00f6zle\u015fmede yer alan t\u00fcm h\u00fck\u00fcm ve \u015fartlar\u0131 kabul etti\u011finizden emin olunuz.<\/p>\r\n<p><strong>Tan\u0131mlar ve S\u00f6zle\u015fmenin Taraflar\u0131<\/strong><\/p>\r\n<p>(1) Bu belge boyunca, &#8220;biz&#8221;, &#8220;bize&#8221; ve &#8220;bizim&#8221; terimleri <strong>Toyzler.com.tr<\/strong>&#8216; yi, &#8220;siz&#8221;, &#8220;sizler&#8221; veya &#8220;sizin&#8221;, &#8220;sizlerin&#8221; s\u00f6zc\u00fckleri ise web site ziyaret\u00e7ilerimizin tamam\u0131n\u0131 ve m\u00fc\u015fterilerimizi ifade etmektedir.<\/p>\r\n<p>(2) Bu h\u00fck\u00fcm ve ko\u015fullar, s\u00f6zle\u015fmenin taraflar\u0131 olan ORES Sanayi ve Ticaret Ltd. \u015eti. taraf\u0131ndan i\u015fletilen <strong>Toyzler.com.tr<\/strong> ile \u00fcr\u00fcn\u00fc sat\u0131n alan ki\u015fi\/ki\u015filer aras\u0131nda kurulan sat\u0131\u015f s\u00f6zle\u015fmesi\/s\u00f6zle\u015fmelerinde de ge\u00e7erlidir.<\/p>\r\n<p>(3) Bu s\u00f6zle\u015fmede kullan\u0131lan &#8220;t\u00fcketici&#8221; terimi, ticari ama\u00e7larla ya da serbest meslek faaliyetleriyle ili\u015fkilendirilebilecek ama\u00e7larla yasal bir i\u015flem ger\u00e7ekle\u015ftiren herhangi bir ger\u00e7ek ki\u015fiyi <u>kapsamamaktad\u0131r<\/u>. <strong>Toyzler.com.tr<\/strong> yaln\u0131zca \u00fcr\u00fcn\u00fc ki\u015fisel ama\u00e7larla kullanan t\u00fcketicilere teslimat yapmaktad\u0131r. Herhangi bir <strong>Toyzler<\/strong> \u00fcr\u00fcn\u00fcn\u00fc <strong>Toyzler.com.tr<\/strong> \u00fczerinden alan ki\u015finin\/ki\u015filerin hukuki kimli\u011fine bak\u0131lmaks\u0131z\u0131n, <strong>Toyzler<\/strong> sat\u0131n al\u0131nan \u00fcr\u00fcn\u00fcn \u00f6zel kullan\u0131m ama\u00e7l\u0131 al\u0131nd\u0131\u011f\u0131n\u0131 kabul etmektedir. L\u00fctfen perakende, bayi ve distrib\u00fct\u00f6rl\u00fck sorular\u0131n\u0131z ve di\u011fer ticari ama\u00e7l\u0131 teklif ve sipari\u015fleriniz i\u00e7in <strong>Toyzler<\/strong> ile e-posta g\u00f6ndererek veya telefon yolu ile ileti\u015fim kurunuz.<\/p>\r\n<p>(4) &#8220;Sipari\u015f&#8221; terimi, <strong>Toyzler.com.tr<\/strong>&#8216; den sat\u0131n al\u0131nan \u00fcr\u00fcn veya \u00fcr\u00fcnleri ifade eder.<\/p>\r\n<p><strong>Genel H\u00fck\u00fcm ve Ko\u015fullardaki De\u011fi\u015fiklikler<\/strong><\/p>\r\n<p>Genel H\u00fck\u00fcm ve Ko\u015fullar\u0131n en g\u00fcncel versiyonu web sitemizde yay\u0131nlanmaktad\u0131r. Gerekli g\u00f6rd\u00fc\u011f\u00fcm\u00fczde Genel H\u00fck\u00fcm ve Ko\u015fullar\u0131n tamam\u0131n\u0131 ya da herhangi bir b\u00f6l\u00fcm\u00fcn\u00fc de\u011fi\u015ftirme, yenileme ve g\u00fcncelleme hakk\u0131n\u0131 sakl\u0131 tutmaktay\u0131z. Yap\u0131lan de\u011fi\u015fiklikleri g\u00f6zden ge\u00e7irmek i\u00e7in Genel H\u00fck\u00fcm ve Ko\u015fullar\u2019 \u0131 periyodik aral\u0131klarla kontrol etmenin sizlerin sorumlulu\u011fundad\u0131r.<\/p>\r\n<p><strong>Web sitemizde Yer Alan \u00dcr\u00fcnler ve \u00dcr\u00fcn Bilgileri<\/strong><\/p>\r\n<ul>\r\n<li>Web sitemizde sizlere \u00e7e\u015fitli \u00fcr\u00fcnler sunmaktay\u0131z. Sat\u0131\u015fa sunulan t\u00fcm \u00fcr\u00fcnlerimiz i\u00e7in sa\u011flad\u0131\u011f\u0131m\u0131z t\u00fcm bilgi ve ayr\u0131nt\u0131lar\u0131n sisteme giri\u015flerini yaparken do\u011frulu\u011funu teyit etmek i\u00e7in t\u00fcm makul \u00f6zeni g\u00f6stermekteyiz.<\/li>\r\n<\/ul>\r\n<p>T\u00fcm \u00f6zen ve \u00e7abam\u0131za ra\u011fmen, <strong>Toyzler.com.tr<\/strong> sitesindeki \u00fcr\u00fcnlerde hatal\u0131, eksik veya g\u00fcncellenmemi\u015f bilgiler bulunabilir. \u00d6rne\u011fin, \u00fcr\u00fcn a\u00e7\u0131klamalar\u0131, fiyatland\u0131rmalar, promosyonlar, teklifler, nakliye \u00fccretleri, stok durumu vb. gibi konularda web sitemiz yaz\u0131m yanl\u0131\u015flar\u0131 ya da eksiklikler i\u00e7erebilir. Bilgilerde herhangi bir yanl\u0131\u015fl\u0131k olmas\u0131 durumunda, \u00f6nceden bildirimde bulunmaks\u0131z\u0131n, herhangi bir zamanda hatalar\u0131 veya eksiklikleri d\u00fczeltme, bilgileri de\u011fi\u015ftirme, g\u00fcncelleme ve bunlardan kaynakl\u0131 olarak sipari\u015flerinizi iptal etme hakk\u0131n\u0131 sakl\u0131 tutmaktay\u0131z.<\/p>\r\n<ul>\r\n<li>Web sitesinde yer alan g\u00f6rsellerimiz yoluyla, \u00fcr\u00fcnlerin g\u00f6r\u00fcn\u00fc\u015flerini, renklerini, dokular\u0131n\u0131 ve benzeri \u00f6zellikleri sizlere olabildi\u011fince do\u011fru bir \u015fekilde aktarabilmek i\u00e7in elimizden gelen t\u00fcm \u00e7abay\u0131 g\u00f6stermekteyiz. Ancak yine de bilgisayar monit\u00f6r\u00fcn\u00fczden veya donan\u0131m\u0131zdan kaynaklanan farkl\u0131l\u0131klar dolay\u0131s\u0131yla, sat\u0131n ald\u0131\u011f\u0131n\u0131z \u00fcr\u00fcn ile g\u00f6r\u00fcnt\u00fcledi\u011finiz \u00fcr\u00fcn\u00fcn birebir ayn\u0131 oldu\u011funu garanti etmemiz m\u00fcmk\u00fcn olmamaktad\u0131r.<\/li>\r\n<li>Web sitemizde yer alan \u00fcr\u00fcn g\u00f6rselleri ve bilgileri genel bilgi ama\u00e7l\u0131d\u0131r ve birincil, daha do\u011fru, daha eksiksiz veya daha g\u00fcncel bilgi kaynaklar\u0131na ba\u015fvurmadan sat\u0131n almaya karar vermek i\u00e7in tek dayanak olarak kullan\u0131lmamal\u0131d\u0131r. Bu sitede yer alan \u00fcr\u00fcn g\u00f6rsel ve bilgilerin, sat\u0131n alma karar\u0131n\u0131za etkisi a\u00e7\u0131s\u0131ndan <strong>Toyzler<\/strong> sorumlu tutulamaz.<\/li>\r\n<\/ul>\r\n<p><strong>Fiyatlar, Teklifler ve Sipari\u015fler<\/strong><\/p>\r\n<ul>\r\n<li><strong>com.tr<\/strong>&#8216; de sergilenen \u00fcr\u00fcnlerin fiyatlar\u0131 \u00f6nceden haber verilmeksizin de\u011fi\u015ftirilebilir. Herhangi bir \u00fcr\u00fcn\u00fcn sat\u0131\u015f miktar\u0131n\u0131 s\u0131n\u0131rlama hakk\u0131 <strong>Toyzler<\/strong> \u2018a aittir.<\/li>\r\n<\/ul>\r\n<p>(2) Web sitesinde g\u00f6r\u00fcnt\u00fclenen fiyatlar bilgilendirme ama\u00e7l\u0131 olup ba\u011flay\u0131c\u0131 de\u011fildir. Bu fiyatlar esas al\u0131narak verilen sipari\u015fler, <strong>Toyzler<\/strong> sipari\u015flerinizi onaylayana kadar yaln\u0131zca m\u00fc\u015fteri i\u00e7in ba\u011flay\u0131c\u0131d\u0131r. Ancak onay s\u00fcreci ile <strong>Toyzler<\/strong> i\u00e7in ba\u011flay\u0131c\u0131 hale gelir.<\/p>\r\n<p>(3) A\u015fa\u011f\u0131daki nedenlerden bir veya daha fazlas\u0131 ya da listelenmeyen benzer neden\/nedenlerden dolay\u0131 sipari\u015finizi onaylayamayabiliriz:<\/p>\r\n<ol>\r\n<li>i) Sipari\u015f etti\u011finiz \u00fcr\u00fcn\u00fcn stokta bulunmamas\u0131<\/li>\r\n<li>ii) \u00d6demenizin onaylanamamas\u0131 ya da i\u015flemin \u015f\u00fcpheli olabilece\u011fine y\u00f6nelik makul gerek\u00e7elerimizin olmas\u0131<\/li>\r\n<\/ol>\r\n<p>iii) Fiyatland\u0131rma ya da \u00fcr\u00fcn bilgisine dair bir hatan\u0131n olmas\u0131<\/p>\r\n<ol>\r\n<li>iv) Sistemimizde veya tedarik s\u00fcrecimizde beklemedi\u011fimiz bir sorunun ortaya \u00e7\u0131kmas\u0131<\/li>\r\n<li>v) M\u00fc\u015fteri kimlik do\u011frulamas\u0131n\u0131n ger\u00e7ekle\u015ftirilememesi<\/li>\r\n<\/ol>\r\n<p>(3) Sipari\u015finizin taraf\u0131m\u0131za ula\u015ft\u0131\u011f\u0131n\u0131 ve sipari\u015finizle ilgili olan gerekli t\u00fcm di\u011fer bilgileri sa\u011flad\u0131\u011f\u0131n\u0131z e-posta adresine g\u00f6ndermekteyiz. Bu nedenle, l\u00fctfen bize verdi\u011finiz e-posta adresinin do\u011frulu\u011fundan, e-postalar\u0131n\u0131z\u0131 teknik olarak sorunsuz bir \u015fekilde alabildi\u011finizden ve gelen e-postalar\u0131n SPAM filtreleriniz taraf\u0131ndan engellenmedi\u011finden emin olunuz.<\/p>\r\n<p><strong>Sipari\u015f \u0130ptali<\/strong><\/p>\r\n<p>Sipari\u015finizi iptal etmek isterseniz, l\u00fctfen \u00f6ncelikle \u00fcr\u00fcnlerin sevkiyat\u0131n\u0131n ger\u00e7ekle\u015fip ger\u00e7ekle\u015fmedi\u011fi konusunda bize ula\u015farak bilgi al\u0131n\u0131z.<\/p>\r\n<p><strong>(1) Sevkiyattan \u00d6nce \u0130ptal<\/strong><\/p>\r\n<p><strong>Toyzler.com.tr<\/strong> adresinden verdi\u011finiz sipari\u015fleri, sevkiyattan \u00f6nce tamamen veya k\u0131smen iptal edebilirsiniz. Sipari\u015finizi iptal etmek i\u00e7in <a href=\"mailto:support@toyzler.com.tr\">support@toyzler.com.tr<\/a> adresine e-posta g\u00f6nderebilirsiniz. Sipari\u015f iptali hakk\u0131nda daha fazla bilgi i\u00e7in <a href=\"https:\/\/toyzler.com.tr\/iade-iptal-ve-geri-odeme-politikasi\/\"><strong>Toyzler<\/strong> \u0130ade, \u0130ptal ve Geri \u00d6deme Politikas\u0131<\/a>&#8216;n\u0131 inceleyerek, ad\u0131mlar\u0131 takip ediniz.<\/p>\r\n<p><strong>(2) Sevkiyat Sonras\u0131 \u0130ptal<\/strong><\/p>\r\n<p>Sipari\u015flerinizin sevkiyattan sonra iptal edilmesi m\u00fcmk\u00fcn olmamaktad\u0131r. Sipari\u015fleriniz sevkiyat s\u00fcrecinde ise \u00fcr\u00fcnlerinizi <a href=\"mailto:support@toyzler.com.tr\">support@toyzler.com.tr<\/a> adresine mail atarak iade edebilirsiniz. Sipari\u015f iadesi hakk\u0131nda daha fazla bilgi i\u00e7in <a href=\"https:\/\/toyzler.com.tr\/iade-iptal-ve-geri-odeme-politikasi\/\"><strong>Toyzler<\/strong> \u0130ade Politikas\u0131<\/a>\u2018n\u0131 inceleyerek, ad\u0131mlar\u0131 takip ediniz.<\/p>\r\n<p><strong>Sevkiyat ve Teslimat<\/strong><\/p>\r\n<p>(1) Sipari\u015f edilen \u00fcr\u00fcnler stoklar\u0131m\u0131zda mevcut ise 5 i\u015f g\u00fcn\u00fc i\u00e7erisinde kargo firmas\u0131na ula\u015ft\u0131rmaktay\u0131z. Ancak sipari\u015f edilen \u00fcr\u00fcn ya da \u00fcr\u00fcnlerin stoklar\u0131m\u0131zda olmad\u0131\u011f\u0131 durumda sipari\u015finizin kargoya teslimi biraz daha uzun zaman alabilmektedir.<\/p>\r\n<p>(2) <strong>Toyzler<\/strong>, sipari\u015f edilen \u00fcr\u00fcnlerin kargoya tahmini teslimat tarihini m\u00fc\u015fteriye bildirecektir. Taraf\u0131n\u0131za bildirilen teslimat tarihi, normal i\u015fleyi\u015fi hesaba katarak elde etti\u011fimiz bir de\u011fer oldu\u011fu i\u00e7in de\u011fi\u015fiklik g\u00f6sterebilmektedir. Bununla birlikte, \u00fcr\u00fcn\u00fcn\u00fcz\u00fcn taraf\u0131m\u0131zca bildirilen teslimat tarihine uygun bir \u015fekilde teslim edilmesi i\u00e7in elimizden gelen t\u00fcm makul \u00e7abay\u0131 sarf etmekteyiz.<\/p>\r\n<p>(3) Sat\u0131n al\u0131nan \u00fcr\u00fcnlerin kargoya teslimat\u0131 sonras\u0131ndaki t\u00fcm risk taraf\u0131n\u0131za ait olacakt\u0131r. Bu nedenle, teslimat s\u0131ras\u0131nda kontrol\u00fcn\u00fcz\u00fc sa\u011flayarak herhangi bir hasar veya eksiklik durumunu, teslim ald\u0131\u011f\u0131n\u0131z tarih itibariyle 5 i\u015f g\u00fcn\u00fc i\u00e7inde taraf\u0131m\u0131za bildirmeniz gerekmektedir. Sipari\u015finizi sorunsuzca teslim ald\u0131\u011f\u0131n\u0131z\u0131 onaylaman\u0131z, \u00fcr\u00fcnleri eksiksiz ve hasars\u0131z teslim ald\u0131\u011f\u0131n\u0131z anlam\u0131na gelmektedir. Bu nedenle l\u00fctfen teslimat s\u0131ras\u0131nda sipari\u015finizi dikkatli bir \u015fekilde kontrol etti\u011finizden emin olunuz. Bu konu hakk\u0131nda daha detayl\u0131 bilgi i\u00e7in <a href=\"https:\/\/toyzler.com.tr\/garanti-iade-ve-degisim-politikasi\/\">Toyzler Garanti \u0130ade ve De\u011fi\u015fim Politikas\u0131<\/a> b\u00f6l\u00fcm\u00fcndeki &#8216;Ta\u015f\u0131ma S\u0131ras\u0131nda Mal Hasarlar\u0131&#8217; ba\u015fl\u0131\u011f\u0131n\u0131 kontrol edebilirsiniz.<\/p>\r\n<p><strong>Cayma Hakk\u0131<\/strong><\/p>\r\n<p><strong>Toyzler.com.tr<\/strong> adresinden sipari\u015f etti\u011finiz t\u00fcm \u00fcr\u00fcnler i\u00e7in, teslim ald\u0131ktan sonraki 14 i\u015f g\u00fcn\u00fc i\u00e7inde herhangi bir neden g\u00f6stermeksizin cayma hakk\u0131n\u0131z bulunmaktad\u0131r. Cayma hakk\u0131n\u0131z konusunda daha fazla bilgi edinmek ve bu hakk\u0131n\u0131z\u0131 nas\u0131l kullanaca\u011f\u0131n\u0131z\u0131 \u00f6\u011frenmek i\u00e7in l\u00fctfen <a href=\"https:\/\/toyzler.com.tr\/iade-iptal-ve-geri-odeme-politikasi\/\">Toyzler \u0130ade, \u0130ptal ve Geri \u00d6deme Politikas\u0131<\/a>&#8216;n\u0131 kontrol ediniz.<\/p>\r\n<p><strong>Garanti<\/strong><\/p>\r\n<p><strong>Toyzler<\/strong> olarak her \u00fcr\u00fcn\u00fcm\u00fcz\u00fcn malzeme ve \u00fcretim y\u00f6ntemlerinin kullan\u0131m amac\u0131na uygun se\u00e7ildi\u011fini garanti etmekteyiz. T\u00fcm <strong>Toyzler<\/strong> \u00fcr\u00fcnleri, sekt\u00f6rdeki en y\u00fcksek standartlara uygun olarak \u00fcretilmektedir. Ancak \u00fcretim s\u00fcrecindeki herhangi bir hata sonucu ortaya \u00e7\u0131kan \u00fcr\u00fcn kusurlar\u0131 ve eksiklikleri garanti kapsam\u0131nda de\u011ferlendirilmektedir. Bu durumda <strong>Toyzler.com.tr<\/strong> \u00fczerinden do\u011frudan ald\u0131\u011f\u0131n\u0131z t\u00fcm \u00fcr\u00fcnleriniz i\u00e7in gereken onar\u0131m\u0131 sa\u011flayacak, \u00fcr\u00fcn\u00fcn\u00fcz\u00fc de\u011fi\u015ftirecek ya da para iadenizi ger\u00e7ekle\u015ftirece\u011fiz. <strong>Toyzler.com.tr<\/strong> \u00fczerinden sat\u0131n al\u0131nan t\u00fcm <strong>Toyzler<\/strong> \u00fcr\u00fcnleri i\u00e7in sat\u0131n alma tarihinden itibaren 2 y\u0131l s\u0131n\u0131rl\u0131 garanti sunmaktay\u0131z. Bu konuda daha fazla bilgi edinmek i\u00e7in, l\u00fctfen <a href=\"https:\/\/toyzler.com.tr\/garanti-iade-ve-degisim-politikasi\/\">Toyzler Garanti, \u0130ade ve De\u011fi\u015fim Politikas\u0131<\/a> \u2018n\u0131 kontrol ediniz.<\/p>\r\n<p>Sizler i\u00e7in haz\u0131rlad\u0131\u011f\u0131m\u0131z Genel \u015eartlar ve Ko\u015fullar hakk\u0131nda sorular\u0131n\u0131z ve ek bilgi talepleriniz i\u00e7in <a href=\"mailto:info@toyzler.com.tr\">info@toyzler.com.tr<\/a> adresine e-posta g\u00f6nderebilirsiniz.<\/p>\r\n<p>[\/vc_column_text][\/vc_column][\/vc_row]<\/p><\/div>","protected":false},"excerpt":{"rendered":"<p>[vc_row css=&#8221;.vc_custom_1550212476104{margin-bottom: 0px !important;padding-top: 80px !important;padding-bottom: 80px !important;}&#8221;][vc_column][vc_column_text] Toyzler Genel H\u00fck\u00fcmler ve Ko\u015fullar Son G\u00fcncelleme: 25.10.2023 Say\u0131n ziyaret\u00e7imiz, https:\/\/toyzler.com.tr \u2018ye ho\u015f geldiniz. Web sitemizi (Toyzler.com.tr) kullan\u0131rken ve\/veya web sitemiz \u00fczerinden sipari\u015f verirken a\u015fa\u011f\u0131da belirtti\u011fimiz h\u00fck\u00fcm ve ko\u015fullar ge\u00e7erli olmaktad\u0131r. Web sitemizi kullan\u0131rken ve web sitemiz \u00fczerinden \u00fcr\u00fcn sat\u0131n alma i\u015flemlerinizde a\u015fa\u011f\u0131da belirtece\u011fimiz h\u00fck\u00fcm ve ko\u015fullara&#8230;<a class=\"r_more_blog\" href=\"https:\/\/toyzler.com\/tr\/sartlar-kosullar\/#more-33118\"> continue reading<\/a><\/p>\n","protected":false},"author":1,"featured_media":0,"parent":0,"menu_order":0,"comment_status":"closed","ping_status":"closed","template":"","meta":{"footnotes":""},"class_list":["post-33118","page","type-page","status-publish","hentry"],"_links":{"self":[{"href":"https:\/\/toyzler.com\/tr\/wp-json\/wp\/v2\/pages\/33118","targetHints":{"allow":["GET"]}}],"collection":[{"href":"https:\/\/toyzler.com\/tr\/wp-json\/wp\/v2\/pages"}],"about":[{"href":"https:\/\/toyzler.com\/tr\/wp-json\/wp\/v2\/types\/page"}],"author":[{"embeddable":true,"href":"https:\/\/toyzler.com\/tr\/wp-json\/wp\/v2\/users\/1"}],"replies":[{"embeddable":true,"href":"https:\/\/toyzler.com\/tr\/wp-json\/wp\/v2\/comments?post=33118"}],"version-history":[{"count":0,"href":"https:\/\/toyzler.com\/tr\/wp-json\/wp\/v2\/pages\/33118\/revisions"}],"wp:attachment":[{"href":"https:\/\/toyzler.com\/tr\/wp-json\/wp\/v2\/media?parent=33118"}],"curies":[{"name":"wp","href":"https:\/\/api.w.org\/{rel}","templated":true}]}}