{"id":33109,"date":"2024-05-20T06:02:47","date_gmt":"2024-05-20T06:02:47","guid":{"rendered":"https:\/\/toyzler.com.tr\/?page_id=33109"},"modified":"2024-05-20T08:15:49","modified_gmt":"2024-05-20T08:15:49","slug":"gizlilik-politikasi","status":"publish","type":"page","link":"https:\/\/toyzler.com\/tr\/gizlilik-politikasi\/","title":{"rendered":"Gizlilik Politikas\u0131"},"content":{"rendered":"<div class=\"wpb-content-wrapper\">[vc_row css=&#8221;.vc_custom_1550212476104{margin-bottom: 0px !important;padding-top: 80px !important;padding-bottom: 80px !important;}&#8221;][vc_column][vc_column_text]\r\n\r\n<strong>Toyzler Gizlilik Politikas\u0131<\/strong>\r\n\r\n<strong>Toyzler<\/strong> olarak g\u00fcvenli\u011finiz bizim i\u00e7in \u00f6nemli. Bu nedenle, web site ziyaret\u00e7ilerimizin ve m\u00fc\u015fterilerimizin ki\u015fisel verilerini korumak ve buna y\u00f6nelik gerekli tedbirleri almak i\u00e7in elimizden gelenin en iyisini yapmaya gayret ediyoruz.\r\n\r\n<strong>Toyzler Gizlilik Politikas\u0131<\/strong> metninde ki\u015fisel verilerinizi nas\u0131l toplad\u0131\u011f\u0131m\u0131z\u0131, kulland\u0131\u011f\u0131m\u0131z\u0131 ve korudu\u011fumuzu a\u00e7\u0131klamaktay\u0131z. Bu nedenle, her ne kadar hukuki ifadeleri kullanmak durumunda olsak da sizler i\u00e7in gizlilik politikam\u0131z\u0131 okumas\u0131 ve anla\u015f\u0131lmas\u0131 m\u00fcmk\u00fcn bir sadelikte yazmaya gayret ettik.\r\n\r\nPolitikam\u0131z\u0131 inceledikten sonra, ihtiya\u00e7 duydu\u011funuz ek bir bilgi, soru veya \u015fikayetiniz var ise bizimle <a href=\"mailto:info@toyzler.com\">info@toyzler.com.tr<\/a> adresinden ileti\u015fime ge\u00e7ebilirsiniz.\r\n\r\n&nbsp;\r\n\r\n<strong>Ba\u015flarken\u2026<\/strong>\r\n\r\nORES San. Tic. Co. Ltd. (2. Cadde No:12, 54590 Sakarya 1. Organize Sanayi B\u00f6lgesi\/Arifiye\/Sakarya)\u2019 ne ait olan <strong>Toyzler<\/strong> markas\u0131, veri g\u00fcvenli\u011finizi ve gizlili\u011finizi korumaya \u00f6ncelik vermektedir. Bu web sitesi (Toyzler.com.tr) ziyaret\u00e7ilerin verilerini y\u00fcr\u00fcrl\u00fckteki AB Genel Veri Koruma Y\u00f6netmeli\u011fi (GDPR) \u2018ne uygun olarak toplamakta ve i\u015flemektedir.\r\n\r\nBu Gizlilik Politikas\u0131\u2019 n\u0131n amac\u0131, sizleri ki\u015fisel verilerinizin i\u015flenmesi hakk\u0131nda a\u00e7\u0131k\u00e7a bilgilendirmektir. Web sitemizi ziyaret etti\u011finizde ve web sitemizdeki \u00e7e\u015fitli hizmetleri kulland\u0131\u011f\u0131n\u0131zda ki\u015fisel verilerinizi nas\u0131l toplad\u0131\u011f\u0131m\u0131z\u0131, i\u015fledi\u011fimizi ve bu konuda hangi haklara sahip oldu\u011funuza dair bilgiyi a\u015fa\u011f\u0131daki metinden elde edebilirsiniz.\r\n\r\n&nbsp;\r\n<ol>\r\n \t<li><strong> Verilerinizi Prensiplerimize Uygun Topluyoruz <\/strong><\/li>\r\n<\/ol>\r\nVerilerinizi AB Genel Veri Koruma Y\u00f6netmeli\u011fi (GDPR) \u2018nde yer alan temel ilkelere g\u00f6re toplamakta ve i\u015flemekteyiz. Bununla uyumlu olarak, ilkelerimiz;\r\n<ul>\r\n \t<li>Verilerinizi hukuka uygun, adil ve \u015feffaf bir \u015fekilde i\u015fliyoruz.<\/li>\r\n \t<li>Yaln\u0131zca metinde yer verdi\u011fimiz belirli, a\u00e7\u0131k ve me\u015fru ama\u00e7lar i\u00e7in yeterli, ilgili ve s\u0131n\u0131rl\u0131 veri topluyoruz.<\/li>\r\n \t<li>Gizlilik Politikam\u0131z\u0131 mevcut yasal d\u00fczenlemedeki de\u011fi\u015fiklikler do\u011frultusunda g\u00fcncel tutuyoruz. G\u00fcncellemelerden haberdar olmak i\u00e7in politikam\u0131z\u0131 d\u00fczenli olarak kontrol etmenizi \u00f6neririz.<\/li>\r\n \t<li>Hukuka uygun \u015fekilde toplanan verileri depolama gereksinimi ortadan kalkt\u0131\u011f\u0131nda verilerinizi siliyor, yasal olarak saklama gereklilikleri bulunmakta ise verilerinizi i\u015flemeyi k\u0131s\u0131tl\u0131yoruz.<\/li>\r\n<\/ul>\r\n&nbsp;\r\n<ol start=\"2\">\r\n \t<li><strong> Verilerinizi Yaln\u0131zca S\u0131n\u0131rl\u0131 Ama\u00e7larla ve Onlara Uygun \u015eekilde Kullan\u0131yoruz<\/strong><\/li>\r\n<\/ol>\r\nWeb sitemizi ziyaret ederken, \u00e7evrimi\u00e7i al\u0131\u015fveri\u015f yaparken, bizimle ileti\u015fime ge\u00e7erken veya herhangi bir formu doldururken Toyzler&#8217;a ki\u015fisel bilgilerinizi i\u015fleme yetkisi vermektesiniz. Ki\u015fisel verilerinizi sizlere yard\u0131mc\u0131 olmak, kullan\u0131c\u0131 deneyimini ve\/veya m\u00fc\u015fteri memnuniyetini sa\u011flamak ve geli\u015ftirmek ve pazarlama faaliyetlerimizi ger\u00e7ekle\u015ftirmek amac\u0131 ile kullanmaktay\u0131z. Daha net bir \u015fekilde ifade etmek gerekirse, ki\u015fisel verileri yaln\u0131zca a\u015fa\u011f\u0131da belirtilen ama\u00e7lara y\u00f6nelik toplanmakta ve i\u015flenmektedir;\r\n<ul>\r\n \t<li>Pazarlama (e-posta, posta ve\/veya SMS yoluyla)<\/li>\r\n \t<li>Ba\u015fvuru (\u00f6rne\u011fin, cayma formunun doldurulmas\u0131, i\u015f ba\u015fvurusu, vb.)<\/li>\r\n \t<li>Sipari\u015f Y\u00f6netimi (\u00f6rne\u011fin, sipari\u015finizle ilgili \u00e7e\u015fitli bilgileri iletmek vb.)<\/li>\r\n \t<li>Sat\u0131\u015f sonras\u0131 hizmet (\u00f6rne\u011fin, iadelerinizin de\u011ferlendirmesi, garanti, memnuniyet \u00f6l\u00e7\u00fcm\u00fc, vb.)<\/li>\r\n \t<li>\u00dcr\u00fcn veya hizmetlerle ilgili bilgiler (sizlerle ileti\u015fim kurma, sorular\u0131n\u0131z\u0131 yan\u0131tlama vb.)<\/li>\r\n \t<li>\u00d6deme i\u015flemleri<\/li>\r\n \t<li>Teslimat<\/li>\r\n<\/ul>\r\n&nbsp;\r\n<ol start=\"3\">\r\n \t<li><strong> Hangi verileri topluyoruz?<\/strong><\/li>\r\n<\/ol>\r\nToyzler teknik olarak taraf\u0131m\u0131za sa\u011flanan t\u00fcm verileri toplamamakta ve i\u015flememektedir. Ayn\u0131 zamanda kapsam\u0131 belirli olan bu verileri, yaln\u0131zca dahili olarak kullanmakta ve ticari ama\u00e7larla ba\u015fka kurulu\u015flara iletmemekte, payla\u015fmamakta veya satmamaktad\u0131r. Verileriniz yaln\u0131zca sipari\u015f s\u00fcrecinizi y\u00f6netmek ve Toyzler Gizlilik Politikas\u0131\u2019 n\u0131n 2. maddesinde belirtilen ama\u00e7lar\u0131 ger\u00e7ekle\u015ftirmekle s\u0131n\u0131rl\u0131 olarak \u00fc\u00e7\u00fcnc\u00fc taraf\u0131n kullan\u0131m\u0131na sunulabilecektir.\r\n\r\n&nbsp;\r\n\r\nToyzler.com.tr&#8217; yi ziyaret etti\u011finizde a\u015fa\u011f\u0131daki bilgileri toplamakta ve saklamaktay\u0131z;\r\n<ul>\r\n \t<li>\u0130sim, soyisim<\/li>\r\n \t<li>E-posta adresi<\/li>\r\n \t<li>Telefon numaras\u0131<\/li>\r\n \t<li>Sipari\u015finizle ilgili bilgiler (\u00f6rn. sipari\u015f numaras\u0131, \u00fcr\u00fcn, tarih vb.)<\/li>\r\n \t<li>IP adresi<\/li>\r\n \t<li>Vaka ge\u00e7mi\u015fi (\u00f6rne\u011fin, m\u00fc\u015fteri hizmetlerine sordu\u011funuz sorular, sorgulamalar, vb.)<\/li>\r\n \t<li>\u00d6deme bilgileri ve ge\u00e7mi\u015fi<\/li>\r\n \t<li>\u00c7erezler<\/li>\r\n<\/ul>\r\n&nbsp;\r\n<ol start=\"4\">\r\n \t<li><strong> Verileriniz g\u00fcvende mi?<\/strong><\/li>\r\n<\/ol>\r\nSistemlerimizin korunmas\u0131na ve g\u00fcvenli\u011fine b\u00fcy\u00fck \u00f6nem vermekteyiz. Y\u00f6netmeliklere uygun olarak toplanan ki\u015fisel verilerin g\u00fcvenli\u011fini ve gizlili\u011fini sa\u011flamak i\u00e7in gerekli t\u00fcm teknik \u00f6nlemleri almaktay\u0131z. Bunun yan\u0131 s\u0131ra, bilgilerinize yetkisi olmayan ki\u015filerin eri\u015fimini engellemek i\u00e7in ek \u00f6nlemlerimiz bulunmaktad\u0131r. Ziyaret\u00e7i verilerini ve ki\u015fisel verileri i\u00e7eren dosyalara eri\u015fimi k\u0131s\u0131tlamak i\u00e7in \u015fifreleme kullanmaktay\u0131z.\r\n\r\n&nbsp;\r\n<ol start=\"5\">\r\n \t<li><strong> Di\u011fer web sitelerine verilen ba\u011flant\u0131lar<\/strong><\/li>\r\n<\/ol>\r\nWeb sitemiz i\u00e7inde di\u011fer web sitelerine ba\u011flant\u0131lar verilebilir. Toyzler, ba\u011flant\u0131 verilen web sitelerin i\u00e7eri\u011finden veya ki\u015fisel veri toplama uygulamalar\u0131ndan sorumlu de\u011fildir. Bu ba\u011flant\u0131lar yoluyla di\u011fer web sitelerini ziyaret etti\u011finizde, s\u00f6z konusu web sitesinin politikalar\u0131n\u0131 incelemenizi tavsiye etmekteyiz.\r\n\r\n&nbsp;\r\n<ol start=\"6\">\r\n \t<li><strong> Haklar\u0131n\u0131z Nelerdir?<\/strong><\/li>\r\n<\/ol>\r\nToyzler olarak ba\u011fl\u0131l\u0131\u011f\u0131m\u0131z\u0131 beyan etti\u011fimiz, mevcut d\u00fczenlemeler aras\u0131nda en y\u00fcksek veri korumas\u0131n\u0131 sa\u011flayan AB Genel Veri Koruma Y\u00f6netmeli\u011fi (GDPR) kapsam\u0131ndaki haklar\u0131n\u0131z konusunda sizleri bilgilendirmekten mutluluk duyar\u0131z.\r\n\r\nGDPR kapsam\u0131nda korunan haklar\u0131n\u0131z;\r\n<ul>\r\n \t<li><strong>Ki\u015fisel verilerinize eri\u015fim hakk\u0131:<\/strong> Hangi verilerinizi ne ama\u00e7la kaydetti\u011fimiz, verilere kimlerin ula\u015fabildi\u011fi ve bunun yasal dayana\u011f\u0131 hakk\u0131nda bilgiye eri\u015fme hakk\u0131na sahipsiniz. Taraf\u0131m\u0131za <a href=\"mailto:info@toyzler.com\">info@toyzler.com<\/a> adresinden e-posta g\u00f6ndererek, kimli\u011finizi kan\u0131tlamak ko\u015fuluyla bilgi talep edebilirsiniz.<\/li>\r\n<\/ul>\r\n&nbsp;\r\n<ul>\r\n \t<li><strong>D\u00fczeltme, silme, k\u0131s\u0131tlama ve itiraz hakk\u0131:<\/strong> Yanl\u0131\u015f bilgilerinizi d\u00fczeltmemizi isteyebilirsiniz. Veri i\u015flemek i\u00e7in yasal dayana\u011f\u0131m\u0131z\u0131n kalmad\u0131\u011f\u0131 durumlarda, taraf\u0131m\u0131zca depolanan bilgilerinizin silinmesini talep edebilirsiniz. Aksi y\u00f6nde karar verdi\u011finiz herhangi bir zamanda, verilerinizin pazarlama faaliyetlerimiz i\u00e7in i\u015flenmesine itiraz edebilirsiniz. Bilgilerinizi d\u00fczeltme, silme veya pazarlama amac\u0131yla kullan\u0131lan ki\u015fisel verilerinizi i\u015flemeyi durdurma haklar\u0131n\u0131z\u0131 talep etmek i\u00e7in, taraf\u0131m\u0131za <a href=\"mailto:info@toyzler.com\">info@toyzler.com<\/a> adresinden e-posta g\u00f6nderebilirsiniz. Bu durumda kimli\u011finizi kan\u0131tlaman\u0131z\u0131 isteyebilece\u011fimizi bildirmek isteriz.<\/li>\r\n<\/ul>\r\n&nbsp;\r\n<ul>\r\n \t<li><strong>\u0130zni geri \u00e7ekme hakk\u0131<\/strong>: Ki\u015fisel verilerinizin belirli bir \u015fekilde i\u015flenmesi i\u00e7in bize verdi\u011finiz onay\u0131 herhangi bir zamanda geri \u00e7ekebilirsiniz. Onay\u0131n\u0131z\u0131 geri \u00e7ekmek isterseniz, l\u00fctfen <a href=\"mailto:info@toyzler.com\">info@toyzler.com<\/a> adresinden bizimle ileti\u015fime ge\u00e7in. Bu durumda kimli\u011finizi kan\u0131tlaman\u0131z\u0131 isteyebilece\u011fimizi bildirmek isteriz.<\/li>\r\n<\/ul>\r\n&nbsp;\r\n<ol start=\"7\">\r\n \t<li><strong>\u00c7erezler<\/strong><\/li>\r\n<\/ol>\r\nG\u00fcn\u00fcm\u00fczde web sitelerinin neredeyse hepsi \u00e7erez (cookie) kullanmaktad\u0131r. Bizim web sitemiz de (Toyzler.com.tr), sizlere daha iyi, h\u0131zl\u0131 ve g\u00fcvenli bir kullan\u0131m deneyimi sa\u011flamak i\u00e7in, \u00e7o\u011fu internet sitesi gibi \u00e7erezler kullanmaktad\u0131r.\r\n\r\n\u00c7erezler (cookie) bir web sitesini ziyaret etti\u011finizde, internet siteleri taraf\u0131ndan eri\u015fim sa\u011flad\u0131\u011f\u0131n\u0131z cihaz\u0131n\u0131za kaydedilen k\u00fc\u00e7\u00fck veri depolama dosyalar\u0131d\u0131r. Bu dosyada web sitesi gezintinize ait bilgiler saklan\u0131r. B\u00f6ylelikle eri\u015fim sa\u011flad\u0131\u011f\u0131n\u0131z cihazlar\u0131n\u0131z, web sitesini tekrar kulland\u0131\u011f\u0131n\u0131zda bu verilerinizi hat\u0131rlar.\r\n\r\n\u00c7erezler sizin internete eri\u015fti\u011finiz ki\u015fisel cihazlar\u0131n\u0131zda saklanmaktad\u0131r. Bu nedenle, \u00e7erezlerin kullan\u0131m\u0131 \u00fczerinde tam kontrole sahip olursunuz.\r\n\r\n\u00c7erezlerin kullan\u0131m\u0131na ili\u015fkin tercihlerinizi de\u011fi\u015ftirmek ya da \u00e7erezleri engellemek veya silmek i\u00e7in taray\u0131c\u0131n\u0131z\u0131n ayarlar\u0131n\u0131 de\u011fi\u015ftirmeniz yeterlidir. Taray\u0131c\u0131lar\u0131n neredeyse hepsi, \u00e7erezleri kontrol edebilmeniz i\u00e7in size \u00e7erezleri kabul etme veya reddetme, yaln\u0131zca belirli t\u00fcrdeki \u00e7erezleri kabul etme ya da bir web sitesi cihaz\u0131n\u0131za \u00e7erez depolamay\u0131 talep etti\u011finde taray\u0131c\u0131 taraf\u0131ndan uyar\u0131lma se\u00e7ene\u011fi sunar. Ayn\u0131 zamanda daha \u00f6nce taray\u0131c\u0131n\u0131za kaydedilmi\u015f \u00e7erezlerin silinmesi de m\u00fcmk\u00fcnd\u00fcr.\r\n\r\nBununla birlikte, \u00e7erez ayarlar\u0131n\u0131z \u00fczerinde yapaca\u011f\u0131n\u0131z de\u011fi\u015fiklikler web sitemizin t\u00fcm i\u015flevlerinden tam olarak yararlanman\u0131z\u0131 engelleyebilir.\r\n\r\n&nbsp;\r\n<ul>\r\n \t<li><strong>Toyzler Hangi T\u00fcr \u00c7erezler Kullanmaktad\u0131r?<\/strong><\/li>\r\n<\/ul>\r\n<table width=\"588\">\r\n<thead>\r\n<tr>\r\n<td width=\"195\">\u00c7erez T\u00fcr\u00fc<\/td>\r\n<td width=\"393\">A\u00e7\u0131klama<\/td>\r\n<\/tr>\r\n<\/thead>\r\n<tbody>\r\n<tr>\r\n<td width=\"195\">Kullan\u0131lmas\u0131 Zorunlu Olan \u00c7erezler<\/td>\r\n<td width=\"393\">&nbsp;\r\n\r\n\u0130nternet sitesinin d\u00fczg\u00fcn bir \u015fekilde \u00e7al\u0131\u015fabilmesi, sitenin \u00f6zelliklerinden ve sunulan hizmetlerden yararlanabilmeniz i\u00e7in kullan\u0131m\u0131 mecburi olan \u00e7erezlerdir. Bu \u00e7erezler, Web Sitesi&#8217;nin d\u00fczg\u00fcn \u015fekilde \u00e7al\u0131\u015fmas\u0131 i\u00e7in mutlaka gerekli olan \u00e7erezlerdir. Bu \u00e7erezlere, sistemin y\u00f6netilebilmesi, sahte i\u015flemlerin \u00f6nlenmesi i\u00e7in ihtiya\u00e7 vard\u0131r ve engellenmesi halinde Web Sitesi \u00e7al\u0131\u015famayacakt\u0131r.<\/td>\r\n<\/tr>\r\n<tr>\r\n<td width=\"195\"><strong>\u0130\u015flevsel ve Analitik \u00c7erezler<\/strong><\/td>\r\n<td width=\"393\">Bu \u00e7erezler size daha geli\u015fmi\u015f ve kolay bir kullan\u0131m deneyimi ya\u015fatmak i\u00e7in kullan\u0131lan \u00e7erezlerdir. Tercihlerinizin hat\u0131rlanmas\u0131, internet sitesinin etkin \u015fekilde kullan\u0131lmas\u0131, sitenin isteklerinize cevap verecek \u015fekilde optimize edilmesi gibi ama\u00e7larla kullan\u0131lan ve siteyi nas\u0131l kulland\u0131\u011f\u0131n\u0131z hakk\u0131nda verileri i\u00e7eren \u00e7erezlerdir. Nitelikleri gere\u011fi bu t\u00fcrdeki \u00e7erezler ki\u015fisel verilerinizi i\u00e7erebilir. \u00d6rne\u011fin sitenin g\u00f6r\u00fcnt\u00fclenme dili tercihinizi kaydeden \u00e7erezler birer i\u015flevsel \u00e7erezdir.\r\n\r\nBu \u00e7erezlerin kullan\u0131m\u0131n\u0131 engelleyebilirsiniz.<\/td>\r\n<\/tr>\r\n<tr>\r\n<td width=\"195\"><strong>Performans \u00c7erezleri<\/strong><\/td>\r\n<td width=\"393\">Sistemlerinin performans\u0131n\u0131n art\u0131r\u0131lmas\u0131 ve \u00f6l\u00e7\u00fclmesi amac\u0131yla, g\u00f6nderilen iletilerle olan etkile\u015fimi ve kullan\u0131c\u0131 davran\u0131\u015flar\u0131n\u0131 de\u011ferlendiren ve analiz eden \u00e7erezler kullanabilmektedir.<\/td>\r\n<\/tr>\r\n<tr>\r\n<td width=\"195\"><strong>Hedefleme\/Reklam \u00c7erezleri<\/strong><\/td>\r\n<td width=\"393\">Bu \u00e7erezler, size, reklam i\u00e7erikleri de dahil olmak \u00fczere, ilginizi \u00e7ekebilecek i\u00e7erikleri saptayarak sunmam\u0131z i\u00e7in kullan\u0131lmaktad\u0131r. Ancak bu \u00e7erezleri engellemeniz, reklam i\u00e7eriklerini tamamen engellemeyecek sadece sizin ilginizi \u00e7ekebilecek olan reklamlar yerine genel i\u00e7erikli reklamlar sunulacakt\u0131r. Bu \u00e7erezlerin kullan\u0131m\u0131n\u0131 engelleyebilirsiniz.<\/td>\r\n<\/tr>\r\n<\/tbody>\r\n<\/table>\r\n&nbsp;\r\n<ul>\r\n \t<li><strong>\u00c7erez Kullan\u0131m\u0131n\u0131 Nas\u0131l Kontrol Edebilirim?<\/strong><\/li>\r\n<\/ul>\r\n\u00c7erezleri kontrol edilmesine veya silinmesine ili\u015fkin i\u015flemler kulland\u0131\u011f\u0131n\u0131z taray\u0131c\u0131ya g\u00f6re de\u011fi\u015febilmektedir. Baz\u0131 pop\u00fcler taray\u0131c\u0131lar\u0131n \u00e7erezlere izin verme ya da \u00e7erezleri engelleme veya silme talimatlar\u0131na a\u015fa\u011f\u0131da g\u00f6sterilmi\u015ftir.\r\n\r\n&nbsp;\r\n<ul>\r\n \t<li><strong>Internet Explorer<\/strong><\/li>\r\n<\/ul>\r\n<ol>\r\n \t<li>Bilgisayar\u0131n\u0131z\u0131n masa\u00fcst\u00fcn\u00fc a\u00e7\u0131n ve g\u00f6rev \u00e7ubu\u011funda &#8220;Internet Explorer&#8221; simgesine dokunun veya t\u0131klay\u0131n.<\/li>\r\n \t<li>&#8220;Ara\u00e7lar&#8221; d\u00fc\u011fmesine, sonras\u0131nda da &#8220;\u0130nternet se\u00e7enekleri&#8221; k\u0131sm\u0131na t\u0131klay\u0131n.<\/li>\r\n \t<li>&#8220;Gizlilik&#8221; sekmesine dokunun veya t\u0131klay\u0131n, ard\u0131ndan t\u00fcm tan\u0131mlama bilgilerini engellemek i\u00e7in ayarlar\u0131n alt\u0131nda bulunan kayd\u0131r\u0131c\u0131y\u0131 yukar\u0131ya hareket ettirin ve &#8220;Tamam&#8221; d\u00fc\u011fmesine t\u0131klay\u0131n.<\/li>\r\n<\/ol>\r\n<ul>\r\n \t<li><strong>Microsoft Edge<\/strong><\/li>\r\n<\/ul>\r\n<ol>\r\n \t<li>&#8220;Microsoft Edge&#8221; taray\u0131c\u0131n\u0131z\u0131n sa\u011f \u00fcst k\u00f6\u015fesinden \u00fc\u00e7 nokta i\u015fareti olan b\u00f6l\u00fcme t\u0131klay\u0131n ve &#8220;Ayarlar&#8221; b\u00f6l\u00fcm\u00fcne gelin.<\/li>\r\n \t<li>Kar\u015f\u0131n\u0131za gelen yeni pencerede &#8220;Temizlenecek \u00d6\u011feleri Se\u00e7&#8221; dedikten sonra, kar\u015f\u0131n\u0131za gelen pencereden temizlemek istedi\u011finiz \u00e7erezleri se\u00e7in.<\/li>\r\n \t<li>Burada bir\u00e7ok b\u00f6l\u00fcm bulunmaktad\u0131r. \u0130stedi\u011finiz \u00e7erezleri se\u00e7erek temizleme i\u015flemine ba\u015flayabilirsiniz.<\/li>\r\n<\/ol>\r\n<ul>\r\n \t<li><strong>Google Chrome<\/strong><\/li>\r\n<\/ul>\r\n<ol>\r\n \t<li>Bilgisayar\u0131n\u0131zda\u00a0<a href=\"https:\/\/www.google.com\/intl\/tr_tr\/chrome\/\">Google Chrome<\/a>&#8216;u a\u00e7\u0131n.<\/li>\r\n \t<li>Sa\u011f \u00fcstte &#8220;Di\u011fer Ayarlar&#8221; k\u0131sm\u0131na t\u0131klay\u0131n.<\/li>\r\n \t<li>Altta bulunan &#8220;Geli\u015fmi\u015f&#8221; k\u0131sm\u0131na t\u0131klay\u0131n.<\/li>\r\n \t<li>&#8220;Gizlilik ve G\u00fcvenlik&#8221; k\u0131sm\u0131n\u0131n alt\u0131nda olan &#8220;\u0130\u00e7erik Ayarlar\u0131&#8221; k\u0131sm\u0131na t\u0131klay\u0131n.<\/li>\r\n \t<li>Sonras\u0131nda &#8220;\u00c7erezler&#8221; se\u00e7ene\u011fine t\u0131klay\u0131n.<\/li>\r\n \t<li>&#8220;T\u00fcm \u00e7erezler ve Site Verileri&#8221; k\u0131sm\u0131n\u0131n alt\u0131nda giri\u015f yapm\u0131\u015f oldu\u011funuz web sitesinin ad\u0131n\u0131 aray\u0131n.<\/li>\r\n \t<li>Sitenin sa\u011f\u0131ndaki &#8220;Kald\u0131r&#8221; simgesini t\u0131klay\u0131n.<\/li>\r\n<\/ol>\r\n<ul>\r\n \t<li><strong>Mozilla Firefox<\/strong><\/li>\r\n<\/ul>\r\n<ol>\r\n \t<li>&#8220;Firefox&#8221; taray\u0131c\u0131n\u0131zdan &#8220;Men\u00fc&#8221; d\u00fc\u011fmesine t\u0131klay\u0131n ve &#8220;Se\u00e7enekler&#8221; k\u0131sm\u0131na gelin.<\/li>\r\n \t<li>&#8220;Gizlilik ve G\u00fcvenlik&#8221; panelini se\u00e7in ve &#8220;Ge\u00e7mi\u015f&#8221; b\u00f6l\u00fcm\u00fcne gidin.<\/li>\r\n \t<li>Firefox ayar\u0131n\u0131, &#8220;ge\u00e7mi\u015f i\u00e7in \u00f6zel ayarlar\u0131 kullans\u0131n&#8221; olarak de\u011fi\u015ftirin.<\/li>\r\n \t<li>&#8220;\u00c7erezleri G\u00f6ster&#8221; d\u00fc\u011fmesine t\u0131klay\u0131n. \u00c7erezler penceresi g\u00f6r\u00fcnecektir.<\/li>\r\n \t<li>Arama alan\u0131na, \u00e7erezlerini silmek istedi\u011finiz sitenin ad\u0131n\u0131 yaz\u0131n. Araman\u0131zla web sitesiyle e\u015fle\u015fen \u00e7erezler g\u00f6r\u00fcnt\u00fclenecektir.<\/li>\r\n \t<li>Silmek istedi\u011finiz \u00e7erez(ler)i se\u00e7ip &#8220;Se\u00e7ilenleri Sil&#8221; d\u00fc\u011fmesine t\u0131klay\u0131n.<\/li>\r\n \t<li>&#8220;Kapat&#8221; d\u00fc\u011fmesine t\u0131klayarak \u00e7erezler penceresini kapat\u0131n. Sonra da &#8220;about:preferences&#8221; sayfas\u0131n\u0131 kapat\u0131n.<\/li>\r\n<\/ol>\r\n<ul>\r\n \t<li><strong>Safari<\/strong><\/li>\r\n<\/ul>\r\n<ol>\r\n \t<li>&#8220;Safari&#8221; taray\u0131c\u0131s\u0131na girin ve &#8220;Tercihler&#8221; k\u0131sm\u0131na gelin.<\/li>\r\n \t<li>&#8220;Gizlilik&#8221; \u00f6\u011fesini t\u0131klay\u0131n.<\/li>\r\n \t<li>&#8220;Web Sitesi Verilerini&#8221; t\u0131klay\u0131n.<\/li>\r\n \t<li>Bir veya daha fazla web sitesi se\u00e7in ve sonra &#8220;Sil veya T\u00fcm\u00fcn\u00fc Sil&#8221; se\u00e7ene\u011fine t\u0131klay\u0131n.<\/li>\r\n<\/ol>\r\n&nbsp;\r\n\r\n[\/vc_column_text][\/vc_column][\/vc_row]<\/div>","protected":false},"excerpt":{"rendered":"<p>[vc_row css=&#8221;.vc_custom_1550212476104{margin-bottom: 0px !important;padding-top: 80px !important;padding-bottom: 80px !important;}&#8221;][vc_column][vc_column_text] Toyzler Gizlilik Politikas\u0131 Toyzler olarak g\u00fcvenli\u011finiz bizim i\u00e7in \u00f6nemli. Bu nedenle, web site ziyaret\u00e7ilerimizin ve m\u00fc\u015fterilerimizin ki\u015fisel verilerini korumak ve buna y\u00f6nelik gerekli tedbirleri almak i\u00e7in elimizden gelenin en iyisini yapmaya gayret ediyoruz. Toyzler Gizlilik Politikas\u0131 metninde ki\u015fisel verilerinizi nas\u0131l toplad\u0131\u011f\u0131m\u0131z\u0131, kulland\u0131\u011f\u0131m\u0131z\u0131 ve korudu\u011fumuzu a\u00e7\u0131klamaktay\u0131z. Bu nedenle,&#8230;<a class=\"r_more_blog\" href=\"https:\/\/toyzler.com\/tr\/gizlilik-politikasi\/#more-33109\"> continue reading<\/a><\/p>\n","protected":false},"author":1,"featured_media":0,"parent":0,"menu_order":0,"comment_status":"closed","ping_status":"closed","template":"","meta":{"footnotes":""},"class_list":["post-33109","page","type-page","status-publish","hentry"],"_links":{"self":[{"href":"https:\/\/toyzler.com\/tr\/wp-json\/wp\/v2\/pages\/33109","targetHints":{"allow":["GET"]}}],"collection":[{"href":"https:\/\/toyzler.com\/tr\/wp-json\/wp\/v2\/pages"}],"about":[{"href":"https:\/\/toyzler.com\/tr\/wp-json\/wp\/v2\/types\/page"}],"author":[{"embeddable":true,"href":"https:\/\/toyzler.com\/tr\/wp-json\/wp\/v2\/users\/1"}],"replies":[{"embeddable":true,"href":"https:\/\/toyzler.com\/tr\/wp-json\/wp\/v2\/comments?post=33109"}],"version-history":[{"count":0,"href":"https:\/\/toyzler.com\/tr\/wp-json\/wp\/v2\/pages\/33109\/revisions"}],"wp:attachment":[{"href":"https:\/\/toyzler.com\/tr\/wp-json\/wp\/v2\/media?parent=33109"}],"curies":[{"name":"wp","href":"https:\/\/api.w.org\/{rel}","templated":true}]}}