{"id":33100,"date":"2024-05-20T06:01:55","date_gmt":"2024-05-20T06:01:55","guid":{"rendered":"https:\/\/toyzler.com.tr\/?page_id=33100"},"modified":"2024-05-20T08:14:45","modified_gmt":"2024-05-20T08:14:45","slug":"cerez-politikasi","status":"publish","type":"page","link":"https:\/\/toyzler.com\/tr\/cerez-politikasi\/","title":{"rendered":"\u00c7erez Politikas\u0131"},"content":{"rendered":"<div class=\"wpb-content-wrapper\"><p>[vc_row css=&#8221;.vc_custom_1550212476104{margin-bottom: 0px !important;padding-top: 80px !important;padding-bottom: 80px !important;}&#8221;][vc_column][vc_column_text]<\/p>\r\n\r\n<p><strong>TOYZLER \u00c7EREZ POLITiKASI VE \u00c7EREZLERE DAiR AYDINLATMA METNi<\/strong> \u00a0<\/p>\r\n<table>\r\n<tbody>\r\n<tr>\r\n<td>Toyzler, bilgilerinize ve internet deneyiminize de\u011fer verir. Bu konuda t\u00fcm ilgili i\u015flemler veri koruma mevzuat\u0131na uygun d\u00fczenlenmi\u015ftir. Bu metindeki amac\u0131m\u0131z, sizi bilgilendirmek ve iste\u011finiz do\u011frultusunda \u00e7erez ayarlar\u0131n\u0131z\u0131 de\u011fi\u015ftirmeniz i\u00e7in size yard\u0131mc\u0131 olmakt\u0131r.<\/td>\r\n<\/tr>\r\n<\/tbody>\r\n<\/table>\r\n<p>\u00a0 G\u00fcn\u00fcm\u00fczde web sitelerinin neredeyse hepsi \u00e7erez (cookie) kullanmaktad\u0131r. Bizler de, size daha iyi, h\u0131zl\u0131 ve g\u00fcvenli bir kullan\u0131m deneyimi sa\u011flamak i\u00e7in, \u00e7o\u011fu internet sitesi gibi \u00e7erezler kullan\u0131yoruz. Bu metin, sizlerin web sitemizde (<a href=\"https:\/\/toyzzle.com.tr\">https:\/\/toyzler.com.tr <\/a>) \u00e7erez kullan\u0131m\u0131na ili\u015fkin ilkeleri, veri i\u015fleme amac\u0131, veri kategorileri, verilerin toplanma y\u00f6ntemi, verilerin kimlere ve hangi ama\u00e7larla aktar\u0131labilece\u011fi, veri i\u015fleme s\u00fcresi ve verileriniz ile ilgili haklar\u0131n\u0131z\u0131n neler oldu\u011funa dair beyan ve a\u00e7\u0131klamalar\u0131m\u0131z\u0131 i\u00e7ermektedir. \u00a0 <strong>\u00c7erez (Cookie) Nedir? Hangi Ama\u00e7larla Kullan\u0131l\u0131rlar?<\/strong> \u00c7erezler (cookie) bir web sitesini ziyaret etti\u011finizde, internet siteleri taraf\u0131ndan eri\u015fim sa\u011flad\u0131\u011f\u0131n\u0131z cihaz\u0131n\u0131za kaydedilen k\u00fc\u00e7\u00fck veri depolama dosyalar\u0131d\u0131r. Bu dosyada Web Sitesi gezintinize ait bilgiler saklan\u0131r. B\u00f6ylelikle eri\u015fim sa\u011flad\u0131\u011f\u0131n\u0131z cihazlar\u0131n\u0131z Web Sitesi&#8217;ni tekrar kulland\u0131\u011f\u0131n\u0131zda bu verilerinizi hat\u0131rlayacakt\u0131r. E\u011fer kay\u0131t var ise, kayd\u0131n i\u00e7indeki veriyi ziyaret etmekte oldu\u011funuz web sitesine iletir. Bu sayede web sitesi, sizin siteyi daha \u00f6nce ziyaret etti\u011finizi anlar ve size iletilecek i\u00e7eri\u011fi de ona g\u00f6re tayin eder. \u00c7erezler, hem <em>zamandan tasarruf edebilmek<\/em> hem de daha iyi bir internet deneyimi sunmak amac\u0131yla kullan\u0131l\u0131r. Dolay\u0131s\u0131yla \u00e7erezler, Web Sitesi&#8217;ni etkili ve daha kolay kullanabilmeniz i\u00e7in gerekli ve \u00f6nemlidir. Toyyzle \u2018\u0131n \u00e7erez kullanma ama\u00e7lar\u0131:<\/p>\r\n<ul>\r\n<li>Web Sitesi&#8217;nin daha etkili kullan\u0131labilmesi i\u00e7in baz\u0131 teknik verilere ihtiya\u00e7 duyulmas\u0131,<\/li>\r\n<li>Web Sitesi\u2019 nin \u00e7e\u015fitli \u00f6zelliklerinin ve i\u015flevlerinin d\u00fczg\u00fcn bir \u015fekilde \u00e7al\u0131\u015fmas\u0131n\u0131 sa\u011flamak<\/li>\r\n<li>Web Sitesi\u2019 ni iyile\u015ftirmek ve \u0130nternet Sitesi \u00fczerinden yeni \u00f6zellikler sunmak ve sunulan \u00f6zellikleri sizlerin tercihlerine g\u00f6re ki\u015fiselle\u015ftirmek,<\/li>\r\n<li>Web Sitesi&#8217;ni tarama ve kullanma tercih ve al\u0131\u015fkanl\u0131klar\u0131n\u0131za ili\u015fkin bilgilerin toplanmas\u0131. \u00d6rne\u011fin,\u00a0 Web sitemizin ziyaret\u00e7ilerimiz taraf\u0131ndan nas\u0131l kullan\u0131ld\u0131\u011f\u0131 hakk\u0131nda en \u00e7ok t\u0131klanan ba\u011flant\u0131lar, en \u00e7ok ziyaret edilen sayfalar, g\u00f6r\u00fcnt\u00fclenen hata mesaj\u0131 say\u0131s\u0131 gibi, \u015fahsa \u00f6zel olmayan, genel bilgiler toplamak ve bu bilgileri analiz ederek hatal\u0131 sayfalar\u0131 i\u015fler hale getirmek, web sitemizi geli\u015ftirmek, tercih edilmeyen sayfalar\u0131 kald\u0131rmak veya iyile\u015ftirmek,<\/li>\r\n<li>5651 say\u0131l\u0131 Internet Ortam\u0131nda Yap\u0131lan Yay\u0131nlar\u0131n D\u00fczenlenmesi ve Bu Yay\u0131nlar Yoluyla \u0130\u015flenen Su\u00e7larla M\u00fccadele Edilmesi Hakk\u0131nda Kanun ve Internet Ortam\u0131nda Yap\u0131lan Yay\u0131nlar\u0131n D\u00fczenlenmesine Dair Usul ve Esaslar Hakk\u0131nda Y\u00f6netmelik&#8217;ten kaynaklananlar ba\u015fta olmak \u00fczere, kanuni ve s\u00f6zle\u015fmesel y\u00fck\u00fcml\u00fcl\u00fcklerini yerine getirebilmesi i\u00e7in IP adresiniz gibi ki\u015fisel verilerinize ihtiya\u00e7 duymas\u0131,<\/li>\r\n<li>Trafik istatistikleri olu\u015fturmak,<\/li>\r\n<li>\u0130nternet reklamc\u0131l\u0131\u011f\u0131, Targeting ve re-targeting (=hedefleme ve yeniden hedefleme), \u00e7apraz sat\u0131\u015f, kampanya, f\u0131rsat ve \u00fcr\u00fcn\/hizmet reklamlar\u0131 gibi size \u00f6zel \u00fcr\u00fcn ve hizmetlere y\u00f6nelik f\u0131rsatlar sunmak, tercihlerinizi g\u00f6z \u00f6n\u00fcnde bulundurarak \u00f6nerilerde bulunmak.<\/li>\r\n<\/ul>\r\n<ul>\r\n<li>Web Sitesi\u2019nin i\u015flevselli\u011fini ve performans\u0131n\u0131 artt\u0131rmak yoluyla sizlere sunulan hizmetleri geli\u015ftirmek,<\/li>\r\n<li>\u0130nternet Sitesi\u2019ni iyile\u015ftirmek, \u0130nternet Sitesi \u00fczerinden yeni \u00f6zellikler sunmak ve sunulan \u00f6zellikleri sizlerin tercihlerine g\u00f6re ki\u015fiselle\u015ftirmek,<\/li>\r\n<li>Web Sitesi\u2019 nin, sizin ve Toyzler\u2019 \u0131n hukuki ve ticari g\u00fcvenli\u011finin teminini sa\u011flamak.<\/li>\r\n<\/ul>\r\n<p>Toyzler, \u00e7erez kullan\u0131m\u0131n\u0131 yukar\u0131daki ama\u00e7larla s\u0131n\u0131rlam\u0131\u015ft\u0131r. Bu konuda t\u00fcm ilgili i\u015flemler veri koruma mevzuat\u0131na uygun d\u00fczenlenmi\u015ftir. \u00a0 <strong>\u00c7erez T\u00fcrleri Nelerdir?<\/strong> Yukar\u0131da a\u00e7\u0131klanan ama\u00e7lara y\u00f6nelik olmak \u00fczere 4 ana \u00e7erez t\u00fcr\u00fc bulunmaktad\u0131r. Bu \u00e7erezlerin \u00e7o\u011funun kullan\u0131m\u0131na ili\u015fkin tercihlerinizi de\u011fi\u015ftirmek ya da \u00e7erezleri engellemek veya silmek m\u00fcmk\u00fcnd\u00fcr. \u00a0<\/p>\r\n<table>\r\n<thead>\r\n<tr>\r\n<td>\u00c7erez T\u00fcr\u00fc<\/td>\r\n<td>A\u00e7\u0131klama<\/td>\r\n<\/tr>\r\n<\/thead>\r\n<tbody>\r\n<tr>\r\n<td>Kullan\u0131lmas\u0131 Zorunlu Olan \u00c7erezler<\/td>\r\n<td>\u00a0 \u0130nternet sitesinin d\u00fczg\u00fcn bir \u015fekilde \u00e7al\u0131\u015fabilmesi, sitenin \u00f6zelliklerinden ve sunulan hizmetlerden yararlanabilmeniz i\u00e7in kullan\u0131m\u0131 mecburi olan \u00e7erezlerdir. Bu \u00e7erezler, Web Sitesi&#8217;nin d\u00fczg\u00fcn \u015fekilde \u00e7al\u0131\u015fmas\u0131 i\u00e7in mutlaka gerekli olan \u00e7erezlerdir. Bu \u00e7erezlere, sistemin y\u00f6netilebilmesi, sahte i\u015flemlerin \u00f6nlenmesi i\u00e7in ihtiya\u00e7 vard\u0131r ve engellenmesi halinde Web Sitesi \u00e7al\u0131\u015famayacakt\u0131r.<\/td>\r\n<\/tr>\r\n<tr>\r\n<td>\u0130\u015flevsel ve Analitik \u00c7erezler<\/td>\r\n<td>Bu \u00e7erezler size daha geli\u015fmi\u015f ve kolay bir kullan\u0131m deneyimi ya\u015fatmak i\u00e7in kullan\u0131lan \u00e7erezlerdir. Tercihlerinizin hat\u0131rlanmas\u0131, internet sitesinin etkin \u015fekilde kullan\u0131lmas\u0131, sitenin isteklerinize cevap verecek \u015fekilde optimize edilmesi gibi ama\u00e7larla kullan\u0131lan ve siteyi nas\u0131l kulland\u0131\u011f\u0131n\u0131z hakk\u0131nda verileri i\u00e7eren \u00e7erezlerdir. Nitelikleri gere\u011fi bu t\u00fcrdeki \u00e7erezler ki\u015fisel verilerinizi i\u00e7erebilir. \u00d6rne\u011fin sitenin g\u00f6r\u00fcnt\u00fclenme dili tercihinizi kaydeden \u00e7erezler birer i\u015flevsel \u00e7erezdir. Bu \u00e7erezlerin kullan\u0131m\u0131n\u0131 engelleyebilirsiniz.<\/td>\r\n<\/tr>\r\n<tr>\r\n<td>Performans \u00c7erezleri<\/td>\r\n<td>Sistemlerinin performans\u0131n\u0131n art\u0131r\u0131lmas\u0131 ve \u00f6l\u00e7\u00fclmesi amac\u0131yla, g\u00f6nderilen iletilerle olan etkile\u015fimi ve kullan\u0131c\u0131 davran\u0131\u015flar\u0131n\u0131 de\u011ferlendiren ve analiz eden \u00e7erezler kullanabilmektedir.<\/td>\r\n<\/tr>\r\n<tr>\r\n<td>Hedefleme\/Reklam \u00c7erezleri<\/td>\r\n<td>Bu \u00e7erezler, size, reklam i\u00e7erikleri de dahil olmak \u00fczere, ilginizi \u00e7ekebilecek i\u00e7erikleri saptayarak sunmam\u0131z i\u00e7in kullan\u0131lmaktad\u0131r.. Ancak bu \u00e7erezleri engellemeniz, reklam i\u00e7eriklerini tamamen engellemeyecek sadece sizin ilginizi \u00e7ekebilecek olan reklamlar yerine genel i\u00e7erikli reklamlar sunulacakt\u0131r. Bu \u00e7erezlerin kullan\u0131m\u0131n\u0131 engelleyebilirsiniz<\/td>\r\n<\/tr>\r\n<\/tbody>\r\n<\/table>\r\n<p>\u00a0 <strong>\u00c7erezlerin Kullan\u0131lmas\u0131n\u0131 Nas\u0131l Kontrol Edebilir ya da Engelleyebilirsiniz?<\/strong> \u00c7erezlerin kullan\u0131m\u0131na ili\u015fkin tercihlerinizi de\u011fi\u015ftirmek ya da \u00e7erezleri engellemek veya silmek i\u00e7in taray\u0131c\u0131n\u0131z\u0131n ayarlar\u0131n\u0131 de\u011fi\u015ftirmeniz yeterlidir. Taray\u0131c\u0131lar\u0131n neredeyse hepsi, \u00e7erezleri kontrol edebilmeniz i\u00e7in size \u00e7erezleri kabul etme veya reddetme, yaln\u0131zca belirli t\u00fcrdeki \u00e7erezleri kabul etme ya da bir web sitesi cihaz\u0131n\u0131za \u00e7erez depolamay\u0131 talep etti\u011finde taray\u0131c\u0131 taraf\u0131ndan uyar\u0131lma se\u00e7ene\u011fi sunar. Ayn\u0131 zamanda daha \u00f6nce taray\u0131c\u0131n\u0131za kaydedilmi\u015f \u00e7erezlerin silinmesi de m\u00fcmk\u00fcnd\u00fcr. \u00c7erezleri kontrol edilmesine veya silinmesine ili\u015fkin i\u015flemler kulland\u0131\u011f\u0131n\u0131z taray\u0131c\u0131ya g\u00f6re de\u011fi\u015febilmektedir. Baz\u0131 pop\u00fcler taray\u0131c\u0131lar\u0131n \u00e7erezlere izin verme ya da \u00e7erezleri engelleme veya silme talimatlar\u0131na a\u015fa\u011f\u0131da g\u00f6sterilmi\u015ftir.<\/p>\r\n<ul>\r\n<li><strong>Internet Explorer<\/strong><\/li>\r\n<\/ul>\r\n<ol>\r\n<li>Bilgisayar\u0131n\u0131z\u0131n masa\u00fcst\u00fcn\u00fc a\u00e7\u0131n ve g\u00f6rev \u00e7ubu\u011funda &#8220;Internet Explorer&#8221; simgesine dokunun veya t\u0131klay\u0131n.<\/li>\r\n<li>&#8220;Ara\u00e7lar&#8221; d\u00fc\u011fmesine, sonras\u0131nda da &#8220;\u0130nternet se\u00e7enekleri&#8221; k\u0131sm\u0131na t\u0131klay\u0131n.<\/li>\r\n<li>&#8220;Gizlilik&#8221; sekmesine dokunun veya t\u0131klay\u0131n, ard\u0131ndan t\u00fcm tan\u0131mlama bilgilerini engellemek i\u00e7in ayarlar\u0131n alt\u0131nda bulunan kayd\u0131r\u0131c\u0131y\u0131 yukar\u0131ya hareket ettirin ve &#8220;Tamam&#8221; d\u00fc\u011fmesine t\u0131klay\u0131n.<\/li>\r\n<\/ol>\r\n<ul>\r\n<li><strong>Microsoft Edge<\/strong><\/li>\r\n<\/ul>\r\n<ol>\r\n<li>&#8220;Microsoft Edge&#8221; taray\u0131c\u0131n\u0131z\u0131n sa\u011f \u00fcst k\u00f6\u015fesinden \u00fc\u00e7 nokta i\u015fareti olan b\u00f6l\u00fcme t\u0131klay\u0131n ve &#8220;Ayarlar&#8221; b\u00f6l\u00fcm\u00fcne gelin.<\/li>\r\n<li>Kar\u015f\u0131n\u0131za gelen yeni pencerede &#8220;Temizlenecek \u00d6\u011feleri Se\u00e7&#8221; dedikten sonra, kar\u015f\u0131n\u0131za gelen pencereden temizlemek istedi\u011finiz \u00e7erezleri se\u00e7in.<\/li>\r\n<li>Burada bir\u00e7ok b\u00f6l\u00fcm bulunmaktad\u0131r. \u0130stedi\u011finiz \u00e7erezleri se\u00e7erek temizleme i\u015flemine ba\u015flayabilirsiniz.<\/li>\r\n<\/ol>\r\n<ul>\r\n<li><strong>Google Chrome<\/strong><\/li>\r\n<\/ul>\r\n<ol>\r\n<li>Bilgisayar\u0131n\u0131zda\u00a0<a href=\"https:\/\/www.google.com\/intl\/tr_tr\/chrome\/\">Google Chrome<\/a>&#8216;u a\u00e7\u0131n.<\/li>\r\n<li>Sa\u011f \u00fcstte &#8220;Di\u011fer Ayarlar&#8221; k\u0131sm\u0131nat\u0131klay\u0131n.<\/li>\r\n<li>Altta bulunan &#8220;Geli\u015fmi\u015f&#8221; k\u0131sm\u0131na t\u0131klay\u0131n.<\/li>\r\n<li>&#8220;Gizlilik ve G\u00fcvenlik&#8221; k\u0131sm\u0131n\u0131n alt\u0131nda olan &#8220;\u0130\u00e7erik Ayarlar\u0131&#8221; k\u0131sm\u0131na t\u0131klay\u0131n.<\/li>\r\n<li>Sonras\u0131nda &#8220;\u00c7erezler&#8221; se\u00e7ene\u011fine t\u0131klay\u0131n.<\/li>\r\n<li>&#8220;T\u00fcm \u00e7erezler ve Site Verileri&#8221; k\u0131sm\u0131n\u0131n alt\u0131nda giri\u015f yapm\u0131\u015f oldu\u011funuz web sitesinin ad\u0131n\u0131 aray\u0131n.<\/li>\r\n<li>Sitenin sa\u011f\u0131ndaki &#8220;Kald\u0131r&#8221; simgesini t\u0131klay\u0131n.<\/li>\r\n<\/ol>\r\n<ul>\r\n<li><strong>Mozilla Firefox<\/strong><\/li>\r\n<\/ul>\r\n<ol>\r\n<li>&#8220;Firefox&#8221; taray\u0131c\u0131n\u0131zdan &#8220;Men\u00fc&#8221; d\u00fc\u011fmesine t\u0131klay\u0131n ve &#8220;Se\u00e7enekler&#8221; k\u0131sm\u0131na gelin.<\/li>\r\n<li>&#8220;Gizlilik ve G\u00fcvenlik&#8221; panelini se\u00e7in ve &#8220;Ge\u00e7mi\u015f&#8221; b\u00f6l\u00fcm\u00fcne gidin.<\/li>\r\n<li>Firefox ayar\u0131n\u0131, &#8220;ge\u00e7mi\u015f i\u00e7in \u00f6zel ayarlar\u0131 kullans\u0131n&#8221; olarak de\u011fi\u015ftirin.<\/li>\r\n<li>&#8220;\u00c7erezleri G\u00f6ster&#8221; d\u00fc\u011fmesine t\u0131klay\u0131n. \u00c7erezler penceresi g\u00f6r\u00fcnecektir.<\/li>\r\n<li>Arama alan\u0131na, \u00e7erezlerini silmek istedi\u011finiz sitenin ad\u0131n\u0131 yaz\u0131n. Araman\u0131zla web sitesiyle e\u015fle\u015fen \u00e7erezler g\u00f6r\u00fcnt\u00fclenecektir.<\/li>\r\n<li>Silmek istedi\u011finiz \u00e7erez(ler)i se\u00e7ip &#8220;Se\u00e7ilenleri Sil&#8221; d\u00fc\u011fmesine t\u0131klay\u0131n.<\/li>\r\n<li>&#8220;Kapat&#8221; d\u00fc\u011fmesine t\u0131klayarak \u00e7erezler penceresini kapat\u0131n. Sonra da &#8220;about:preferences&#8221; sayfas\u0131n\u0131 kapat\u0131n.<\/li>\r\n<\/ol>\r\n<ul>\r\n<li><strong>Safari<\/strong><\/li>\r\n<\/ul>\r\n<ol>\r\n<li>&#8220;Safari&#8221; taray\u0131c\u0131s\u0131na girin ve &#8220;Tercihler&#8221; k\u0131sm\u0131na gelin.<\/li>\r\n<li>&#8220;Gizlilik&#8221; \u00f6\u011fesini t\u0131klay\u0131n.<\/li>\r\n<li>&#8220;Web Sitesi Verilerini&#8221; t\u0131klay\u0131n.<\/li>\r\n<li>Bir veya daha fazla web sitesi se\u00e7in ve sonra &#8220;Sil veya T\u00fcm\u00fcn\u00fc Sil&#8221; se\u00e7ene\u011fine t\u0131klay\u0131n.<\/li>\r\n<\/ol>\r\n<p>\u00a0 Bunlara ek olarak, websitemiz a\u015fa\u011f\u0131daki \u00e7erezleri kullanmaktad\u0131r; \u00a0<\/p>\r\n<table>\r\n<tbody>\r\n<tr>\r\n<td><strong>COOK\u0130E<\/strong><\/td>\r\n<td><strong>DESCR\u0130PT\u0130ON<\/strong><\/td>\r\n<\/tr>\r\n<tr>\r\n<td>Analitik \u00c7erez Yasal Bilgisi<\/td>\r\n<td>Bu \u00e7erez, GDPR \u00c7erez \u0130zni eklentisi taraf\u0131ndan ayarlan\u0131r. \u00c7erez, \u201cAnalytics\u201d kategorisindeki \u00e7erezler i\u00e7in kullan\u0131c\u0131 onay\u0131n\u0131 saklamak i\u00e7in kullan\u0131l\u0131r.<\/td>\r\n<\/tr>\r\n<tr>\r\n<td>Di\u011fer \u00c7erez Yasal Bilgisi<\/td>\r\n<td>Bu \u00e7erez, GDPR \u00c7erez \u0130zni eklentisi taraf\u0131ndan ayarlan\u0131r. \u00c7erez, \u201cDi\u011fer\u201d kategorisindeki \u00e7erezler i\u00e7in kullan\u0131c\u0131 onay\u0131n\u0131 saklamak i\u00e7in kullan\u0131l\u0131r.<\/td>\r\n<\/tr>\r\n<tr>\r\n<td>Gerekli \u00c7erez Yasal Bilgisi<\/td>\r\n<td>Bu \u00e7erez, GDPR \u00c7erez \u0130zni eklentisi taraf\u0131ndan ayarlan\u0131r. \u00c7erezler, \u201cGerekli\u201d kategorisindeki \u00e7erezler i\u00e7in kullan\u0131c\u0131 onay\u0131n\u0131 saklamak i\u00e7in kullan\u0131l\u0131r.<\/td>\r\n<\/tr>\r\n<tr>\r\n<td>G\u00f6r\u00fcnt\u00fclenen \u00c7erez Politikas\u0131<\/td>\r\n<td>\u00c7erez Politikas\u0131, GDPR \u00c7erez \u0130zni eklentisi taraf\u0131ndan ayarlan\u0131r ve kullan\u0131c\u0131n\u0131n \u00e7erez kullan\u0131m\u0131na izin verip vermedi\u011fini saklamak i\u00e7in kullan\u0131l\u0131r. Herhangi bir ki\u015fisel veri saklamaz.<\/td>\r\n<\/tr>\r\n<tr>\r\n<td>\u0130\u015flevsel \u00c7erez Yasal Bilgisi<\/td>\r\n<td>Tan\u0131mlama bilgisi, \u201c\u0130\u015flevsel\u201d kategorisindeki tan\u0131mlama bilgileri i\u00e7in kullan\u0131c\u0131 onay\u0131n\u0131 kaydetmek i\u00e7in GDPR tan\u0131mlama bilgisi onay\u0131 taraf\u0131ndan ayarlan\u0131r.<\/td>\r\n<\/tr>\r\n<tr>\r\n<td>Performans \u00c7erez Yasal Bilgisi<\/td>\r\n<td>Bu \u00e7erez, GDPR \u00c7erez \u0130zni eklentisi taraf\u0131ndan ayarlan\u0131r. \u00c7erez, \u201cPerformans\u201d kategorisindeki \u00e7erezler i\u00e7in kullan\u0131c\u0131 onay\u0131n\u0131 saklamak i\u00e7in kullan\u0131l\u0131r.<\/td>\r\n<\/tr>\r\n<\/tbody>\r\n<\/table>\r\n<p>\u00a0 \u00c7erez politikam\u0131z ile ilgili t\u00fcm soru ve g\u00f6r\u00fc\u015flerinizi bize iletmek i\u00e7in bizimle <a href=\"https:\/\/toyzzle.com.tr\/iletisim\/\">ileti\u015fime <\/a>ge\u00e7ebilirsiniz. \u00a0 \u00a0 [\/vc_column_text][\/vc_column][\/vc_row]<\/p><\/div>","protected":false},"excerpt":{"rendered":"<p>[vc_row css=&#8221;.vc_custom_1550212476104{margin-bottom: 0px !important;padding-top: 80px !important;padding-bottom: 80px !important;}&#8221;][vc_column][vc_column_text] TOYZLER \u00c7EREZ POLITiKASI VE \u00c7EREZLERE DAiR AYDINLATMA METNi \u00a0 Toyzler, bilgilerinize ve internet deneyiminize de\u011fer verir. Bu konuda t\u00fcm ilgili i\u015flemler veri koruma mevzuat\u0131na uygun d\u00fczenlenmi\u015ftir. Bu metindeki amac\u0131m\u0131z, sizi bilgilendirmek ve iste\u011finiz do\u011frultusunda \u00e7erez ayarlar\u0131n\u0131z\u0131 de\u011fi\u015ftirmeniz i\u00e7in size yard\u0131mc\u0131 olmakt\u0131r. \u00a0 G\u00fcn\u00fcm\u00fczde web sitelerinin neredeyse hepsi&#8230;<a class=\"r_more_blog\" href=\"https:\/\/toyzler.com\/tr\/cerez-politikasi\/#more-33100\"> continue reading<\/a><\/p>\n","protected":false},"author":1,"featured_media":0,"parent":0,"menu_order":0,"comment_status":"closed","ping_status":"closed","template":"","meta":{"footnotes":""},"class_list":["post-33100","page","type-page","status-publish","hentry"],"_links":{"self":[{"href":"https:\/\/toyzler.com\/tr\/wp-json\/wp\/v2\/pages\/33100","targetHints":{"allow":["GET"]}}],"collection":[{"href":"https:\/\/toyzler.com\/tr\/wp-json\/wp\/v2\/pages"}],"about":[{"href":"https:\/\/toyzler.com\/tr\/wp-json\/wp\/v2\/types\/page"}],"author":[{"embeddable":true,"href":"https:\/\/toyzler.com\/tr\/wp-json\/wp\/v2\/users\/1"}],"replies":[{"embeddable":true,"href":"https:\/\/toyzler.com\/tr\/wp-json\/wp\/v2\/comments?post=33100"}],"version-history":[{"count":0,"href":"https:\/\/toyzler.com\/tr\/wp-json\/wp\/v2\/pages\/33100\/revisions"}],"wp:attachment":[{"href":"https:\/\/toyzler.com\/tr\/wp-json\/wp\/v2\/media?parent=33100"}],"curies":[{"name":"wp","href":"https:\/\/api.w.org\/{rel}","templated":true}]}}