{"id":33097,"date":"2024-05-20T06:01:37","date_gmt":"2024-05-20T06:01:37","guid":{"rendered":"https:\/\/toyzler.com.tr\/?page_id=33097"},"modified":"2024-05-20T08:12:18","modified_gmt":"2024-05-20T08:12:18","slug":"cayma-talebi","status":"publish","type":"page","link":"https:\/\/toyzler.com\/tr\/cayma-talebi\/","title":{"rendered":"Cayma Talebi"},"content":{"rendered":"<div class=\"wpb-content-wrapper\"><p>[vc_row css=&#8221;.vc_custom_1550212476104{margin-bottom: 0px !important;padding-top: 80px !important;padding-bottom: 80px !important;}&#8221;][vc_column][vc_column_text]<\/p>\n<p><strong>Toyzler Cayma Talebi<\/strong><\/p>\n<p><strong>Cayma Hakk\u0131<\/strong><\/p>\n<p>S\u00f6zle\u015fmeden herhangi bir sebep g\u00f6sterme zorunlulu\u011funuz olmaks\u0131z\u0131n <u>14 i\u00e7inde<\/u> cayma hakk\u0131n\u0131z bulunmaktad\u0131r.<\/p>\n<p>Cayma hakk\u0131n\u0131z\u0131 kullanmak i\u00e7in <a href=\"mailto:support@toyzler.com.tr\">support@toyzler.com.tr<\/a> adresine a\u015fa\u011f\u0131daki bilgileri i\u00e7eren bir mail g\u00f6ndererek talebinizi iletebilir ya da a\u015fa\u011f\u0131daki formu doldurup mail ekine ekleyerek bize g\u00f6nderebilirsiniz. Formu doldurmaks\u0131z\u0131n e-posta g\u00f6ndermeyi tercih ederseniz, l\u00fctfen mailinizin a\u015fa\u011f\u0131daki bilgileri i\u00e7erdi\u011finden emin olun:<\/p>\n<p>&#8211; Ki\u015fisel bilgiler (isim, soyisim, adres, telefon numaras\u0131)<\/p>\n<p>&#8211; Sipari\u015f numaras\u0131 ve tarihi<\/p>\n<p>&#8211; Cayma nedeni <em>&#8211; e\u011fer varsa<\/em><\/p>\n<p>Cayma talebinizi taraf\u0131m\u0131za ilettikten sonra, talebinizin kabul edildi\u011fini <u>onaylayaca\u011f\u0131z<\/u> ve taraf\u0131n\u0131za ula\u015faca\u011f\u0131z. L\u00fctfen kabul onay\u0131n\u0131 almadan \u00f6nce \u00fcr\u00fcn\u00fc taraf\u0131m\u0131za g\u00f6ndermeyiniz. Bilgimiz ve onay\u0131m\u0131z d\u0131\u015f\u0131nda taraf\u0131m\u0131za g\u00f6nderilen \u00fcr\u00fcnler teslim al\u0131nmayacakt\u0131r.<\/p>\n<p>Cayma hakk\u0131n\u0131z\u0131 yaln\u0131zca <u>do\u011frudan <strong>Toyzler.com.tr<\/strong> \u00fczerinden sat\u0131n ald\u0131\u011f\u0131n\u0131z \u00fcr\u00fcnler<\/u> i\u00e7in kullanabilirsiniz. Di\u011fer i\u015fletmeler veya perakendeciler arac\u0131l\u0131\u011f\u0131yla sat\u0131n al\u0131nan <strong>Toyzler<\/strong> \u00fcr\u00fcnleri i\u00e7in cayma hakk\u0131 ilgili i\u015fletmenin iade ve geri \u00f6deme politikalar\u0131na uygun olarak ger\u00e7ekle\u015ftirilmelidir. <strong>Toyzler<\/strong>, Toyzler.com.tr adresi d\u0131\u015f\u0131ndan al\u0131nm\u0131\u015f \u00fcr\u00fcnlerin cayma hakk\u0131 talebi i\u00e7in sorumluluk kabul etmemektedir.<\/p>\n<p>Cayma hakk\u0131 talebinde bulunmadan \u00f6nce l\u00fctfen <a href=\"https:\/\/toyzler.com.tr\/iade-iptal-ve-geri-odeme-politikasi\/\">Toyzler \u0130ade, \u0130ptal ve Geri \u00d6deme Politikas\u0131<\/a>\u2019 n\u0131 okuyunuz.<\/p>\n<p>&nbsp;<\/p>\n<table>\n<tbody>\n<tr>\n<td width=\"605\">\n<p>&nbsp;<\/p>\n<p><strong>\u0130lgili Firma:<\/strong> Toyzler<\/p>\n<p><strong>Tel<\/strong>: +90 264 531 00 10 \u2013 11<\/p>\n<p><strong>Email<\/strong>: <a href=\"mailto:support@toyzler.com.tr\">support@toyzler.com.tr<\/a><\/p>\n<p><strong>Adres<\/strong>: 2.Cadde No:12, 54590 Sakarya 1. Organize Sanayi B\u00f6lgesi\/Arifiye\/Sakarya<\/p>\n<p>&nbsp;<\/p>\n<p>Bu formu taraf\u0131n\u0131za ileterek a\u015fa\u011f\u0131daki mallar\u0131n sat\u0131\u015f\u0131na ili\u015fkin s\u00f6zle\u015fmeden cayma hakk\u0131m\u0131<\/p>\n<p>kulland\u0131\u011f\u0131m\u0131 beyan ederim.<\/p>\n<p>&nbsp;<\/p>\n<p><strong>-T\u00fcketicinin Ad\u0131 Soyad\u0131:<\/strong><\/p>\n<p><strong>\u00a0<\/strong><\/p>\n<p><strong>-T\u00fcketicinin E-posta Adresi:<\/strong><\/p>\n<p><strong>\u00a0<\/strong><\/p>\n<p><strong>-T\u00fcketicinin Telefon Numaras\u0131:<\/strong><\/p>\n<p><strong>\u00a0<\/strong><\/p>\n<p><strong>-T\u00fcketicinin Adresi:<\/strong><\/p>\n<p><strong>\u00a0<\/strong><\/p>\n<p><strong>-Cayma Hakk\u0131na Konu Olan Mal\u0131n Sipari\u015f Numaras\u0131:<\/strong><\/p>\n<p><strong>\u00a0<\/strong><\/p>\n<p><strong>-S\u00f6zle\u015fmenizin Tarihi: <\/strong><\/p>\n<p><strong>\u00a0<\/strong><\/p>\n<p><strong>-Cayma Nedeni (iste\u011fe ba\u011fl\u0131): <\/strong><\/p>\n<\/td>\n<\/tr>\n<\/tbody>\n<\/table>\n<p>[\/vc_column_text][\/vc_column][\/vc_row]<\/p>\n<\/div>","protected":false},"excerpt":{"rendered":"<p>[vc_row css=&#8221;.vc_custom_1550212476104{margin-bottom: 0px !important;padding-top: 80px !important;padding-bottom: 80px !important;}&#8221;][vc_column][vc_column_text] Toyzler Cayma Talebi Cayma Hakk\u0131 S\u00f6zle\u015fmeden herhangi bir sebep g\u00f6sterme zorunlulu\u011funuz olmaks\u0131z\u0131n 14 i\u00e7inde cayma hakk\u0131n\u0131z bulunmaktad\u0131r. Cayma hakk\u0131n\u0131z\u0131 kullanmak i\u00e7in support@toyzler.com.tr adresine a\u015fa\u011f\u0131daki bilgileri i\u00e7eren bir mail g\u00f6ndererek talebinizi iletebilir ya da a\u015fa\u011f\u0131daki formu doldurup mail ekine ekleyerek bize g\u00f6nderebilirsiniz. Formu doldurmaks\u0131z\u0131n e-posta g\u00f6ndermeyi tercih ederseniz,&#8230;<a class=\"r_more_blog\" href=\"https:\/\/toyzler.com\/tr\/cayma-talebi\/#more-33097\"> continue reading<\/a><\/p>\n","protected":false},"author":1,"featured_media":0,"parent":0,"menu_order":0,"comment_status":"closed","ping_status":"closed","template":"","meta":{"footnotes":""},"class_list":["post-33097","page","type-page","status-publish","hentry"],"_links":{"self":[{"href":"https:\/\/toyzler.com\/tr\/wp-json\/wp\/v2\/pages\/33097","targetHints":{"allow":["GET"]}}],"collection":[{"href":"https:\/\/toyzler.com\/tr\/wp-json\/wp\/v2\/pages"}],"about":[{"href":"https:\/\/toyzler.com\/tr\/wp-json\/wp\/v2\/types\/page"}],"author":[{"embeddable":true,"href":"https:\/\/toyzler.com\/tr\/wp-json\/wp\/v2\/users\/1"}],"replies":[{"embeddable":true,"href":"https:\/\/toyzler.com\/tr\/wp-json\/wp\/v2\/comments?post=33097"}],"version-history":[{"count":0,"href":"https:\/\/toyzler.com\/tr\/wp-json\/wp\/v2\/pages\/33097\/revisions"}],"wp:attachment":[{"href":"https:\/\/toyzler.com\/tr\/wp-json\/wp\/v2\/media?parent=33097"}],"curies":[{"name":"wp","href":"https:\/\/api.w.org\/{rel}","templated":true}]}}