{"id":2185,"date":"2019-02-07T07:59:53","date_gmt":"2019-02-07T07:59:53","guid":{"rendered":"http:\/\/babystreet.althemist.com\/?page_id=2185"},"modified":"2024-05-20T07:14:06","modified_gmt":"2024-05-20T07:14:06","slug":"sss","status":"publish","type":"page","link":"https:\/\/toyzler.com\/tr\/sss\/","title":{"rendered":"S\u0131k Sorulan Sorular"},"content":{"rendered":"<div class=\"wpb-content-wrapper\"><p>[vc_row][vc_column][vc_column_text]<span style=\"vertical-align: inherit;\">[\/vc_column_text][\/vc_column][\/vc_row][vc_row css=&#8221;.vc_custom_1503251459286{margin-bottom: 0px !important;padding-top: 80px !important;padding-bottom: 80px !important;}&#8221;][vc_column][vc_custom_heading text=&#8221;S\u0131k Sorulan Sorular&#8221; font_container=&#8221;tag:h3|text_align:left&#8221; use_theme_fonts=&#8221;yes&#8221; css=&#8221;.vc_custom_1650886470485{margin-bottom: 60px !important;}&#8221;][vc_row_inner][vc_column_inner width=&#8221;1\/2&#8243;][vc_toggle title=&#8221;Nas\u0131l \u00dcye olurum?&#8221; style=&#8221;simple&#8221; open=&#8221;true&#8221;]Sayfan\u0131n sa\u011f \u00fcst\u00fcnden yer alan Giri\u015f Yap &gt; \u00dcye Ol alan\u0131ndan kulland\u0131\u011f\u0131n\u0131z aktif bir e-posta adresi girerek olu\u015fturaca\u011f\u0131n\u0131z \u015fifre ile \u00fcyeli\u011finizi tamamlayabilirsiniz.[\/vc_toggle][vc_toggle title=&#8221;\u015eifremi unuttum, nas\u0131l giri\u015f yapabilirim?&#8221; style=&#8221;simple&#8221;]\u015eifrenizi unuttuysan\u0131z e\u011fer, \u015fifre s\u0131f\u0131rlama i\u015flemi yaparak hesab\u0131n\u0131za giri\u015f yapabilirsiniz.<\/span><\/p>\n<p>Bunun i\u00e7in takip edece\u011finiz ad\u0131mlar;<\/p>\n<p>\u2018\u00dcye Giri\u015fi\u2019 sayfas\u0131ndan \u2018\u015eifremi unuttum\u2019 yaz\u0131s\u0131na t\u0131klay\u0131n. \u00dcyeli\u011finize ait e-posta adresinizi girerek \u2018G\u00f6nder\u2019 dedi\u011finizde ilgili e-posta adresinize bir link gelecek.<\/p>\n<p>Gelen linke t\u0131klayarak yeni \u015fifre olu\u015fturma i\u015fleminizi yapabilirsiniz.<\/p>\n<p>E\u011fer link size ula\u015fmad\u0131 ise spam klas\u00f6r\u00fcn\u00fcz\u00fc kontrol edin.<\/p>\n<p>Ayr\u0131ca diledi\u011finiz zaman \u2018Hesab\u0131m&gt;Kullan\u0131c\u0131 Bilgilerim&gt;\u015eifre G\u00fcncelleme\u2019 k\u0131sm\u0131ndan \u015fifre de\u011fi\u015fiklik i\u015fleminizi yapabilirsiniz.[\/vc_toggle][vc_toggle title=&#8221;Teslimat adresimi nas\u0131l kay\u0131t ederim?&#8221; style=&#8221;simple&#8221;]Hesab\u0131m &gt; Hesap ayarlar\u0131m &gt; Adres bilgilerim sayfas\u0131nda yer alan \u2018Adres Ekle\u2019 butona t\u0131klayararak teslimat adresi tan\u0131mlayabilirsiniz.[\/vc_toggle][vc_toggle title=&#8221;Nas\u0131l sipari\u015f verebilirim?&#8221; style=&#8221;simple&#8221;]Sipari\u015f verebilmek i\u00e7in \u015fu ad\u0131mlar\u0131 izlemeniz yeterli:<\/p>\n<p>\u00dcr\u00fcn sayfalar\u0131ndan sat\u0131n almak istedi\u011finiz \u00fcr\u00fcnleri \u2018Sepete Ekle\u2019 butonuna t\u0131klayarak sepetinize ekleyebilirsiniz.<\/p>\n<p>\u00d6deme ekran\u0131ndan kay\u0131tl\u0131 adreslerinizden birini se\u00e7ebilir, veya yeni bir adres bilgisi ekleyebilirsiniz.<\/p>\n<p>Ayn\u0131 ekranra kart bilgilerinizi girip, taksit yapmak isterseniz taksit se\u00e7eneklerinden birini se\u00e7erek \u00f6deme i\u015fleminizi tamamlayabilirsiniz.[\/vc_toggle][\/vc_column_inner][vc_column_inner width=&#8221;1\/2&#8243;][vc_toggle title=&#8221;\u00dcye olmadan sipari\u015f verebilir miyim?&#8221; style=&#8221;simple&#8221; open=&#8221;true&#8221;]\u00dcye olmadan sipari\u015f verebilirsiniz. Bunun i\u00e7in \u00fcr\u00fcn sayfalar\u0131ndan sat\u0131n almak istedi\u011finiz \u00fcr\u00fcnleri sepete ekleyerek, \u2018Sepeti onayla\u2019 ad\u0131m\u0131nda kar\u015f\u0131n\u0131za \u00e7\u0131kan ekrandan \u2018\u00dcye Olmadan Devam Et\u2019 demeniz yeterli. \u00dcye olmadan verdi\u011finiz sipari\u015fe ait bilgilendirmeleri, sipari\u015f esnas\u0131nda payla\u015ft\u0131\u011f\u0131n\u0131z e-posta adresinden takip edebilirsiniz. Sipari\u015flerinize ait bilgilere eri\u015febilmek i\u00e7in \u00fcye olarak sipari\u015f vermenizi tavsiye ederiz.[\/vc_toggle][vc_toggle title=&#8221;Sipari\u015flerden teslimat bedeli al\u0131nmakta m\u0131d\u0131r?&#8221; style=&#8221;simple&#8221;]Teslimat \u00fccretlerini, sepetim sayfas\u0131nda kargo \u00fccreti hesaplama b\u00f6l\u00fcm\u00fcnden yapabilirsiniz.[\/vc_toggle][vc_toggle title=&#8221;Nas\u0131l \u00f6deme yapabilirim?&#8221; style=&#8221;simple&#8221;]\u00d6demeyi kredi\/banka kart\u0131 veya havale\/EFT ile ger\u00e7ekle\u015ftirebilirsiniz. Kart bilgilerinizi girdikten sonra e\u011fer taksit yap\u0131labilen \u00fcr\u00fcnlerse taksit se\u00e7eneklerinden birini se\u00e7ip al\u0131\u015fveri\u015finizi tamamlayabilirsiniz.<\/p>\n<p>Kap\u0131da \u00f6deme se\u00e7ene\u011fi bulunmamaktad\u0131r.[\/vc_toggle][vc_toggle title=&#8221;Sipari\u015fim ne zaman gelir?&#8221; style=&#8221;simple&#8221;]Sat\u0131n ald\u0131\u011f\u0131n\u0131z \u00fcr\u00fcnler \u00fcr\u00fcn detay sayfas\u0131nda belirtilen teslimat tarih aral\u0131\u011f\u0131nda teslim edilir. Sat\u0131n ald\u0131\u011f\u0131n\u0131z \u00fcr\u00fcnlerin teslimat tarihine \u201cHesab\u0131m\u201d b\u00f6l\u00fcm\u00fcnde \u201cSipari\u015flerim\u201c sayfas\u0131ndan da ula\u015fabilirsiniz.[\/vc_toggle][\/vc_column_inner][\/vc_row_inner][\/vc_column][\/vc_row][vc_row][vc_column][vc_column_text][\/vc_column_text][\/vc_column][\/vc_row]<\/p>\n<\/div>","protected":false},"excerpt":{"rendered":"<p>[vc_row][vc_column][vc_column_text][\/vc_column_text][\/vc_column][\/vc_row][vc_row css=&#8221;.vc_custom_1503251459286{margin-bottom: 0px !important;padding-top: 80px !important;padding-bottom: 80px !important;}&#8221;][vc_column][vc_custom_heading text=&#8221;S\u0131k Sorulan Sorular&#8221; font_container=&#8221;tag:h3|text_align:left&#8221; use_theme_fonts=&#8221;yes&#8221; css=&#8221;.vc_custom_1650886470485{margin-bottom: 60px !important;}&#8221;][vc_row_inner][vc_column_inner width=&#8221;1\/2&#8243;][vc_toggle title=&#8221;Nas\u0131l \u00dcye olurum?&#8221; style=&#8221;simple&#8221; open=&#8221;true&#8221;]Sayfan\u0131n sa\u011f \u00fcst\u00fcnden yer alan Giri\u015f Yap &gt; \u00dcye Ol alan\u0131ndan kulland\u0131\u011f\u0131n\u0131z aktif bir e-posta adresi girerek olu\u015fturaca\u011f\u0131n\u0131z \u015fifre ile \u00fcyeli\u011finizi tamamlayabilirsiniz.[\/vc_toggle][vc_toggle title=&#8221;\u015eifremi unuttum, nas\u0131l giri\u015f yapabilirim?&#8221; style=&#8221;simple&#8221;]\u015eifrenizi unuttuysan\u0131z e\u011fer, \u015fifre s\u0131f\u0131rlama i\u015flemi yaparak&#8230;<a class=\"r_more_blog\" href=\"https:\/\/toyzler.com\/tr\/sss\/#more-2185\"> continue reading<\/a><\/p>\n","protected":false},"author":1,"featured_media":0,"parent":0,"menu_order":0,"comment_status":"closed","ping_status":"closed","template":"","meta":{"footnotes":""},"class_list":["post-2185","page","type-page","status-publish","hentry"],"_links":{"self":[{"href":"https:\/\/toyzler.com\/tr\/wp-json\/wp\/v2\/pages\/2185","targetHints":{"allow":["GET"]}}],"collection":[{"href":"https:\/\/toyzler.com\/tr\/wp-json\/wp\/v2\/pages"}],"about":[{"href":"https:\/\/toyzler.com\/tr\/wp-json\/wp\/v2\/types\/page"}],"author":[{"embeddable":true,"href":"https:\/\/toyzler.com\/tr\/wp-json\/wp\/v2\/users\/1"}],"replies":[{"embeddable":true,"href":"https:\/\/toyzler.com\/tr\/wp-json\/wp\/v2\/comments?post=2185"}],"version-history":[{"count":0,"href":"https:\/\/toyzler.com\/tr\/wp-json\/wp\/v2\/pages\/2185\/revisions"}],"wp:attachment":[{"href":"https:\/\/toyzler.com\/tr\/wp-json\/wp\/v2\/media?parent=2185"}],"curies":[{"name":"wp","href":"https:\/\/api.w.org\/{rel}","templated":true}]}}