{"id":2183,"date":"2019-02-07T07:59:35","date_gmt":"2019-02-07T07:59:35","guid":{"rendered":"http:\/\/babystreet.althemist.com\/?page_id=2183"},"modified":"2024-05-20T07:17:46","modified_gmt":"2024-05-20T07:17:46","slug":"iletisim","status":"publish","type":"page","link":"https:\/\/toyzler.com\/tr\/iletisim\/","title":{"rendered":"\u0130leti\u015fim"},"content":{"rendered":"<div class=\"wpb-content-wrapper\"><p>[vc_row css=&#8221;.vc_custom_1549635049059{margin-bottom: 0px !important;padding-top: 80px !important;padding-bottom: 80px !important;}&#8221;][vc_column width=&#8221;1\/6&#8243;][\/vc_column][vc_column width=&#8221;2\/3&#8243;][vc_column_text]<\/p>\n<h2 style=\"text-align: center;\">Bir sorunuz mu var?<\/h2>\n<p>[\/vc_column_text][vc_column_text]<\/p>\n<h6 style=\"text-align: center;\"><span style=\"color: #999999;\">Bize kendinden ve nas\u0131l yard\u0131m edebilece\u011fimizden biraz bahset. Pazartesiden cumaya 8: 00-18:00 saatleri aras\u0131nda \u00e7evrimi\u00e7i hizmetimizle ilgili t\u00fcm sorular\u0131n\u0131z\u0131n yan\u0131tlar\u0131n\u0131 buradan alabilirsiniz.<\/span><\/h6>\n<p>[\/vc_column_text][\/vc_column][vc_column width=&#8221;1\/6&#8243;][\/vc_column][\/vc_row][vc_row gap=&#8221;35&#8243; css=&#8221;.vc_custom_1549635293233{padding-bottom: 80px !important;}&#8221;][vc_column width=&#8221;1\/2&#8243;][vc_column_text css=&#8221;.vc_custom_1650885809916{margin-bottom: 10px !important;}&#8221;]<\/p>\n<h6>Bize Bir Mesaj G\u00f6nder<\/h6>\n<p>[\/vc_column_text][vc_separator style=&#8221;dashed&#8221; border_width=&#8221;2&#8243;][vc_row_inner css=&#8221;.vc_custom_1552041527835{margin-right: 0px !important;margin-bottom: 38px !important;margin-left: 0px !important;border-top-width: 2px !important;border-right-width: 2px !important;border-bottom-width: 2px !important;border-left-width: 2px !important;padding-top: 38px !important;padding-right: 20px !important;padding-bottom: 38px !important;padding-left: 20px !important;border-left-color: #f1f1f1 !important;border-left-style: dashed !important;border-right-color: #f1f1f1 !important;border-right-style: dashed !important;border-top-color: #f1f1f1 !important;border-top-style: dashed !important;border-bottom-color: #f1f1f1 !important;border-bottom-style: dashed !important;}&#8221;][vc_column_inner css=&#8221;.vc_custom_1549635609989{padding-top: 0px !important;}&#8221;][vc_column_text css=&#8221;.vc_custom_1696248909948{margin-bottom: 10px !important;}&#8221;]<\/p>\n<h6><span style=\"color: #333333;\">Toyzler &#8211; E\u011fitici ve G\u00fcvenli Oyuncaklar<\/span><\/h6>\n<p>[\/vc_column_text][vc_column_text css=&#8221;.vc_custom_1716189579351{margin-bottom: 0px !important;}&#8221;]Seyrantepe Mh. G\u00fclizar Sk. No:16\/A Ka\u011f\u0131thane \u2013 \u0130stanbul[\/vc_column_text][\/vc_column_inner][\/vc_row_inner]\n<div class=\"wpcf7 no-js\" id=\"wpcf7-f16-o1\" lang=\"tr-TR\" dir=\"ltr\" data-wpcf7-id=\"16\">\n<div class=\"screen-reader-response\"><p role=\"status\" aria-live=\"polite\" aria-atomic=\"true\"><\/p> <ul><\/ul><\/div>\n<form action=\"\/tr\/wp-json\/wp\/v2\/pages\/2183#wpcf7-f16-o1\" method=\"post\" class=\"wpcf7-form init\" aria-label=\"\u0130leti\u015fim Formu\" novalidate=\"novalidate\" data-status=\"init\">\n<fieldset class=\"hidden-fields-container\"><input type=\"hidden\" name=\"_wpcf7\" value=\"16\" \/><input type=\"hidden\" name=\"_wpcf7_version\" value=\"6.1.4\" \/><input type=\"hidden\" name=\"_wpcf7_locale\" value=\"tr_TR\" \/><input type=\"hidden\" name=\"_wpcf7_unit_tag\" value=\"wpcf7-f16-o1\" \/><input type=\"hidden\" name=\"_wpcf7_container_post\" value=\"0\" \/><input type=\"hidden\" name=\"_wpcf7_posted_data_hash\" value=\"\" \/>\n<\/fieldset>\n<p><span class=\"wpcf7-form-control-wrap\" data-name=\"your-name\"><input size=\"40\" maxlength=\"400\" class=\"wpcf7-form-control wpcf7-text wpcf7-validates-as-required form-control\" aria-required=\"true\" aria-invalid=\"false\" placeholder=\"Ad Soyad*\" value=\"\" type=\"text\" name=\"your-name\" \/><\/span><br \/>\n<span class=\"wpcf7-form-control-wrap\" data-name=\"your-email\"><input size=\"40\" maxlength=\"400\" class=\"wpcf7-form-control wpcf7-email wpcf7-validates-as-required wpcf7-text wpcf7-validates-as-email form-control\" aria-required=\"true\" aria-invalid=\"false\" placeholder=\"E-Posta *\" value=\"\" type=\"email\" name=\"your-email\" \/><\/span><br \/>\n<span class=\"wpcf7-form-control-wrap\" data-name=\"tel-302\"><input size=\"40\" maxlength=\"400\" class=\"wpcf7-form-control wpcf7-tel wpcf7-validates-as-required wpcf7-text wpcf7-validates-as-tel form-control\" aria-required=\"true\" aria-invalid=\"false\" placeholder=\"Telefon *\" value=\"\" type=\"tel\" name=\"tel-302\" \/><\/span><br \/>\n<span class=\"wpcf7-form-control-wrap\" data-name=\"your-subject\"><input size=\"40\" maxlength=\"400\" class=\"wpcf7-form-control wpcf7-text wpcf7-validates-as-required form-control\" aria-required=\"true\" aria-invalid=\"false\" placeholder=\"Konu*\" value=\"\" type=\"text\" name=\"your-subject\" \/><\/span><br \/>\n<span class=\"wpcf7-form-control-wrap\" data-name=\"your-message\"><textarea cols=\"40\" rows=\"10\" maxlength=\"2000\" class=\"wpcf7-form-control wpcf7-textarea wpcf7-validates-as-required form-control\" aria-required=\"true\" aria-invalid=\"false\" placeholder=\"Mesaj\u0131n\u0131z\" name=\"your-message\"><\/textarea><\/span><br \/>\n<input class=\"wpcf7-form-control wpcf7-submit has-spinner btn btn-block btn-theme\" type=\"submit\" value=\"G\u00f6nder\" \/>\n<\/p><input type='hidden' class='wpcf7-pum' value='{\"closepopup\":false,\"closedelay\":0,\"openpopup\":false,\"openpopup_id\":0}' \/><div class=\"wpcf7-response-output\" aria-hidden=\"true\"><\/div>\n<\/form>\n<\/div>\n[\/vc_column][vc_column width=&#8221;1\/2&#8243;][vc_column_text css=&#8221;.vc_custom_1650886043405{margin-bottom: 10px !important;}&#8221;]<\/p>\n<h6>\u0130leti\u015fim<\/h6>\n<p>[\/vc_column_text][vc_separator style=&#8221;dashed&#8221; border_width=&#8221;2&#8243;][vc_row_inner css=&#8221;.vc_custom_1552041534381{margin-right: 0px !important;margin-bottom: 38px !important;margin-left: 0px !important;border-top-width: 2px !important;border-right-width: 2px !important;border-bottom-width: 2px !important;border-left-width: 2px !important;padding-top: 38px !important;padding-right: 20px !important;padding-bottom: 40px !important;padding-left: 20px !important;background-color: #fafafa !important;border-left-color: #f1f1f1 !important;border-left-style: dashed !important;border-right-color: #f1f1f1 !important;border-right-style: dashed !important;border-top-color: #f1f1f1 !important;border-top-style: dashed !important;border-bottom-color: #f1f1f1 !important;border-bottom-style: dashed !important;border-radius: 4px !important;}&#8221;][vc_column_inner css=&#8221;.vc_custom_1549635615912{padding-top: 0px !important;}&#8221;][vc_column_text css=&#8221;.vc_custom_1650885931272{margin-bottom: 10px !important;}&#8221;]<\/p>\n<h6>Toptan Sat\u0131c\u0131 Sorular\u0131<\/h6>\n<p>[\/vc_column_text][vc_column_text css=&#8221;.vc_custom_1650885920947{margin-bottom: 0px !important;}&#8221;]Toptan sipari\u015fler veya bayilik f\u0131rsatlar\u0131 ve teklifleri ile ilgileniyorsan\u0131z, <a href=\"https:\/\/toys1.displaydepot.de\/iletisim\/\">buradan bize ula\u015f\u0131n!<\/a>[\/vc_column_text][\/vc_column_inner][\/vc_row_inner][vc_row_inner css=&#8221;.vc_custom_1549696277905{margin-right: 0px !important;margin-bottom: 35px !important;margin-left: 0px !important;border-top-width: 2px !important;border-right-width: 2px !important;border-bottom-width: 2px !important;border-left-width: 2px !important;padding-top: 38px !important;padding-right: 20px !important;padding-bottom: 40px !important;padding-left: 20px !important;background-color: #81d1e5 !important;border-left-color: #72bdd0 !important;border-left-style: dashed !important;border-right-color: #72bdd0 !important;border-right-style: dashed !important;border-top-color: #72bdd0 !important;border-top-style: dashed !important;border-bottom-color: #72bdd0 !important;border-bottom-style: dashed !important;border-radius: 4px !important;}&#8221;][vc_column_inner css=&#8221;.vc_custom_1549635615912{padding-top: 0px !important;}&#8221;][vc_column_text css=&#8221;.vc_custom_1696591212918{margin-bottom: 10px !important;}&#8221;]<\/p>\n<h6><span style=\"color: #ffffff;\">Toyzler Marka \u0130\u015fbirli\u011fi Program\u0131<\/span><\/h6>\n<p>[\/vc_column_text][vc_column_text css=&#8221;.vc_custom_1716189553105{margin-bottom: 0px !important;}&#8221;]<span style=\"color: #ffffff;\">Ebeveyn, blog yazar\u0131 ya da sosyal fenemonler aras\u0131nda m\u0131s\u0131n\u0131z? \u00c7ocuk geli\u015fimi ya da \u00e7ocuklar i\u00e7in geli\u015ftirilen e\u011fitsel oyuncaklar hakk\u0131nda ara\u015ft\u0131rma yapmak ve yazmak, hikayeler ve g\u00f6nderiler payla\u015fmak ilginizi \u00e7ekiyor mu?<\/span><\/p>\n<p><span style=\"color: #ffffff;\">\u00dcr\u00fcnlerimizle iglili g\u00f6nderiler payla\u015fmak ve hikayelerini anlatmak isteyen blog yazarlar\u0131, fenomenler ve ebeveynler ile tan\u0131\u015fmak istiyoruz. Daha fazla bilgi i\u00e7in bizimle <a href=\"mailto:shop@toyzler.com.tr\">buradan<\/a> ileti\u015fime ge\u00e7ebilirsiniz.<\/span>[\/vc_column_text][\/vc_column_inner][\/vc_row_inner][\/vc_column][\/vc_row]<\/p>\n<\/div>","protected":false},"excerpt":{"rendered":"<p>[vc_row css=&#8221;.vc_custom_1549635049059{margin-bottom: 0px !important;padding-top: 80px !important;padding-bottom: 80px !important;}&#8221;][vc_column width=&#8221;1\/6&#8243;][\/vc_column][vc_column width=&#8221;2\/3&#8243;][vc_column_text] Bir sorunuz mu var? [\/vc_column_text][vc_column_text] Bize kendinden ve nas\u0131l yard\u0131m edebilece\u011fimizden biraz bahset. Pazartesiden cumaya 8: 00-18:00 saatleri aras\u0131nda \u00e7evrimi\u00e7i hizmetimizle ilgili t\u00fcm sorular\u0131n\u0131z\u0131n yan\u0131tlar\u0131n\u0131 buradan alabilirsiniz. [\/vc_column_text][\/vc_column][vc_column width=&#8221;1\/6&#8243;][\/vc_column][\/vc_row][vc_row gap=&#8221;35&#8243; css=&#8221;.vc_custom_1549635293233{padding-bottom: 80px !important;}&#8221;][vc_column width=&#8221;1\/2&#8243;][vc_column_text css=&#8221;.vc_custom_1650885809916{margin-bottom: 10px !important;}&#8221;] Bize Bir Mesaj G\u00f6nder [\/vc_column_text][vc_separator style=&#8221;dashed&#8221; border_width=&#8221;2&#8243;][vc_row_inner css=&#8221;.vc_custom_1552041527835{margin-right:&#8230;<a class=\"r_more_blog\" href=\"https:\/\/toyzler.com\/tr\/iletisim\/#more-2183\"> continue reading<\/a><\/p>\n","protected":false},"author":1,"featured_media":0,"parent":0,"menu_order":0,"comment_status":"closed","ping_status":"closed","template":"","meta":{"footnotes":""},"class_list":["post-2183","page","type-page","status-publish","hentry"],"_links":{"self":[{"href":"https:\/\/toyzler.com\/tr\/wp-json\/wp\/v2\/pages\/2183","targetHints":{"allow":["GET"]}}],"collection":[{"href":"https:\/\/toyzler.com\/tr\/wp-json\/wp\/v2\/pages"}],"about":[{"href":"https:\/\/toyzler.com\/tr\/wp-json\/wp\/v2\/types\/page"}],"author":[{"embeddable":true,"href":"https:\/\/toyzler.com\/tr\/wp-json\/wp\/v2\/users\/1"}],"replies":[{"embeddable":true,"href":"https:\/\/toyzler.com\/tr\/wp-json\/wp\/v2\/comments?post=2183"}],"version-history":[{"count":0,"href":"https:\/\/toyzler.com\/tr\/wp-json\/wp\/v2\/pages\/2183\/revisions"}],"wp:attachment":[{"href":"https:\/\/toyzler.com\/tr\/wp-json\/wp\/v2\/media?parent=2183"}],"curies":[{"name":"wp","href":"https:\/\/api.w.org\/{rel}","templated":true}]}}