{"id":2181,"date":"2019-02-07T07:59:13","date_gmt":"2019-02-07T07:59:13","guid":{"rendered":"http:\/\/babystreet.althemist.com\/?page_id=2181"},"modified":"2024-05-20T08:10:01","modified_gmt":"2024-05-20T08:10:01","slug":"hakkimizda","status":"publish","type":"page","link":"https:\/\/toyzler.com\/tr\/hakkimizda\/","title":{"rendered":"Hakk\u0131m\u0131zda"},"content":{"rendered":"<div class=\"wpb-content-wrapper\"><p>[vc_row gap=&#8221;35&#8243; content_placement=&#8221;middle&#8221; css=&#8221;.vc_custom_1550319091054{margin-bottom: 0px !important;padding-top: 80px !important;padding-bottom: 80px !important;}&#8221;][vc_column width=&#8221;1\/2&#8243;][vc_single_image image=&#8221;2009&#8243; img_size=&#8221;650&#215;450&#8243; style=&#8221;vc_box_rounded&#8221; css=&#8221;.vc_custom_1550330082628{margin-bottom: 0px !important;}&#8221;][\/vc_column][vc_column width=&#8221;1\/2&#8243;][vc_column_text css=&#8221;.vc_custom_1698749192902{margin-bottom: 15px !important;}&#8221;]<em>\u201cTek ba\u015f\u0131ma yapabilmem i\u00e7in bana yard\u0131m et. Ve nas\u0131l yap\u0131ld\u0131\u011f\u0131n\u0131 bana g\u00f6ster. Bunu benim i\u00e7in yapma. Kendim yapabilirim ve yapmak isterim. Bana nas\u0131l yapaca\u011f\u0131m\u0131 \u00f6\u011fretirken sabret. Bu belki uzun s\u00fcrebilir. Ve belki daha uzun zamana ihtiyac\u0131m var. Fakat bilmelisin ki birka\u00e7 deneme ile yapaca\u011f\u0131m \u015feyi ba\u015farmak isterim. Hata yapabilme ihtimalim oldu\u011funu da d\u00fc\u015f\u00fcnmelisin. Ama unutma ki ben sadece bu hatalarla ger\u00e7ek manada bir \u015feyler \u00f6\u011frenebilirim.\u201d<\/em><\/p>\n<p><b>&#8211;<\/b><strong>Maria Montessori<\/strong>[\/vc_column_text][\/vc_column][\/vc_row][vc_row full_width=&#8221;stretch_row&#8221; content_placement=&#8221;middle&#8221; css=&#8221;.vc_custom_1550327660573{margin-bottom: 0px !important;border-top-width: 1px !important;border-bottom-width: 1px !important;padding-top: 80px !important;padding-bottom: 80px !important;background-color: #ebf7fa !important;border-top-color: #ecf5f6 !important;border-top-style: solid !important;border-bottom-color: #ecf5f6 !important;border-bottom-style: solid !important;}&#8221;][vc_column width=&#8221;1\/4&#8243;]        <div class=\"wpb_content_element\">\n            <div class=\"babystreet-iconbox  babystreet-clean-icon babystreet-image-icon\">\n                <div class=\"icon_wrapper\">\n                    <span class=\"icon_inner\">\n                        \t\t\t\t\t\t\t<img loading=\"lazy\" decoding=\"async\" width=\"60\" height=\"60\" src=\"https:\/\/toyzler.com\/tr\/wp-content\/uploads\/2024\/05\/leaf-natural-icon-60x60.png\" class=\"attachment-babystreet-widgets-thumb size-babystreet-widgets-thumb\" alt=\"Do\u011fal\" srcset=\"https:\/\/toyzler.com\/tr\/wp-content\/uploads\/2024\/05\/leaf-natural-icon-60x60.png 60w, https:\/\/toyzler.com\/tr\/wp-content\/uploads\/2024\/05\/leaf-natural-icon-300x300.png 300w, https:\/\/toyzler.com\/tr\/wp-content\/uploads\/2024\/05\/leaf-natural-icon-150x150.png 150w, https:\/\/toyzler.com\/tr\/wp-content\/uploads\/2024\/05\/leaf-natural-icon-100x100.png 100w, https:\/\/toyzler.com\/tr\/wp-content\/uploads\/2024\/05\/leaf-natural-icon.png 500w\" sizes=\"auto, (max-width: 60px) 100vw, 60px\" \/>                                            <\/span>\n                <\/div>\n                <div class=\"iconbox_content\">\n                                            <h5 style=\"color:#333333;\">Do\u011fal<\/h5>\n                                                            <div class=\"iconbox_text_content\">\n                        Tasar\u0131mlar\u0131m\u0131z, her a\u015famas\u0131nda denetimden ah\u015fapla do\u011fay\u0131 \u00e7ocuklar\u0131n oyun mekan\u0131na ta\u015f\u0131r. Bu a\u00e7\u0131dan \u00e7ocuklar\u0131n evlerde ya\u015farken ge\u00e7irdi\u011fi oyun s\u00fcrecinde ve dokundu\u011fu nesnelerde do\u011fan\u0131n bir par\u00e7as\u0131 oldu\u011funu hissetmesini sa\u011flar. Ayn\u0131 zamanda statik elektri\u011fi kendi b\u00fcnyesine \u00e7ekerek rahatl\u0131k ve dinlik halini sa\u011flamakta yard\u0131mc\u0131 olur.                    <\/div>\n                <\/div>\n            <\/div>\n        <\/div>\n        [\/vc_column][vc_column width=&#8221;1\/4&#8243;]        <div class=\"wpb_content_element\">\n            <div class=\"babystreet-iconbox  babystreet-clean-icon babystreet-image-icon\">\n                <div class=\"icon_wrapper\">\n                    <span class=\"icon_inner\">\n                        \t\t\t\t\t\t\t<img loading=\"lazy\" decoding=\"async\" width=\"60\" height=\"60\" src=\"https:\/\/toyzler.com\/tr\/wp-content\/uploads\/2024\/05\/shield-icon-60x60.png\" class=\"attachment-babystreet-widgets-thumb size-babystreet-widgets-thumb\" alt=\"G\u00fcvenli\" srcset=\"https:\/\/toyzler.com\/tr\/wp-content\/uploads\/2024\/05\/shield-icon-60x60.png 60w, https:\/\/toyzler.com\/tr\/wp-content\/uploads\/2024\/05\/shield-icon-300x300.png 300w, https:\/\/toyzler.com\/tr\/wp-content\/uploads\/2024\/05\/shield-icon-150x150.png 150w, https:\/\/toyzler.com\/tr\/wp-content\/uploads\/2024\/05\/shield-icon-100x100.png 100w, https:\/\/toyzler.com\/tr\/wp-content\/uploads\/2024\/05\/shield-icon.png 500w\" sizes=\"auto, (max-width: 60px) 100vw, 60px\" \/>                                            <\/span>\n                <\/div>\n                <div class=\"iconbox_content\">\n                                            <h5 style=\"color:#333333;\">G\u00fcvenli<\/h5>\n                                                            <div class=\"iconbox_text_content\">\n                        Hammadde a\u00e7\u0131s\u0131ndan zararl\u0131 hi\u00e7bir maddenin kullan\u0131lmad\u0131\u011f\u0131 \u00fcr\u00fcnler, tasar\u0131m\u0131yla da oyun g\u00fcvenli\u011fi sa\u011flar. \u00dcr\u00fcn her ne olursa olsun, yuvarlanm\u0131\u015f k\u00f6\u015felerle \u00e7ocuklar\u0131n oyunda zarar g\u00f6rme riskini minimuma indirir.                    <\/div>\n                <\/div>\n            <\/div>\n        <\/div>\n        [\/vc_column][vc_column width=&#8221;1\/4&#8243;]        <div class=\"wpb_content_element\">\n            <div class=\"babystreet-iconbox  babystreet-clean-icon babystreet-image-icon\">\n                <div class=\"icon_wrapper\">\n                    <span class=\"icon_inner\">\n                        \t\t\t\t\t\t\t<img loading=\"lazy\" decoding=\"async\" width=\"60\" height=\"60\" src=\"https:\/\/toyzler.com\/tr\/wp-content\/uploads\/2024\/05\/boy-icon-60x60.png\" class=\"attachment-babystreet-widgets-thumb size-babystreet-widgets-thumb\" alt=\"E\u011fitici\" srcset=\"https:\/\/toyzler.com\/tr\/wp-content\/uploads\/2024\/05\/boy-icon-60x60.png 60w, https:\/\/toyzler.com\/tr\/wp-content\/uploads\/2024\/05\/boy-icon-300x300.png 300w, https:\/\/toyzler.com\/tr\/wp-content\/uploads\/2024\/05\/boy-icon-150x150.png 150w, https:\/\/toyzler.com\/tr\/wp-content\/uploads\/2024\/05\/boy-icon-100x100.png 100w, https:\/\/toyzler.com\/tr\/wp-content\/uploads\/2024\/05\/boy-icon.png 500w\" sizes=\"auto, (max-width: 60px) 100vw, 60px\" \/>                                            <\/span>\n                <\/div>\n                <div class=\"iconbox_content\">\n                                            <h5 style=\"color:#333333;\">E\u011fitici<\/h5>\n                                                            <div class=\"iconbox_text_content\">\n                        Modern pedagojik ilkelerle uyumlu tasar\u0131mlar ger\u00e7ekle\u015ftirmek i\u00e7in farkl\u0131 disiplinlerin g\u00fcc\u00fcn\u00fc kullan\u0131r.                    <\/div>\n                <\/div>\n            <\/div>\n        <\/div>\n        [\/vc_column][vc_column width=&#8221;1\/4&#8243;]        <div class=\"wpb_content_element\">\n            <div class=\"babystreet-iconbox  babystreet-clean-icon babystreet-image-icon\">\n                <div class=\"icon_wrapper\">\n                    <span class=\"icon_inner\">\n                        \t\t\t\t\t\t\t<img loading=\"lazy\" decoding=\"async\" width=\"60\" height=\"60\" src=\"https:\/\/toyzler.com\/tr\/wp-content\/uploads\/2024\/05\/recycle-icon-60x60.png\" class=\"attachment-babystreet-widgets-thumb size-babystreet-widgets-thumb\" alt=\"S\u00fcrd\u00fcr\u00fclebilir\" srcset=\"https:\/\/toyzler.com\/tr\/wp-content\/uploads\/2024\/05\/recycle-icon-60x60.png 60w, https:\/\/toyzler.com\/tr\/wp-content\/uploads\/2024\/05\/recycle-icon-300x300.png 300w, https:\/\/toyzler.com\/tr\/wp-content\/uploads\/2024\/05\/recycle-icon-150x150.png 150w, https:\/\/toyzler.com\/tr\/wp-content\/uploads\/2024\/05\/recycle-icon-100x100.png 100w, https:\/\/toyzler.com\/tr\/wp-content\/uploads\/2024\/05\/recycle-icon.png 500w\" sizes=\"auto, (max-width: 60px) 100vw, 60px\" \/>                                            <\/span>\n                <\/div>\n                <div class=\"iconbox_content\">\n                                            <h5 style=\"color:#333333;\">S\u00fcrd\u00fcr\u00fclebilir<\/h5>\n                                                            <div class=\"iconbox_text_content\">\n                        Kaynaklar\u0131n s\u0131n\u0131rs\u0131z olmad\u0131\u011f\u0131n\u0131n bilinciyle; s\u00fcrd\u00fcr\u00fclebilirlik ve sorumlu \u00fcretim konusunda sertifikal\u0131 malzemelerle yap\u0131lan tasar\u0131mlar sunar. \u0130nsanlara, \u00e7evreye ve di\u011fer canl\u0131lara zarar vermeyen \u00fcr\u00fcnleri sizlerle bulu\u015fturur.                    <\/div>\n                <\/div>\n            <\/div>\n        <\/div>\n        [\/vc_column][\/vc_row][vc_row gap=&#8221;35&#8243; content_placement=&#8221;middle&#8221; css=&#8221;.vc_custom_1550319091054{margin-bottom: 0px !important;padding-top: 80px !important;padding-bottom: 80px !important;}&#8221;][vc_column][vc_column_text]<\/p>\n<h4><strong>Biz Kimiz?<\/strong><\/h4>\n<p>Farkl\u0131 disiplinlerde \u00e7al\u0131\u015fan; bilgilerini ve yarat\u0131c\u0131l\u0131klar\u0131n\u0131 \u00e7ocuklara g\u00fcvenli, e\u011fitici ve do\u011fal oyuncaklar sunmak i\u00e7in yollar\u0131 kesi\u015fen bir ekibiz. S\u00fcrd\u00fcr\u00fclebilirlik odakl\u0131 \u00e7al\u0131\u015f\u0131yoruz. \u00c7evreye, insanlara ve di\u011fer canl\u0131lara zarar vermeden de \u00fcretmenin m\u00fcmk\u00fcn oldu\u011funa inan\u0131yor, bu konuda \u00fclkemizde \u00f6nc\u00fc olma yolunda ilerliyoruz. \u00c7ocuklar\u0131n geleneksel e\u011fitim y\u00f6ntemlerinden ziyade yaparak ve e\u011flenerek \u00f6\u011frenmesini; aile ve ebeveynlerle kat\u0131 hiyerar\u015fik ili\u015fkiler yerine, \u00e7ocuklar\u0131n ba\u011f\u0131ms\u0131zl\u0131\u011f\u0131n\u0131n g\u00f6zetildi\u011fi, birlikte aktif zaman ge\u00e7irilen ili\u015fkileri destekleyecek \u00fcr\u00fcnler \u00fcretiyoruz.<\/p>\n<h4><strong>Her \u00e7ocu\u011fun i\u00e7inde ta\u015f\u0131d\u0131\u011f\u0131 farkl\u0131 d\u00fcnyalara sayg\u0131 duyuyoruz. <\/strong><\/h4>\n<p>\u00c7ocuklar da yeti\u015fkinler gibi birbirlerinden farkl\u0131 bireylerdir. \u0130lgi alanlar\u0131, becerileri ve \u00f6\u011frenme h\u0131zlar\u0131 de\u011fi\u015fkendir. \u00d6nemli olan, t\u00fcm \u00e7ocuklar\u0131n psikomotor, bili\u015fsel, sosyal- duygusal ve yarat\u0131c\u0131l\u0131k geli\u015fimini desteklemek i\u00e7in onlar\u0131n yan\u0131nda olmakt\u0131r.<\/p>\n<p>Pedagojik olarak modern Montessori e\u011fitimini destekliyor, farkl\u0131 geli\u015fim t\u00fcrlerine odaklanan, farkl\u0131 ilgi alanlar\u0131na hitap edebilecek \u00fcr\u00fcnler \u00fcretiyoruz.<\/p>\n<h4><strong>Ba\u015fka bir oyun m\u00fcmk\u00fcn, inan\u0131yoruz.<\/strong><\/h4>\n<p>Geleneksel olarak yap\u0131lan e\u011fitim ve oyunun s\u0131n\u0131rlar\u0131 keskin ayr\u0131m\u0131na inanm\u0131yor, bu ikisinin el ele y\u00fcr\u00fcyebilece\u011fine inan\u0131yoruz. \u00c7ocuklar oyunu ger\u00e7ekli\u011fin bir deneyimi olarak kurgular. Oyun oynarken sosyal hayat\u0131 prati\u011fe d\u00f6kerler. Bu nedenle, uygun \u015fartlarda, yarat\u0131c\u0131l\u0131k yeteneklerini, bili\u015fsel geli\u015fimlerini, motor hareketlerini ve sosyal- duygusal ba\u011flar\u0131n\u0131 oyunla geli\u015ftirebilirler.<\/p>\n<p>Biz de ebeveynlerin ve e\u011fitmenlerin yard\u0131m\u0131yla bu uygun \u015fartlar\u0131 sa\u011flamay\u0131 hedefliyoruz. \u00c7ocuklara pasif dinleyiciler olmaktan \u00e7\u0131kar\u0131p sizin rehberli\u011finiz ve g\u00f6zetiminiz alt\u0131nda aktif hayata kat\u0131lacak ko\u015fullar sunuyoruz. Kendi duyular\u0131 yoluyla, kendisi i\u00e7in \u00f6\u011frenmek, g\u00f6rmek ve yapmak isteyen \u00e7ocuklar\u0131n maceras\u0131na ortak olman\u0131z\u0131 istiyoruz. Pratik hayatta deneyerek, kat\u0131larak, tekrarlayarak, farkl\u0131 geli\u015fim alanlar\u0131n\u0131 destekleyen e\u011fitim anlay\u0131\u015f\u0131 sunuyoruz.<\/p>\n<h4><strong>Herkesin bildi\u011fi oyuncaklara bilimin g\u00fcc\u00fcn\u00fc kat\u0131yoruz.<\/strong><\/h4>\n<p>Asl\u0131nda, \u00e7ocuklar\u0131n hayat\u0131na daha \u00f6nce farkl\u0131 \u015fekillerde dahil olan oyuncaklar \u00fcretiyoruz. Ancak tasar\u0131mlarda farkl\u0131 disiplinlerden faydalan\u0131yor ve \u00e7ocuklara oyuncaklar\u0131n en do\u011fal halini sunuyoruz. \u00c7ocuklar\u0131n farkl\u0131 alanlarda ayn\u0131 anda geli\u015fimini sa\u011flamak i\u00e7in, birden fazla alana y\u00f6nelik \u00f6zellikleri bir oyuncakta toplayan ayr\u0131nt\u0131lara yer veriyoruz. T\u00fcm \u00f6l\u00e7\u00fcleri, renkleri, \u015fekilleri en k\u00fc\u00e7\u00fck ayr\u0131nt\u0131lara kadar tart\u0131\u015f\u0131yor; pedagojik olanla end\u00fcstriyel olan\u0131 birle\u015ftiriyoruz. B\u00f6ylece e\u011fitimin en e\u011flenceli ve en sade halini yarat\u0131yoruz.<\/p>\n<h4><strong>Do\u011fan\u0131n ge\u00e7mi\u015ften kalan bir miras de\u011fil, \u00e7ocuklara devredece\u011fimiz bir emanet oldu\u011funa inan\u0131yoruz.<\/strong><\/h4>\n<p>T\u00fcm tasar\u0131mlar\u0131m\u0131zda en do\u011fal materyalleri kullanmaya gayret ederken, kaynaklar\u0131n s\u0131n\u0131rl\u0131l\u0131\u011f\u0131n\u0131n bilinciyle hareket ediyoruz. Ah\u015fab\u0131n en do\u011fal halini \u00e7ocuklarla bulu\u015ftururken, t\u00fcm elde etme ve i\u015flenme dahil t\u00fcm s\u00fcre\u00e7lerde sorumlu \u00fcretimi destekliyoruz. Renkleri \u00e7ocuklar\u0131n d\u00fcnyas\u0131na katarken, \u00fcretim s\u00fcrecinde ve sonras\u0131nda; insanlara, \u00e7evreye ve di\u011fer canl\u0131lara zarar vermeyece\u011fini garantileyecek testleri tamaml\u0131yoruz. Ulusal ve uluslararas\u0131 normlar\u0131 takip ederek, t\u00fcm hammaddelerimizi, malzemelerimizi ve i\u015f s\u00fcrecimizi buna uygun olarak s\u00fcrd\u00fcr\u00fcyoruz.<\/p>\n<h4><strong>Farkl\u0131l\u0131klar\u0131m\u0131z zenginlik kat\u0131yor, payla\u015ft\u0131\u011f\u0131m\u0131z ortak de\u011ferlerimiz yolumuzu birle\u015ftiriyor.<\/strong><\/h4>\n<p>Her birimiz farkl\u0131 \u00f6zelliklere sahibiz. Farkl\u0131 m\u00fczikleri ve renkleri seviyor, farkl\u0131 disiplinlerden geliyor, kendimizi bamba\u015fka ifade ediyoruz. Bizi bir araya getiren, benimsedi\u011fimiz de\u011ferler ve motivasyonumuz. S\u00fcrd\u00fcr\u00fclebilir bir d\u00fcnyan\u0131n, \u00f6nce s\u00fcrd\u00fcr\u00fclebilir bir \u00fcretimden ge\u00e7ti\u011fine inan\u0131yor ve bunun i\u00e7in aktif rol al\u0131yoruz. Yeni fikirlerle birlikte heyecanlan\u0131yor, \u00f6\u011fretileri oyunlara, oyunlar\u0131 e\u011fitim materyallerine \u00e7eviriyoruz. Her a\u015famay\u0131 detayl\u0131ca planlarken, hedeflerimizi yerine getirene dek de\u011fi\u015fiklik yapmaktan \u00e7ekinmiyoruz.[\/vc_column_text][\/vc_column][\/vc_row]<\/p>\n<\/div>","protected":false},"excerpt":{"rendered":"<p>[vc_row gap=&#8221;35&#8243; content_placement=&#8221;middle&#8221; css=&#8221;.vc_custom_1550319091054{margin-bottom: 0px !important;padding-top: 80px !important;padding-bottom: 80px !important;}&#8221;][vc_column width=&#8221;1\/2&#8243;][vc_single_image image=&#8221;2009&#8243; img_size=&#8221;650&#215;450&#8243; style=&#8221;vc_box_rounded&#8221; css=&#8221;.vc_custom_1550330082628{margin-bottom: 0px !important;}&#8221;][\/vc_column][vc_column width=&#8221;1\/2&#8243;][vc_column_text css=&#8221;.vc_custom_1698749192902{margin-bottom: 15px !important;}&#8221;]\u201cTek ba\u015f\u0131ma yapabilmem i\u00e7in bana yard\u0131m et. Ve nas\u0131l yap\u0131ld\u0131\u011f\u0131n\u0131 bana g\u00f6ster. Bunu benim i\u00e7in yapma. Kendim yapabilirim ve yapmak isterim. Bana nas\u0131l yapaca\u011f\u0131m\u0131 \u00f6\u011fretirken sabret. Bu belki uzun s\u00fcrebilir. Ve belki daha uzun zamana&#8230;<a class=\"r_more_blog\" href=\"https:\/\/toyzler.com\/tr\/hakkimizda\/#more-2181\"> continue reading<\/a><\/p>\n","protected":false},"author":1,"featured_media":0,"parent":0,"menu_order":0,"comment_status":"closed","ping_status":"closed","template":"","meta":{"footnotes":""},"class_list":["post-2181","page","type-page","status-publish","hentry"],"_links":{"self":[{"href":"https:\/\/toyzler.com\/tr\/wp-json\/wp\/v2\/pages\/2181","targetHints":{"allow":["GET"]}}],"collection":[{"href":"https:\/\/toyzler.com\/tr\/wp-json\/wp\/v2\/pages"}],"about":[{"href":"https:\/\/toyzler.com\/tr\/wp-json\/wp\/v2\/types\/page"}],"author":[{"embeddable":true,"href":"https:\/\/toyzler.com\/tr\/wp-json\/wp\/v2\/users\/1"}],"replies":[{"embeddable":true,"href":"https:\/\/toyzler.com\/tr\/wp-json\/wp\/v2\/comments?post=2181"}],"version-history":[{"count":0,"href":"https:\/\/toyzler.com\/tr\/wp-json\/wp\/v2\/pages\/2181\/revisions"}],"wp:attachment":[{"href":"https:\/\/toyzler.com\/tr\/wp-json\/wp\/v2\/media?parent=2181"}],"curies":[{"name":"wp","href":"https:\/\/api.w.org\/{rel}","templated":true}]}}